{"id":1353,"date":"2022-02-01T00:05:45","date_gmt":"2022-02-01T00:05:45","guid":{"rendered":"https:\/\/uygarmicoogullari.com.tr\/?page_id=1353"},"modified":"2022-02-01T00:09:01","modified_gmt":"2022-02-01T00:09:01","slug":"ablatif-tedaviler","status":"publish","type":"page","link":"https:\/\/uygarmicoogullari.com.tr\/en\/ablatif-tedaviler\/","title":{"rendered":"Ablative Treatments"},"content":{"rendered":"<div data-elementor-type=\"wp-page\" data-elementor-id=\"1353\" class=\"elementor elementor-1353\" data-elementor-post-type=\"page\">\n\t\t\t\t\t\t<section class=\"elementor-section elementor-top-section elementor-element elementor-element-53a3f6f elementor-section-height-min-height elementor-section-boxed elementor-section-height-default elementor-section-items-middle\" data-id=\"53a3f6f\" data-element_type=\"section\" data-settings=\"{&quot;background_background&quot;:&quot;classic&quot;}\">\n\t\t\t\t\t\t\t<div class=\"elementor-background-overlay\"><\/div>\n\t\t\t\t\t\t\t<div class=\"elementor-container elementor-column-gap-default\">\n\t\t\t\t\t<div class=\"elementor-column elementor-col-100 elementor-top-column elementor-element elementor-element-f4dcfef\" data-id=\"f4dcfef\" data-element_type=\"column\">\n\t\t\t<div class=\"elementor-widget-wrap elementor-element-populated\">\n\t\t\t\t\t\t<div class=\"elementor-element elementor-element-264c8b0 elementor-widget elementor-widget-heading\" data-id=\"264c8b0\" data-element_type=\"widget\" data-widget_type=\"heading.default\">\n\t\t\t\t<div class=\"elementor-widget-container\">\n\t\t\t\t\t<h1 class=\"elementor-heading-title elementor-size-default\">Ablative Treatments<\/h1>\t\t\t\t<\/div>\n\t\t\t\t<\/div>\n\t\t\t\t\t<\/div>\n\t\t<\/div>\n\t\t\t\t\t<\/div>\n\t\t<\/section>\n\t\t\t\t<section class=\"elementor-section elementor-top-section elementor-element elementor-element-d460360 elementor-section-boxed elementor-section-height-default elementor-section-height-default\" data-id=\"d460360\" data-element_type=\"section\">\n\t\t\t\t\t\t<div class=\"elementor-container elementor-column-gap-default\">\n\t\t\t\t\t<div class=\"elementor-column elementor-col-100 elementor-top-column elementor-element elementor-element-5347401\" data-id=\"5347401\" data-element_type=\"column\">\n\t\t\t<div class=\"elementor-widget-wrap elementor-element-populated\">\n\t\t\t\t\t\t<div class=\"elementor-element elementor-element-49fa099 elementor-widget elementor-widget-heading\" data-id=\"49fa099\" data-element_type=\"widget\" data-widget_type=\"heading.default\">\n\t\t\t\t<div class=\"elementor-widget-container\">\n\t\t\t\t\t<h2 class=\"elementor-heading-title elementor-size-default\"><b>Ablasyon Tedavisi\n<\/b><\/h2>\t\t\t\t<\/div>\n\t\t\t\t<\/div>\n\t\t\t\t<div class=\"elementor-element elementor-element-813a733 elementor-widget elementor-widget-image\" data-id=\"813a733\" data-element_type=\"widget\" data-widget_type=\"image.default\">\n\t\t\t\t<div class=\"elementor-widget-container\">\n\t\t\t\t\t\t\t\t\t\t\t\t\t\t\t<img fetchpriority=\"high\" decoding=\"async\" width=\"814\" height=\"350\" src=\"https:\/\/uygarmicoogullari.com.tr\/wp-content\/uploads\/2022\/01\/Transu\u0308retral-Prostat-Rezeksiyonu-TUR-P--e1643673550282.jpg\" class=\"attachment-full size-full wp-image-1346\" alt=\"\" srcset=\"https:\/\/uygarmicoogullari.com.tr\/wp-content\/uploads\/2022\/01\/Transu\u0308retral-Prostat-Rezeksiyonu-TUR-P--e1643673550282.jpg 814w, https:\/\/uygarmicoogullari.com.tr\/wp-content\/uploads\/2022\/01\/Transu\u0308retral-Prostat-Rezeksiyonu-TUR-P--e1643673550282-300x129.jpg 300w, https:\/\/uygarmicoogullari.com.tr\/wp-content\/uploads\/2022\/01\/Transu\u0308retral-Prostat-Rezeksiyonu-TUR-P--e1643673550282-768x330.jpg 768w\" sizes=\"(max-width: 814px) 100vw, 814px\" \/>\t\t\t\t\t\t\t\t\t\t\t\t\t\t\t<\/div>\n\t\t\t\t<\/div>\n\t\t\t\t\t<\/div>\n\t\t<\/div>\n\t\t\t\t\t<\/div>\n\t\t<\/section>\n\t\t\t\t<section class=\"elementor-section elementor-top-section elementor-element elementor-element-95835e7 elementor-section-boxed elementor-section-height-default elementor-section-height-default\" data-id=\"95835e7\" data-element_type=\"section\">\n\t\t\t\t\t\t<div class=\"elementor-container elementor-column-gap-default\">\n\t\t\t\t\t<div class=\"elementor-column elementor-col-100 elementor-top-column elementor-element elementor-element-a581a63\" data-id=\"a581a63\" data-element_type=\"column\">\n\t\t\t<div class=\"elementor-widget-wrap elementor-element-populated\">\n\t\t\t\t\t\t<div class=\"elementor-element elementor-element-f5d5138 elementor-widget elementor-widget-text-editor\" data-id=\"f5d5138\" data-element_type=\"widget\" data-widget_type=\"text-editor.default\">\n\t\t\t\t<div class=\"elementor-widget-container\">\n\t\t\t\t\t\t\t\t\t<p>Prostate enlargement is the most common prostate disease seen in one third of men over the age of 50 in Turkey.  <\/p>\n<p>Non-surgical micro-operation for prostate enlargement<br>Prostate enlargement is one of the most dangerous disorders that men face. Prostate enlargement, which is a nightmare for men, can progress to advanced stages and cause much bigger problems if left untreated. \u2018Prostate laser ablation treatment\u2019, a micro-invasive technique that is considered to be one of the most up-to-date treatment methods applied in the treatment of prostate enlargement and is performed without surgery, has begun to be applied in Turkey.<\/p>\n<p><img decoding=\"async\" src=\"https:\/\/i4.hurimg.com\/i\/hurriyet\/75\/770x0\/60c3c2fb7af507430c55fd0d.jpg\" alt=\"Prostat b\u00fcy\u00fcmesine ameliyats\u0131z mikro i\u015flem\"><br><\/p>\n<h4><b><u><br>\nELIMINATES RISKS<\/u><\/b><\/h4>\n<p><\/p>\n<p>In treatment, drug therapy is primarily used, but if the symptoms cannot be relieved with medication, surgery is used. In surgery, open prostatectomy has been performed in the past years. Later, this technique has evolved and differentiated itself. The difficulty of prostate surgery and the problems experienced by patients have caused the science of urology to evolve continuously, and endoscopic surgery and minimally invasive surgical techniques have begun to be used. In recent years, micro-invasive treatment, which is currently being implemented in Turkey, has been developed.<br>Bu tedavide idrar kanal\u0131n\u0131n kullan\u0131lmamas\u0131, \u00f6ncelikle idrar kanal\u0131ndan kaynaklanan t\u0131kan\u0131kl\u0131k, enfeksiyon ve cinsel fonksiyonlar\u0131n zarar g\u00f6rmesi gibi riskleri b\u00fcy\u00fck oranda ortadan kald\u0131rmaktad\u0131r. Bu belki de prostat lazer ablasyon tedavisinde bir avantajd\u0131r.<\/p>\n<h4><b><u>SIDE EFFECTS ARE LOW<\/u><\/b><\/h4>\n<p>The patient's expectations and age are important criteria. Not every prostate enlargement requires treatment. In general, the patient is given drug treatment. However, side effects may occur with long-term drug use. For example, erection problems and ejaculation disorders may occur. For such reasons, drug treatment may be abandoned. When planning treatment, all conditions should be evaluated in detail. Urinary tract stenosis is a negative clinical condition that a man may experience. Again, ejaculation disorders and erectile dysfunction should also be evaluated in treatment planning. When considering possible side effects such as these, prostate laser ablation treatment is preferred due to its low side effects.<\/p>\n<p><br><\/p>\n<h4><b><u>THERE IS NO PAIN OR SCARS<\/u><\/b><\/h4>\n<p>Prostate patients are concerned about the risk of bleeding, sexual dysfunction and urinary incontinence. Bleeding during surgery and the risk of urethral stricture are concerns. Therefore, treatment should eliminate these concerns. Prostate laser ablation largely eliminates these concerns. Treatment is advantageous for the elderly patient group who cannot receive anesthesia. It is also an advantage that there is usually no pain or scarring. Treatment does not need to be in the operating room. This also creates a positive effect on the patient's psychology. It is also an advantage for the patient to return to work in a short time.<br>Especially these days when the impact of the pandemic continues, not requiring a hospital stay or staying in hospital for a short period of time helps prevent the risk of contamination and infection.<\/p>\n<p><br><\/p>\n<h4><u><b>THE PROCESS TAKES 30 MINUTES<\/b><\/u><\/h4>\n<div><u><b><br><\/b><\/u><\/div>\n<p>The trend in medicine, including urology, is towards minimally invasive treatments. The development of technology, people communicating more with each other, and the increase in research and communication opportunities have also triggered the development of different treatment methods. Fewer incisions on the skin, fewer hospital stays, and returning to work in a short time are priorities for today's patients. As humanity accelerates, the health sector also accelerates. When looked at by physicians, prostate laser ablation is considered easy to apply. The application of ablation needles to the skin takes 5-10 minutes, and the bilateral laser procedure takes approximately 14 minutes. It is a procedure that takes a maximum of 30 minutes in total.<\/p>\t\t\t\t\t\t\t\t<\/div>\n\t\t\t\t<\/div>\n\t\t\t\t\t<\/div>\n\t\t<\/div>\n\t\t\t\t\t<\/div>\n\t\t<\/section>\n\t\t\t\t<\/div>","protected":false},"excerpt":{"rendered":"<p>Ablatif Tedaviler Ablasyon Tedavisi T\u00fcrkiye\u2019de \u00f6zellikle 50 ya\u015f \u00fcst\u00fc erkeklerin \u00fc\u00e7te birinde g\u00f6r\u00fclen prostat hastal\u0131klar\u0131 aras\u0131nda en s\u0131k kar\u015f\u0131la\u015f\u0131lan\u0131 prostat b\u00fcy\u00fcmesidir. Prostat b\u00fcy\u00fcmesine ameliyats\u0131z mikro i\u015flemProstat b\u00fcy\u00fcmesi, erkeklerin kar\u015f\u0131la\u015ft\u0131\u011f\u0131 en tehlikeli rahats\u0131zl\u0131klardand\u0131r. Erkeklerin k\u00e2busu olan prostat b\u00fcy\u00fcmesi, tedavi edilmemesi halinde ileri safhalara ta\u015f\u0131narak \u00e7ok daha b\u00fcy\u00fck sorunlara neden olabilmektedir. Prostat b\u00fcy\u00fcmesi tedavisinde uygulanan en g\u00fcncel [&hellip;]<\/p>","protected":false},"author":1,"featured_media":0,"parent":0,"menu_order":0,"comment_status":"closed","ping_status":"closed","template":"","meta":{"footnotes":""},"class_list":["post-1353","page","type-page","status-publish","hentry"],"aioseo_notices":[],"_links":{"self":[{"href":"https:\/\/uygarmicoogullari.com.tr\/en\/wp-json\/wp\/v2\/pages\/1353","targetHints":{"allow":["GET"]}}],"collection":[{"href":"https:\/\/uygarmicoogullari.com.tr\/en\/wp-json\/wp\/v2\/pages"}],"about":[{"href":"https:\/\/uygarmicoogullari.com.tr\/en\/wp-json\/wp\/v2\/types\/page"}],"author":[{"embeddable":true,"href":"https:\/\/uygarmicoogullari.com.tr\/en\/wp-json\/wp\/v2\/users\/1"}],"replies":[{"embeddable":true,"href":"https:\/\/uygarmicoogullari.com.tr\/en\/wp-json\/wp\/v2\/comments?post=1353"}],"version-history":[{"count":0,"href":"https:\/\/uygarmicoogullari.com.tr\/en\/wp-json\/wp\/v2\/pages\/1353\/revisions"}],"wp:attachment":[{"href":"https:\/\/uygarmicoogullari.com.tr\/en\/wp-json\/wp\/v2\/media?parent=1353"}],"curies":[{"name":"wp","href":"https:\/\/api.w.org\/{rel}","templated":true}]}}