{"id":1364,"date":"2022-02-01T00:18:57","date_gmt":"2022-02-01T00:18:57","guid":{"rendered":"https:\/\/uygarmicoogullari.com.tr\/?page_id=1364"},"modified":"2022-04-18T12:05:34","modified_gmt":"2022-04-18T12:05:34","slug":"ilacla-prostat-tedavisi","status":"publish","type":"page","link":"https:\/\/uygarmicoogullari.com.tr\/en\/ilacla-prostat-tedavisi\/","title":{"rendered":"\u0130la\u00e7la Prostat Tedavisi"},"content":{"rendered":"<div data-elementor-type=\"wp-page\" data-elementor-id=\"1364\" class=\"elementor elementor-1364\" data-elementor-post-type=\"page\">\n\t\t\t\t\t\t<section class=\"elementor-section elementor-top-section elementor-element elementor-element-e4b5931 elementor-section-height-min-height elementor-section-boxed elementor-section-height-default elementor-section-items-middle\" data-id=\"e4b5931\" data-element_type=\"section\" data-settings=\"{&quot;background_background&quot;:&quot;classic&quot;}\">\n\t\t\t\t\t\t\t<div class=\"elementor-background-overlay\"><\/div>\n\t\t\t\t\t\t\t<div class=\"elementor-container elementor-column-gap-default\">\n\t\t\t\t\t<div class=\"elementor-column elementor-col-100 elementor-top-column elementor-element elementor-element-a5f40e7\" data-id=\"a5f40e7\" data-element_type=\"column\">\n\t\t\t<div class=\"elementor-widget-wrap elementor-element-populated\">\n\t\t\t\t\t\t<div class=\"elementor-element elementor-element-84852f8 elementor-widget elementor-widget-heading\" data-id=\"84852f8\" data-element_type=\"widget\" data-widget_type=\"heading.default\">\n\t\t\t\t<div class=\"elementor-widget-container\">\n\t\t\t\t\t<h1 class=\"elementor-heading-title elementor-size-default\"> Drug Treatment for Benign Prostatic Hyperplasia (BPH)<\/h1>\t\t\t\t<\/div>\n\t\t\t\t<\/div>\n\t\t\t\t\t<\/div>\n\t\t<\/div>\n\t\t\t\t\t<\/div>\n\t\t<\/section>\n\t\t\t\t<section class=\"elementor-section elementor-top-section elementor-element elementor-element-f16f027 elementor-section-boxed elementor-section-height-default elementor-section-height-default\" data-id=\"f16f027\" data-element_type=\"section\">\n\t\t\t\t\t\t<div class=\"elementor-container elementor-column-gap-default\">\n\t\t\t\t\t<div class=\"elementor-column elementor-col-100 elementor-top-column elementor-element elementor-element-c4b42af\" data-id=\"c4b42af\" data-element_type=\"column\">\n\t\t\t<div class=\"elementor-widget-wrap elementor-element-populated\">\n\t\t\t\t\t\t<div class=\"elementor-element elementor-element-f9409f9 elementor-widget elementor-widget-heading\" data-id=\"f9409f9\" data-element_type=\"widget\" data-widget_type=\"heading.default\">\n\t\t\t\t<div class=\"elementor-widget-container\">\n\t\t\t\t\t<h2 class=\"elementor-heading-title elementor-size-default\"><b>\u0130yi Huylu Prostat B\u00fcy\u00fcmesi (BPH)\n\n\n<\/b><\/h2>\t\t\t\t<\/div>\n\t\t\t\t<\/div>\n\t\t\t\t<div class=\"elementor-element elementor-element-d4947ce elementor-widget elementor-widget-video\" data-id=\"d4947ce\" data-element_type=\"widget\" data-settings=\"{&quot;video_type&quot;:&quot;vimeo&quot;,&quot;autoplay&quot;:&quot;yes&quot;,&quot;play_on_mobile&quot;:&quot;yes&quot;,&quot;mute&quot;:&quot;yes&quot;}\" data-widget_type=\"video.default\">\n\t\t\t\t<div class=\"elementor-widget-container\">\n\t\t\t\t\t\t\t<div class=\"elementor-wrapper elementor-open-inline\">\n\t\t\t<iframe class=\"elementor-video-iframe\" allowfullscreen allow=\"autoplay\" title=\"vimeo Video Player\" src=\"https:\/\/player.vimeo.com\/video\/700419060?autoplay=1&amp;playsinline=1&amp;color&amp;autopause=0&amp;loop=0&amp;muted=1&amp;title=1&amp;portrait=1&amp;byline=1#t=\"><\/iframe>\t\t<\/div>\n\t\t\t\t\t\t<\/div>\n\t\t\t\t<\/div>\n\t\t\t\t<div class=\"elementor-element elementor-element-49e7a8e elementor-widget elementor-widget-image\" data-id=\"49e7a8e\" data-element_type=\"widget\" data-widget_type=\"image.default\">\n\t\t\t\t<div class=\"elementor-widget-container\">\n\t\t\t\t\t\t\t\t\t\t\t\t\t\t\t<img fetchpriority=\"high\" decoding=\"async\" width=\"403\" height=\"282\" src=\"https:\/\/uygarmicoogullari.com.tr\/wp-content\/uploads\/2022\/02\/iyi-huylu-prostat-buyumesi-ilac-tedavisi-2-1.jpg\" class=\"attachment-full size-full wp-image-1366\" alt=\"\" srcset=\"https:\/\/uygarmicoogullari.com.tr\/wp-content\/uploads\/2022\/02\/iyi-huylu-prostat-buyumesi-ilac-tedavisi-2-1.jpg 403w, https:\/\/uygarmicoogullari.com.tr\/wp-content\/uploads\/2022\/02\/iyi-huylu-prostat-buyumesi-ilac-tedavisi-2-1-300x210.jpg 300w\" sizes=\"(max-width: 403px) 100vw, 403px\" \/>\t\t\t\t\t\t\t\t\t\t\t\t\t\t\t<\/div>\n\t\t\t\t<\/div>\n\t\t\t\t\t<\/div>\n\t\t<\/div>\n\t\t\t\t\t<\/div>\n\t\t<\/section>\n\t\t\t\t<section class=\"elementor-section elementor-top-section elementor-element elementor-element-0d60017 elementor-section-boxed elementor-section-height-default elementor-section-height-default\" data-id=\"0d60017\" data-element_type=\"section\">\n\t\t\t\t\t\t<div class=\"elementor-container elementor-column-gap-default\">\n\t\t\t\t\t<div class=\"elementor-column elementor-col-100 elementor-top-column elementor-element elementor-element-86660ce\" data-id=\"86660ce\" data-element_type=\"column\">\n\t\t\t<div class=\"elementor-widget-wrap elementor-element-populated\">\n\t\t\t\t\t\t<div class=\"elementor-element elementor-element-d609c0b elementor-widget elementor-widget-text-editor\" data-id=\"d609c0b\" data-element_type=\"widget\" data-widget_type=\"text-editor.default\">\n\t\t\t\t<div class=\"elementor-widget-container\">\n\t\t\t\t\t\t\t\t\t<p><\/p>\n<h2><b><u>Prostat nedir?<\/u><\/b><\/h2>\n<p>Prostat alt idrar yollar\u0131nda, mesanenin (idrar kesesi) alt k\u0131sm\u0131nda, \u00fcretran\u0131n (mesane \u00e7\u0131k\u0131\u015f\u0131nda bulunan idrar kanal\u0131) etraf\u0131na yerle\u015fmi\u015f bir bezdir. Yaln\u0131zca erkeklerde bulunur. Menide bulunan bir s\u0131v\u0131 salg\u0131lar.<br>Sa\u011fl\u0131kl\u0131 bir prostat, yakla\u015f\u0131k olarak iri bir ceviz b\u00fcy\u00fckl\u00fc\u011f\u00fcndedir ve hacmi 15-25ml\u2019dir. Erkekler ya\u015fland\u0131k\u00e7a prostat da yava\u015f bir \u015fekilde b\u00fcy\u00fcr.<\/p>\n<p><br><\/p>\n<h2><b><u>\u0130yi huylu prostat b\u00fcy\u00fcmesi<\/u><\/b><\/h2>\n<p>\nProstat hastal\u0131klar\u0131 genellikle ilerleyen ya\u015flarda ortaya \u00e7\u0131kar. Elli ya\u015f \u00fcst\u00fcndeki erkeklerde alt idrar yollar\u0131nda rahats\u0131z edici belirtilere yol a\u00e7arlar. Bu belirtiler daha s\u0131kl\u0131kla iyi huylu  prostat b\u00fcy\u00fcmesi olarak bilinen bir hastal\u0131k olan prostat\u0131n b\u00fcy\u00fcmesinden kaynaklan\u0131r. Ba\u015fka \u015fartlar da bu \u015fikayetlere yol a\u00e7abilir ve doktorunuz bunlar\u0131 g\u00f6z \u00f6n\u00fcnde bulundurur.<\/p>\n<p>\u0130yi huylu prostat b\u00fcy\u00fcmesi s\u0131k g\u00f6r\u00fclen bir durumdur. Ya\u015flanmayla birlikte erkeklerde olu\u015fan hormonal de\u011fi\u015fikliklerle ili\u015fkilidir. BPH, normal idrar yapma bi\u00e7iminizi etkileyebilir ve ya\u015fam kaliteniz \u00fczerinde olumsuz bir etki yaparak alt idrar yolu semptomlar\u0131na yol a\u00e7abilir. \u00dcrolojide en s\u0131k tan\u0131 konulan hastal\u0131kt\u0131r.<\/p>\n<p>Prostat hastal\u0131klar\u0131 \u00e7ok endi\u015fe verici olabilir ancak BPH\u2019n\u0131n prostat kanseri olmad\u0131\u011f\u0131n\u0131n bilinmesi \u00f6nemlidir. BPH tedavi edilmedi\u011fi durumda bile prostat kanserine d\u00f6n\u00fc\u015fmez. Ancak iyi huylu prostat b\u00fcy\u00fcmesi ve prostat kanseri ya\u015fla birlikte geli\u015febilir ve beraber g\u00f6r\u00fclebilir. Endi\u015felerinizi gidermek i\u00e7in \u00fcrolo\u011funuza dan\u0131\u015fmal\u0131s\u0131n\u0131z.<\/p>\n<p><img decoding=\"async\" src=\"https:\/\/www.fatihatug.com\/images\/stories\/normal_idrar_akimi.jpg\" alt=\"normal_idrar_akimi\"><br><\/p>\n<p><\/p>\n<h2><b><u>\u0130yi huylu prostat b\u00fcy\u00fcmesi belirtileri<\/u><\/b><\/h2>\n<p>\u0130yi huylu prostat b\u00fcy\u00fcmesi (BPH) normal idrar yapt\u0131\u011f\u0131n\u0131z yolu etkileyebilir. Bu, b\u00fcy\u00fcyen prostat\u0131n, mesane \u00e7\u0131k\u0131\u015f\u0131nda idrar yoluna bask\u0131 yapmas\u0131 nedeniyle ortaya \u00e7\u0131kar.<\/p>\n<p>Belirtiler bazen hafif olabilir. \u00d6rne\u011fin daha s\u0131k idrar yapma ihtiyac\u0131 hissedersiniz veya mesanenizi tam bo\u015faltman\u0131z g\u00fc\u00e7le\u015febilir. Bu hafif belirtiler ya\u015flanma s\u00fcrecinin hareket haf\u0131za ve esneklikteki azalma gibi normal bir par\u00e7as\u0131 olabilir. Doktorunuz bu hafif belirtileriniz i\u00e7in tedavi \u00f6nermeyebilir.<\/p>\n<p>Belirtiler bazen \u00e7ok rahats\u0131z edici olabilir ve ya\u015fam kalitenizi olumsuz etkileyebilir. Bu durumda tedaviden yarar g\u00f6rebilirsiniz.<br>Genellikle alt idrar yolu semptomlar\u0131 olarak adland\u0131r\u0131lan bu semptomlar\u0131n nedeni \u00e7o\u011fu zaman BPH olabilir ve bo\u015faltma sistemini etkileyen di\u011fer \u015fartlardan kaynaklanabilir.<\/p>\n<p><img decoding=\"async\" src=\"https:\/\/sinanekici.com.tr\/uploads\/2021\/01\/iyi-huylu-prostat-buyumesi-icin-ilac-tedavileri-1-768x384-724x394.webp\" alt=\"\u0130yi Huylu Prostat B\u00fcy\u00fcmesi \u0130\u00e7in \u0130la\u00e7 Tedavileri\"><br><\/p>\n<p><\/p>\n<h2><b><u>\u0130yi Huylu Prostat B\u00fcy\u00fcmesi i\u00e7in \u0130la\u00e7 Tedavisi<\/u><\/b><\/h2>\n<p>\u0130yi huylu prostat b\u00fcy\u00fcmesi tan\u0131s\u0131 konulan hastalara ila\u00e7 tedavisi \u00f6nerilir. Bu tedavi, belirtiler rahats\u0131z edici d\u00fczeyde oldu\u011fu ve ya\u015fam kalitesini etkiledi\u011fi zaman \u00f6nerilir.<\/p>\n<p>BPH ile ili\u015fkili belirtilerin tedavisinde \u00e7e\u015fitli ila\u00e7 gruplar\u0131 kullan\u0131l\u0131r:<br>Bitkisel ila\u00e7lar<br>Alfa-blokerler<br>5 Alfa-red\u00fcktaz inhibit\u00f6rleri (5ARI)<br>Muskarinik resept\u00f6r antagonistleri (MRA)<br>Fosfodiesteraz 5 inhibit\u00f6rleri (PDE5)<br>Bu ila\u00e7lar\u0131n kombinasyonlar\u0131<br>Her bir grup ila\u00e7 farkl\u0131 bir yoldan etkisini g\u00f6sterir ve farkl\u0131 etki ve yan etkilere sahiptirler.<\/p>\n<p><br><\/p>\n<p><\/p>\n<h3><b><u>Bitkisel \u0130la\u00e7lar<\/u><\/b><\/h3>\n<p>Kabak \u00e7ekirde\u011fi, G\u00fcney Afrika y\u0131ld\u0131z otu, Afrika ku\u015f \u00fcz\u00fcm\u00fc \u00c7avdar poleni bu gruptaki ila\u00e7lardand\u0131r. Ne kadar etkin olduklar\u0131 da net de\u011fildir. \u00c7ok fazla say\u0131da bitkisel ila\u00e7 oldu\u011fu i\u00e7in, kullan\u0131mlar\u0131 konusunda \u00f6zel bir \u00f6neri yap\u0131lamaz. Doktorunuzun tavsiyesini almadan bitkisel ila\u00e7 kullanmamal\u0131s\u0131n\u0131z.<\/p>\n<p><br><\/p>\n<p><\/p>\n<h3><b><u>Alfa-blokerler<\/u><\/b><\/h3>\n<p>Alfa-blokerler, prostat\u0131n d\u00fcz kaslar\u0131n\u0131 gev\u015feterek belirtileri ve idrar ak\u0131\u015f\u0131n\u0131 iyile\u015ftiren bir grup ila\u00e7t\u0131r. BPH\u2019si olan erkeklere en s\u0131k \u00f6nerilen ila\u00e7 grubudur.<\/p>\n<p>Alfuzosin, Doxazosin, Tamsulosin, Terazosin, Silodosin bu gruptaki ila\u00e7lardand\u0131r.<\/p>\n<p>\u0130la\u00e7lar tam etkilerini genellikle birka\u00e7 haftada g\u00f6sterir. Alfa-blokerler prostat\u0131n boyutunu k\u00fc\u00e7\u00fcltmez veya b\u00fcy\u00fcmesini \u00f6nlemez. Baz\u0131 hastalar sonu\u00e7ta belirtilerinin giderilmesi i\u00e7in cerrahi m\u00fcdahaleye ihtiya\u00e7 duyacakt\u0131r.<\/p>\n<p>Alfa-blokerlerin yan etkileri hafiftir ve uzun s\u00fcre kullan\u0131lmalar\u0131na ra\u011fmen \u00e7o\u011fu hastada herhangi bir yan etki ortaya \u00e7\u0131kmaz. Yan etki g\u00f6zlenen hastalar g\u00fc\u00e7s\u00fczl\u00fck (asteni), ba\u015f d\u00f6nmesi ve hafif d\u00fc\u015f\u00fck kan bas\u0131nc\u0131 (hipotansiyon) bildirmektedir.<\/p>\n<p>Alfa-bloker ayr\u0131ca retrograd ejak\u00fclasyona (meninin idrar kesesine bo\u015falmas\u0131)  yol a\u00e7abilir. Bu s\u0131k olmayan bir yan etkidir ve tedavi sonland\u0131r\u0131ld\u0131\u011f\u0131 zaman kaybolacakt\u0131r.<\/p>\n<p><img decoding=\"async\" src=\"https:\/\/sinanekici.com.tr\/uploads\/2021\/01\/iyi-huylu-prostat-buyumesi-ilac-tedavisi-2.jpg\"><br><\/p>\n<p><\/p>\n<h3><b><u>5 Alfa-red\u00fcktaz inhibit\u00f6rleri<\/u><\/b><\/h3>\n<p>5 alfa-red\u00fcktaz inhibit\u00f6rleri (5ARI) prostat\u0131n b\u00fcy\u00fcmesini \u00f6nleyen ve hatta k\u00fc\u00e7\u00fclmesine sebep olabilen bir grup ila\u00e7t\u0131r. Bu ila\u00e7lar prostat 40 mililitreden b\u00fcy\u00fckse daha etkindir ve prostat b\u00fcy\u00fcmesi rahats\u0131z edici belirtilere sebep oldu\u011fu zaman re\u00e7eteyle verilir. Bu ila\u00e7lar \u00fcriner retansiyon riskini ve cerrahi m\u00fcdahale gereksinimini azaltabilir. Belirtileri d\u00fczeltmesi \u00e7ok uzun zaman alaca\u011f\u0131 i\u00e7in, 5ARI, 1 y\u0131ldan uzun s\u00fcren tedavilerde \u00f6nerilir.<\/p>\n<p>2 t\u00fcr 5ARI bulunur ve hepsi de benzer sonu\u00e7lar verir: Dutasterid ve  Finasterid<br>Bu ila\u00e7lar\u0131n yan etkileri esas olarak cinsel fonksiyonlar ile ilgilidir. Bunlar ili\u015fkinin s\u00fcrd\u00fcr\u00fclmesinde azalma, erektil disfonksiyon (sertle\u015fme bozuku\u011fu) ve bo\u015falma problemleridir. Yan etkiler \u00e7ok s\u0131k de\u011fildir ve tedavinin kesilmesi ile kaybolur. 5ARI kullan\u0131m\u0131n\u0131n prostat kanseri riskini art\u0131rabilece\u011fine dair kan\u0131tlar bulunmaktad\u0131r. 5ARI yan etkilerinden dolay\u0131 genellikle orta veya \u015fiddetli belirtileri olan hastalara \u00f6nerilir.<\/p>\n<p><img decoding=\"async\" src=\"https:\/\/sinanekici.com.tr\/uploads\/2021\/01\/iyi-huylu-prostat-buyumesi-ilac-tedavisi-2-1.jpg\"><br><\/p>\n<p><\/p>\n<h3><b><u>Muskarinik resept\u00f6r antagonistleri<\/u><\/b><\/h3>\n<p>Muskarinik resept\u00f6r antagonistleri (MRA) mesanenin anormal kas\u0131lmalar\u0131n\u0131 azaltan bir grup ila\u00e7t\u0131r. Erkeklerde BPH\u2019den kaynaklanan s\u0131k\u0131\u015fma belirtilerine kar\u015f\u0131 fayda sa\u011flayabilir. Mesane tam olarak bo\u015falam\u0131yorsa ve idrar yapma sonras\u0131 mesanede \u00e7ok fazla idrar kal\u0131yorsa bu ila\u00e7lar genellikle re\u00e7ete edilmez. Birka\u00e7 MRA tipi vard\u0131r:<\/p>\n<p>Darifenasin Fesoterodin Oxibutinin Propiverin Solifenasin Tolterodin ve Tropisyum klorid bu gruptaki ila\u00e7lardand\u0131r.<\/p>\n<p>MRA\u2019nin yan etkileri genelde hafiftir. Bunlar a\u011f\u0131zda ve g\u00f6zde kuruluk, kab\u0131zl\u0131k, idrar yapma g\u00fc\u00e7l\u00fc\u011f\u00fc, so\u011fuk alg\u0131nl\u0131\u011f\u0131 belirtileri, bulan\u0131k g\u00f6rme, ba\u015f d\u00f6nmesidir.<\/p>\n<p><br><\/p>\n<p>Fosfodiesteraz 5 inhibit\u00f6rleri<br>Fosfodiesteraz 5 inhibit\u00f6rleri (PDE5I) erektil disfonksiyonun  tedavisinde kullan\u0131lan ila\u00e7lard\u0131r. Bu ila\u00e7lar ayr\u0131ca BPH ile ili\u015fkili belirtileri de iyile\u015ftirebilir. PDE5I\u2019nin 3 tipi vard\u0131r: Sildenafil Tadalafil Vardenafil<\/p>\n<p>Erektil disfonksiyonu olan erkeklerin yan\u0131 s\u0131ra prostat b\u00fcy\u00fcmesi belirtileri olan erkekler de PDE5I ile tedaviden fayda g\u00f6rebilirler.<\/p>\n<p>PDE5I\u2019ler ba\u015f a\u011fr\u0131s\u0131, ba\u015f d\u00f6nmesi, haz\u0131ms\u0131zl\u0131k gibi yan etkilere sebep olabilir. PDE5I\u2019lerinin alfa-blokerlerden doxazosin veya terazosin gibi baz\u0131 ila\u00e7larla kullan\u0131lmamal\u0131d\u0131r. \u00d6zellikle kalp sorunlar\u0131 olan erkeklerde de kullan\u0131m\u0131 ciddi sorunlara yol a\u00e7abilir.<\/p>\n<p>Kontrol edilemeyen tansiyon problemi olan veya b\u00f6brek yetmezli\u011fi olan erkeklerde  kullanmamal\u0131d\u0131r. PE5I kullan\u0131m\u0131 sonras\u0131 g\u00f6rme kayb\u0131 ya\u015farsan\u0131z, doktorunuza dan\u0131\u015f\u0131n\u0131z.<\/p>\n<p>PDE5I\u2019lerin yan etkileri ve kullan\u0131lmamalar\u0131 gereken durmlar hakk\u0131ndaki \u015f\u00fcphelerinizle ilgili olarak mutlaka doktorunuza dan\u0131\u015f\u0131n\u0131z.<\/p>\n<p><br><\/p>\n<p><\/p>\n<h4><u>\u0130la\u00e7 Kombinasyonlar\u0131<\/u><\/h4>\n<p>Doktorunuz size bir ila\u00e7 kombinasyonu \u00f6nerebilir. En s\u0131k kullan\u0131lan kombinasyonlar:<br>Alfa-bloker ile 5ARI<br>Alfa-bloker ile MRA<br>Bu tedavilerin amac\u0131 her iki ilac\u0131n yarar\u0131n\u0131n kombine edilmesidir. Birlikte kullan\u0131ld\u0131klar\u0131 zaman bu ila\u00e7lar daha etkin olabilir. Ancak s\u0131kl\u0131kla daha fazla yan etkiye sebep olabilir. Her ilac\u0131n yan etkilerinden \u00f6nceki k\u0131s\u0131mlarda bahsedilmi\u015ftir. Kombinasyon tedavisi orta veya \u015fiddetli belirtileri olan erkeklerde \u00f6nerilir.<\/p>\t\t\t\t\t\t\t\t<\/div>\n\t\t\t\t<\/div>\n\t\t\t\t\t<\/div>\n\t\t<\/div>\n\t\t\t\t\t<\/div>\n\t\t<\/section>\n\t\t\t\t<\/div>","protected":false},"excerpt":{"rendered":"<p>\u0130yi Huylu Prostat B\u00fcy\u00fcmesinde (BPH) \u0130la\u00e7 Tedavisi \u0130yi Huylu Prostat B\u00fcy\u00fcmesi (BPH) Prostat nedir? Prostat alt idrar yollar\u0131nda, mesanenin (idrar kesesi) alt k\u0131sm\u0131nda, \u00fcretran\u0131n (mesane \u00e7\u0131k\u0131\u015f\u0131nda bulunan idrar kanal\u0131) etraf\u0131na yerle\u015fmi\u015f bir bezdir. Yaln\u0131zca erkeklerde bulunur. Menide bulunan bir s\u0131v\u0131 salg\u0131lar.Sa\u011fl\u0131kl\u0131 bir prostat, yakla\u015f\u0131k olarak iri bir ceviz b\u00fcy\u00fckl\u00fc\u011f\u00fcndedir ve hacmi 15-25ml\u2019dir. Erkekler ya\u015fland\u0131k\u00e7a prostat [&hellip;]<\/p>","protected":false},"author":1,"featured_media":0,"parent":0,"menu_order":0,"comment_status":"closed","ping_status":"closed","template":"","meta":{"footnotes":""},"class_list":["post-1364","page","type-page","status-publish","hentry"],"aioseo_notices":[],"_links":{"self":[{"href":"https:\/\/uygarmicoogullari.com.tr\/en\/wp-json\/wp\/v2\/pages\/1364","targetHints":{"allow":["GET"]}}],"collection":[{"href":"https:\/\/uygarmicoogullari.com.tr\/en\/wp-json\/wp\/v2\/pages"}],"about":[{"href":"https:\/\/uygarmicoogullari.com.tr\/en\/wp-json\/wp\/v2\/types\/page"}],"author":[{"embeddable":true,"href":"https:\/\/uygarmicoogullari.com.tr\/en\/wp-json\/wp\/v2\/users\/1"}],"replies":[{"embeddable":true,"href":"https:\/\/uygarmicoogullari.com.tr\/en\/wp-json\/wp\/v2\/comments?post=1364"}],"version-history":[{"count":0,"href":"https:\/\/uygarmicoogullari.com.tr\/en\/wp-json\/wp\/v2\/pages\/1364\/revisions"}],"wp:attachment":[{"href":"https:\/\/uygarmicoogullari.com.tr\/en\/wp-json\/wp\/v2\/media?parent=1364"}],"curies":[{"name":"wp","href":"https:\/\/api.w.org\/{rel}","templated":true}]}}