{"id":1413,"date":"2022-02-01T01:02:04","date_gmt":"2022-02-01T01:02:04","guid":{"rendered":"https:\/\/uygarmicoogullari.com.tr\/?page_id=1413"},"modified":"2022-02-01T01:03:34","modified_gmt":"2022-02-01T01:03:34","slug":"gental-sigil-kondilom-ve-hpv","status":"publish","type":"page","link":"https:\/\/uygarmicoogullari.com.tr\/en\/gental-sigil-kondilom-ve-hpv\/","title":{"rendered":"Genital Warts (Condyloma) and HPV"},"content":{"rendered":"<div data-elementor-type=\"wp-page\" data-elementor-id=\"1413\" class=\"elementor elementor-1413\" data-elementor-post-type=\"page\">\n\t\t\t\t\t\t<section class=\"elementor-section elementor-top-section elementor-element elementor-element-dfbc929 elementor-section-height-min-height elementor-section-boxed elementor-section-height-default elementor-section-items-middle\" data-id=\"dfbc929\" data-element_type=\"section\" data-settings=\"{&quot;background_background&quot;:&quot;classic&quot;}\">\n\t\t\t\t\t\t\t<div class=\"elementor-background-overlay\"><\/div>\n\t\t\t\t\t\t\t<div class=\"elementor-container elementor-column-gap-default\">\n\t\t\t\t\t<div class=\"elementor-column elementor-col-100 elementor-top-column elementor-element elementor-element-ab81d24\" data-id=\"ab81d24\" data-element_type=\"column\">\n\t\t\t<div class=\"elementor-widget-wrap elementor-element-populated\">\n\t\t\t\t\t\t<div class=\"elementor-element elementor-element-7c86661 elementor-widget elementor-widget-heading\" data-id=\"7c86661\" data-element_type=\"widget\" data-widget_type=\"heading.default\">\n\t\t\t\t<div class=\"elementor-widget-container\">\n\t\t\t\t\t<h1 class=\"elementor-heading-title elementor-size-default\">Genital Warts (Condyloma) and HPV\n\n<\/h1>\t\t\t\t<\/div>\n\t\t\t\t<\/div>\n\t\t\t\t\t<\/div>\n\t\t<\/div>\n\t\t\t\t\t<\/div>\n\t\t<\/section>\n\t\t\t\t<section class=\"elementor-section elementor-top-section elementor-element elementor-element-8ac9f3d elementor-section-boxed elementor-section-height-default elementor-section-height-default\" data-id=\"8ac9f3d\" data-element_type=\"section\">\n\t\t\t\t\t\t<div class=\"elementor-container elementor-column-gap-default\">\n\t\t\t\t\t<div class=\"elementor-column elementor-col-100 elementor-top-column elementor-element elementor-element-3da2795\" data-id=\"3da2795\" data-element_type=\"column\">\n\t\t\t<div class=\"elementor-widget-wrap elementor-element-populated\">\n\t\t\t\t\t\t<div class=\"elementor-element elementor-element-8280967 elementor-widget elementor-widget-image\" data-id=\"8280967\" data-element_type=\"widget\" data-widget_type=\"image.default\">\n\t\t\t\t<div class=\"elementor-widget-container\">\n\t\t\t\t\t\t\t\t\t\t\t\t\t\t\t<img fetchpriority=\"high\" decoding=\"async\" width=\"1000\" height=\"400\" src=\"https:\/\/uygarmicoogullari.com.tr\/wp-content\/uploads\/2022\/02\/HPV-VE-Genital-Sig\u0306il-Kondilom.jpg\" class=\"attachment-full size-full wp-image-1426\" alt=\"\" srcset=\"https:\/\/uygarmicoogullari.com.tr\/wp-content\/uploads\/2022\/02\/HPV-VE-Genital-Sig\u0306il-Kondilom.jpg 1000w, https:\/\/uygarmicoogullari.com.tr\/wp-content\/uploads\/2022\/02\/HPV-VE-Genital-Sig\u0306il-Kondilom-300x120.jpg 300w, https:\/\/uygarmicoogullari.com.tr\/wp-content\/uploads\/2022\/02\/HPV-VE-Genital-Sig\u0306il-Kondilom-768x307.jpg 768w\" sizes=\"(max-width: 1000px) 100vw, 1000px\" \/>\t\t\t\t\t\t\t\t\t\t\t\t\t\t\t<\/div>\n\t\t\t\t<\/div>\n\t\t\t\t<div class=\"elementor-element elementor-element-81f3346 elementor-widget elementor-widget-heading\" data-id=\"81f3346\" data-element_type=\"widget\" data-widget_type=\"heading.default\">\n\t\t\t\t<div class=\"elementor-widget-container\">\n\t\t\t\t\t<span class=\"elementor-heading-title elementor-size-default\">In a hygienic clinical environment, we offer the most effective and comfortable treatment options for genital warts using laser, cauterization, and cryotherapy methods.\n\n<\/span>\t\t\t\t<\/div>\n\t\t\t\t<\/div>\n\t\t\t\t\t<\/div>\n\t\t<\/div>\n\t\t\t\t\t<\/div>\n\t\t<\/section>\n\t\t\t\t<section class=\"elementor-section elementor-top-section elementor-element elementor-element-64a1552 elementor-section-boxed elementor-section-height-default elementor-section-height-default\" data-id=\"64a1552\" data-element_type=\"section\">\n\t\t\t\t\t\t<div class=\"elementor-container elementor-column-gap-default\">\n\t\t\t\t\t<div class=\"elementor-column elementor-col-50 elementor-top-column elementor-element elementor-element-64b6d4d\" data-id=\"64b6d4d\" data-element_type=\"column\">\n\t\t\t<div class=\"elementor-widget-wrap elementor-element-populated\">\n\t\t\t\t\t\t<div class=\"elementor-element elementor-element-ce78de2 elementor-widget elementor-widget-image\" data-id=\"ce78de2\" data-element_type=\"widget\" data-widget_type=\"image.default\">\n\t\t\t\t<div class=\"elementor-widget-container\">\n\t\t\t\t\t\t\t\t\t\t\t\t\t\t\t<img decoding=\"async\" width=\"624\" height=\"415\" src=\"https:\/\/uygarmicoogullari.com.tr\/wp-content\/uploads\/2022\/02\/genital-sig\u0306il-go\u0308ru\u0308ntu\u0308su\u0308.jpg\" class=\"attachment-full size-full wp-image-1424\" alt=\"\" srcset=\"https:\/\/uygarmicoogullari.com.tr\/wp-content\/uploads\/2022\/02\/genital-sig\u0306il-go\u0308ru\u0308ntu\u0308su\u0308.jpg 624w, https:\/\/uygarmicoogullari.com.tr\/wp-content\/uploads\/2022\/02\/genital-sig\u0306il-go\u0308ru\u0308ntu\u0308su\u0308-300x200.jpg 300w\" sizes=\"(max-width: 624px) 100vw, 624px\" \/>\t\t\t\t\t\t\t\t\t\t\t\t\t\t\t<\/div>\n\t\t\t\t<\/div>\n\t\t\t\t\t<\/div>\n\t\t<\/div>\n\t\t\t\t<div class=\"elementor-column elementor-col-50 elementor-top-column elementor-element elementor-element-015e220\" data-id=\"015e220\" data-element_type=\"column\">\n\t\t\t<div class=\"elementor-widget-wrap elementor-element-populated\">\n\t\t\t\t\t\t<div class=\"elementor-element elementor-element-c293cf0 elementor-widget elementor-widget-heading\" data-id=\"c293cf0\" data-element_type=\"widget\" data-widget_type=\"heading.default\">\n\t\t\t\t<div class=\"elementor-widget-container\">\n\t\t\t\t\t<h2 class=\"elementor-heading-title elementor-size-default\">Genital Warts<\/h2>\t\t\t\t<\/div>\n\t\t\t\t<\/div>\n\t\t\t\t<div class=\"elementor-element elementor-element-95e2732 elementor-widget elementor-widget-text-editor\" data-id=\"95e2732\" data-element_type=\"widget\" data-widget_type=\"text-editor.default\">\n\t\t\t\t<div class=\"elementor-widget-container\">\n\t\t\t\t\t\t\t\t\tThe causative agent for \u201cGenital Warts (Condyloma)\u201d seen in both men and women is HPV (Human Papilloma Virus) and constitutes the most common sexually transmitted disease group in the world and in our country. More than thirty types of HPV infect the genital system, but visible lesions (warts) are most commonly caused by HPV Types 6 and 11. Indolent strains such as Types 16 and 18 are most responsible for HPV-related cancers (cervix, penis, anal cancers).\n\n\t\t\t\t\t\t\t\t<\/div>\n\t\t\t\t<\/div>\n\t\t\t\t\t<\/div>\n\t\t<\/div>\n\t\t\t\t\t<\/div>\n\t\t<\/section>\n\t\t\t\t<section class=\"elementor-section elementor-top-section elementor-element elementor-element-e54cba8 elementor-section-boxed elementor-section-height-default elementor-section-height-default\" data-id=\"e54cba8\" data-element_type=\"section\">\n\t\t\t\t\t\t<div class=\"elementor-container elementor-column-gap-default\">\n\t\t\t\t\t<div class=\"elementor-column elementor-col-50 elementor-top-column elementor-element elementor-element-c256e9b\" data-id=\"c256e9b\" data-element_type=\"column\">\n\t\t\t<div class=\"elementor-widget-wrap elementor-element-populated\">\n\t\t\t\t\t\t<div class=\"elementor-element elementor-element-2b9b6fb elementor-widget elementor-widget-heading\" data-id=\"2b9b6fb\" data-element_type=\"widget\" data-widget_type=\"heading.default\">\n\t\t\t\t<div class=\"elementor-widget-container\">\n\t\t\t\t\t<h2 class=\"elementor-heading-title elementor-size-default\">How Is It Transmitted?\n<\/h2>\t\t\t\t<\/div>\n\t\t\t\t<\/div>\n\t\t\t\t<div class=\"elementor-element elementor-element-ff04f02 elementor-widget elementor-widget-text-editor\" data-id=\"ff04f02\" data-element_type=\"widget\" data-widget_type=\"text-editor.default\">\n\t\t\t\t<div class=\"elementor-widget-container\">\n\t\t\t\t\t\t\t\t\t\"Genital warts are most commonly transmitted through sexual contact (vaginal, oral, or anal). However, transmission without sexual contact is also possible\u2014such as through hand-to-genital contact, sharing razors or underwear, or from mother to baby during childbirth.\n\n\t\t\t\t\t\t\t\t<\/div>\n\t\t\t\t<\/div>\n\t\t\t\t<div class=\"elementor-element elementor-element-c455d7d elementor-widget elementor-widget-heading\" data-id=\"c455d7d\" data-element_type=\"widget\" data-widget_type=\"heading.default\">\n\t\t\t\t<div class=\"elementor-widget-container\">\n\t\t\t\t\t<h2 class=\"elementor-heading-title elementor-size-default\">When Do Symptoms Appear?\n<\/h2>\t\t\t\t<\/div>\n\t\t\t\t<\/div>\n\t\t\t\t<div class=\"elementor-element elementor-element-8d0435d elementor-widget elementor-widget-text-editor\" data-id=\"8d0435d\" data-element_type=\"widget\" data-widget_type=\"text-editor.default\">\n\t\t\t\t<div class=\"elementor-widget-container\">\n\t\t\t\t\t\t\t\t\t\"In the majority of cases (approximately 70%), the infection remains silent (asymptomatic) and does not cause any noticeable symptoms. The incubation period\u2014the time between transmission and the appearance of lesions\u2014ranges from 3 weeks to 8 months.\t\t\t\t\t\t\t\t<\/div>\n\t\t\t\t<\/div>\n\t\t\t\t\t<\/div>\n\t\t<\/div>\n\t\t\t\t<div class=\"elementor-column elementor-col-50 elementor-top-column elementor-element elementor-element-29e5cf5\" data-id=\"29e5cf5\" data-element_type=\"column\">\n\t\t\t<div class=\"elementor-widget-wrap elementor-element-populated\">\n\t\t\t\t\t\t<div class=\"elementor-element elementor-element-36a9dbf elementor-widget elementor-widget-image\" data-id=\"36a9dbf\" data-element_type=\"widget\" data-widget_type=\"image.default\">\n\t\t\t\t<div class=\"elementor-widget-container\">\n\t\t\t\t\t\t\t\t\t\t\t\t\t\t\t<img decoding=\"async\" width=\"1000\" height=\"667\" src=\"https:\/\/uygarmicoogullari.com.tr\/wp-content\/uploads\/2022\/02\/genital-sig\u0306il-hpv-kondilom.jpg\" class=\"attachment-full size-full wp-image-1422\" alt=\"\" srcset=\"https:\/\/uygarmicoogullari.com.tr\/wp-content\/uploads\/2022\/02\/genital-sig\u0306il-hpv-kondilom.jpg 1000w, https:\/\/uygarmicoogullari.com.tr\/wp-content\/uploads\/2022\/02\/genital-sig\u0306il-hpv-kondilom-300x200.jpg 300w, https:\/\/uygarmicoogullari.com.tr\/wp-content\/uploads\/2022\/02\/genital-sig\u0306il-hpv-kondilom-768x512.jpg 768w\" sizes=\"(max-width: 1000px) 100vw, 1000px\" \/>\t\t\t\t\t\t\t\t\t\t\t\t\t\t\t<\/div>\n\t\t\t\t<\/div>\n\t\t\t\t\t<\/div>\n\t\t<\/div>\n\t\t\t\t\t<\/div>\n\t\t<\/section>\n\t\t\t\t<section class=\"elementor-section elementor-top-section elementor-element elementor-element-6cc290e elementor-section-boxed elementor-section-height-default elementor-section-height-default\" data-id=\"6cc290e\" data-element_type=\"section\">\n\t\t\t\t\t\t<div class=\"elementor-container elementor-column-gap-default\">\n\t\t\t\t\t<div class=\"elementor-column elementor-col-50 elementor-top-column elementor-element elementor-element-1c6bdb3\" data-id=\"1c6bdb3\" data-element_type=\"column\">\n\t\t\t<div class=\"elementor-widget-wrap elementor-element-populated\">\n\t\t\t\t\t\t<div class=\"elementor-element elementor-element-3ea3c7d elementor-widget elementor-widget-image\" data-id=\"3ea3c7d\" data-element_type=\"widget\" data-widget_type=\"image.default\">\n\t\t\t\t<div class=\"elementor-widget-container\">\n\t\t\t\t\t\t\t\t\t\t\t\t\t\t\t<img loading=\"lazy\" decoding=\"async\" width=\"1440\" height=\"603\" src=\"https:\/\/uygarmicoogullari.com.tr\/wp-content\/uploads\/2022\/02\/genital-sig\u0306il-tedavi-yo\u0308ntemleri.jpg\" class=\"attachment-full size-full wp-image-1421\" alt=\"\" srcset=\"https:\/\/uygarmicoogullari.com.tr\/wp-content\/uploads\/2022\/02\/genital-sig\u0306il-tedavi-yo\u0308ntemleri.jpg 1440w, https:\/\/uygarmicoogullari.com.tr\/wp-content\/uploads\/2022\/02\/genital-sig\u0306il-tedavi-yo\u0308ntemleri-300x126.jpg 300w, https:\/\/uygarmicoogullari.com.tr\/wp-content\/uploads\/2022\/02\/genital-sig\u0306il-tedavi-yo\u0308ntemleri-1024x429.jpg 1024w, https:\/\/uygarmicoogullari.com.tr\/wp-content\/uploads\/2022\/02\/genital-sig\u0306il-tedavi-yo\u0308ntemleri-768x322.jpg 768w\" sizes=\"(max-width: 1440px) 100vw, 1440px\" \/>\t\t\t\t\t\t\t\t\t\t\t\t\t\t\t<\/div>\n\t\t\t\t<\/div>\n\t\t\t\t\t<\/div>\n\t\t<\/div>\n\t\t\t\t<div class=\"elementor-column elementor-col-50 elementor-top-column elementor-element elementor-element-9251af8\" data-id=\"9251af8\" data-element_type=\"column\">\n\t\t\t<div class=\"elementor-widget-wrap elementor-element-populated\">\n\t\t\t\t\t\t<div class=\"elementor-element elementor-element-1d9984f elementor-widget elementor-widget-heading\" data-id=\"1d9984f\" data-element_type=\"widget\" data-widget_type=\"heading.default\">\n\t\t\t\t<div class=\"elementor-widget-container\">\n\t\t\t\t\t<h2 class=\"elementor-heading-title elementor-size-default\">How is the diagnosis made?\n<\/h2>\t\t\t\t<\/div>\n\t\t\t\t<\/div>\n\t\t\t\t<div class=\"elementor-element elementor-element-da4df0a elementor-widget elementor-widget-text-editor\" data-id=\"da4df0a\" data-element_type=\"widget\" data-widget_type=\"text-editor.default\">\n\t\t\t\t<div class=\"elementor-widget-container\">\n\t\t\t\t\t\t\t\t\t\"Diagnosis is typically made by observing papillomatous (cauliflower-like), brown or reddish lesions. In patients without visible lesions, application of 3% to 5% acetic acid to the genital area can reveal condylomas as white patches. HPV DNA testing can be used for subtyping, although it is not commonly performed. Routine biopsy of warts is not generally recommended. However, biopsy is advised in cases of atypical appearance\u2014such as pigmented, firm, or ulcerated lesions\u2014as well as in immunocompromised patients or in lesions that do not resolve after treatment.\t\t\t\t\t\t\t\t<\/div>\n\t\t\t\t<\/div>\n\t\t\t\t\t<\/div>\n\t\t<\/div>\n\t\t\t\t\t<\/div>\n\t\t<\/section>\n\t\t\t\t<section class=\"elementor-section elementor-top-section elementor-element elementor-element-1acf26f elementor-section-boxed elementor-section-height-default elementor-section-height-default\" data-id=\"1acf26f\" data-element_type=\"section\">\n\t\t\t\t\t\t<div class=\"elementor-container elementor-column-gap-default\">\n\t\t\t\t\t<div class=\"elementor-column elementor-col-50 elementor-top-column elementor-element elementor-element-3ab461a\" data-id=\"3ab461a\" data-element_type=\"column\">\n\t\t\t<div class=\"elementor-widget-wrap elementor-element-populated\">\n\t\t\t\t\t\t<div class=\"elementor-element elementor-element-2717b81 elementor-widget elementor-widget-heading\" data-id=\"2717b81\" data-element_type=\"widget\" data-widget_type=\"heading.default\">\n\t\t\t\t<div class=\"elementor-widget-container\">\n\t\t\t\t\t<h2 class=\"elementor-heading-title elementor-size-default\">Who Should Receive the HPV Vaccine?\n<\/h2>\t\t\t\t<\/div>\n\t\t\t\t<\/div>\n\t\t\t\t<div class=\"elementor-element elementor-element-ee8435e elementor-widget elementor-widget-text-editor\" data-id=\"ee8435e\" data-element_type=\"widget\" data-widget_type=\"text-editor.default\">\n\t\t\t\t<div class=\"elementor-widget-container\">\n\t\t\t\t\t\t\t\t\tThe HPV vaccine is recommended for both males and females, typically starting at ages 9 to 12. It can be administered up to age 26 for those who did not receive it earlier. In some cases, individuals between the ages of 27 and 45 may also consider vaccination after discussing it with their healthcare provider. The vaccine helps prevent HPV-related cancers and genital warts.\t\t\t\t\t\t\t\t<\/div>\n\t\t\t\t<\/div>\n\t\t\t\t\t<\/div>\n\t\t<\/div>\n\t\t\t\t<div class=\"elementor-column elementor-col-50 elementor-top-column elementor-element elementor-element-fd2d554\" data-id=\"fd2d554\" data-element_type=\"column\">\n\t\t\t<div class=\"elementor-widget-wrap elementor-element-populated\">\n\t\t\t\t\t\t<div class=\"elementor-element elementor-element-110167e elementor-widget elementor-widget-image\" data-id=\"110167e\" data-element_type=\"widget\" data-widget_type=\"image.default\">\n\t\t\t\t<div class=\"elementor-widget-container\">\n\t\t\t\t\t\t\t\t\t\t\t\t\t\t\t<img loading=\"lazy\" decoding=\"async\" width=\"1000\" height=\"789\" src=\"https:\/\/uygarmicoogullari.com.tr\/wp-content\/uploads\/2022\/02\/kondilom-dokusu.jpg\" class=\"attachment-full size-full wp-image-1419\" alt=\"\" srcset=\"https:\/\/uygarmicoogullari.com.tr\/wp-content\/uploads\/2022\/02\/kondilom-dokusu.jpg 1000w, https:\/\/uygarmicoogullari.com.tr\/wp-content\/uploads\/2022\/02\/kondilom-dokusu-300x237.jpg 300w, https:\/\/uygarmicoogullari.com.tr\/wp-content\/uploads\/2022\/02\/kondilom-dokusu-768x606.jpg 768w\" sizes=\"(max-width: 1000px) 100vw, 1000px\" \/>\t\t\t\t\t\t\t\t\t\t\t\t\t\t\t<\/div>\n\t\t\t\t<\/div>\n\t\t\t\t\t<\/div>\n\t\t<\/div>\n\t\t\t\t\t<\/div>\n\t\t<\/section>\n\t\t\t\t<section class=\"elementor-section elementor-top-section elementor-element elementor-element-1ba6917 elementor-section-boxed elementor-section-height-default elementor-section-height-default\" data-id=\"1ba6917\" data-element_type=\"section\">\n\t\t\t\t\t\t<div class=\"elementor-container elementor-column-gap-default\">\n\t\t\t\t\t<div class=\"elementor-column elementor-col-50 elementor-top-column elementor-element elementor-element-f3dd647\" data-id=\"f3dd647\" data-element_type=\"column\">\n\t\t\t<div class=\"elementor-widget-wrap elementor-element-populated\">\n\t\t\t\t\t\t<div class=\"elementor-element elementor-element-f47586b elementor-widget elementor-widget-image\" data-id=\"f47586b\" data-element_type=\"widget\" data-widget_type=\"image.default\">\n\t\t\t\t<div class=\"elementor-widget-container\">\n\t\t\t\t\t\t\t\t\t\t\t\t\t\t\t<img loading=\"lazy\" decoding=\"async\" width=\"864\" height=\"864\" src=\"https:\/\/uygarmicoogullari.com.tr\/wp-content\/uploads\/2022\/02\/genital-sig\u0306il-hpv-kondilom-nedir.jpg\" class=\"attachment-full size-full wp-image-1423\" alt=\"\" srcset=\"https:\/\/uygarmicoogullari.com.tr\/wp-content\/uploads\/2022\/02\/genital-sig\u0306il-hpv-kondilom-nedir.jpg 864w, https:\/\/uygarmicoogullari.com.tr\/wp-content\/uploads\/2022\/02\/genital-sig\u0306il-hpv-kondilom-nedir-300x300.jpg 300w, https:\/\/uygarmicoogullari.com.tr\/wp-content\/uploads\/2022\/02\/genital-sig\u0306il-hpv-kondilom-nedir-150x150.jpg 150w, https:\/\/uygarmicoogullari.com.tr\/wp-content\/uploads\/2022\/02\/genital-sig\u0306il-hpv-kondilom-nedir-768x768.jpg 768w\" sizes=\"(max-width: 864px) 100vw, 864px\" \/>\t\t\t\t\t\t\t\t\t\t\t\t\t\t\t<\/div>\n\t\t\t\t<\/div>\n\t\t\t\t\t<\/div>\n\t\t<\/div>\n\t\t\t\t<div class=\"elementor-column elementor-col-50 elementor-top-column elementor-element elementor-element-f909f0f\" data-id=\"f909f0f\" data-element_type=\"column\">\n\t\t\t<div class=\"elementor-widget-wrap elementor-element-populated\">\n\t\t\t\t\t\t<div class=\"elementor-element elementor-element-93f010e elementor-widget elementor-widget-heading\" data-id=\"93f010e\" data-element_type=\"widget\" data-widget_type=\"heading.default\">\n\t\t\t\t<div class=\"elementor-widget-container\">\n\t\t\t\t\t<h2 class=\"elementor-heading-title elementor-size-default\">How Is It Treated?\n<\/h2>\t\t\t\t<\/div>\n\t\t\t\t<\/div>\n\t\t\t\t<div class=\"elementor-element elementor-element-5d71806 elementor-widget elementor-widget-text-editor\" data-id=\"5d71806\" data-element_type=\"widget\" data-widget_type=\"text-editor.default\">\n\t\t\t\t<div class=\"elementor-widget-container\">\n\t\t\t\t\t\t\t\t\tThere is no treatment that can completely eliminate or clear HPV infection from the body. However, 90% of the infections will resolve spontaneously within two years. Strengthening the immune system can increase the chance of the virus being cleared from the body. Even though the virus cannot be eradicated, genital warts can be removed using various methods. If left untreated, these warts may grow and multiply in clusters.\n\nTreatment options include:\n\nCauterization or laser therapy to burn off the lesions\n\nCryotherapy to freeze the genital warts\n\nSurgical excision of the genital warts\n\nWomen with genital warts should be screened for cervical cancer. Similarly, patients at risk with anal warts (e.g., HIV-positive, transplant recipients) should undergo regular anal cytology screening. Individuals with lesions in the urethra or penis should be examined endoscopically for potential involvement of the urethra or bladder.\t\t\t\t\t\t\t\t<\/div>\n\t\t\t\t<\/div>\n\t\t\t\t\t<\/div>\n\t\t<\/div>\n\t\t\t\t\t<\/div>\n\t\t<\/section>\n\t\t\t\t<\/div>","protected":false},"excerpt":{"rendered":"<p>Gental Si\u011fil (Kondilom) ve HPV Hijyenik muayenehane ortam\u0131nda, genital si\u011fillere lazer, koter ve kriyo y\u00f6ntemleri ile en etkili ve konforlu \u00e7\u00f6z\u00fcm \u00f6nerilerini sunuyoruz. Genital Si\u011filler Hem erkeklerde hem de kad\u0131nlarda g\u00f6r\u00fclen \u201cGenital Si\u011filler (Kondilom)\u201d i\u00e7in etken ajan HPV (Human Papilloma Vir\u00fcs) olup, d\u00fcnya genelinde ve \u00fclkemizde cinsel yolla bula\u015fan en s\u0131k hastal\u0131k grubunu olu\u015fturmaktad\u0131r. HPV\u2019nin [&hellip;]<\/p>","protected":false},"author":1,"featured_media":0,"parent":0,"menu_order":0,"comment_status":"closed","ping_status":"closed","template":"","meta":{"footnotes":""},"class_list":["post-1413","page","type-page","status-publish","hentry"],"aioseo_notices":[],"_links":{"self":[{"href":"https:\/\/uygarmicoogullari.com.tr\/en\/wp-json\/wp\/v2\/pages\/1413","targetHints":{"allow":["GET"]}}],"collection":[{"href":"https:\/\/uygarmicoogullari.com.tr\/en\/wp-json\/wp\/v2\/pages"}],"about":[{"href":"https:\/\/uygarmicoogullari.com.tr\/en\/wp-json\/wp\/v2\/types\/page"}],"author":[{"embeddable":true,"href":"https:\/\/uygarmicoogullari.com.tr\/en\/wp-json\/wp\/v2\/users\/1"}],"replies":[{"embeddable":true,"href":"https:\/\/uygarmicoogullari.com.tr\/en\/wp-json\/wp\/v2\/comments?post=1413"}],"version-history":[{"count":0,"href":"https:\/\/uygarmicoogullari.com.tr\/en\/wp-json\/wp\/v2\/pages\/1413\/revisions"}],"wp:attachment":[{"href":"https:\/\/uygarmicoogullari.com.tr\/en\/wp-json\/wp\/v2\/media?parent=1413"}],"curies":[{"name":"wp","href":"https:\/\/api.w.org\/{rel}","templated":true}]}}