{"id":1436,"date":"2022-02-01T01:08:24","date_gmt":"2022-02-01T01:08:24","guid":{"rendered":"https:\/\/uygarmicoogullari.com.tr\/?page_id=1436"},"modified":"2022-02-01T01:14:29","modified_gmt":"2022-02-01T01:14:29","slug":"penil-protez-uygulamasi","status":"publish","type":"page","link":"https:\/\/uygarmicoogullari.com.tr\/en\/penil-protez-uygulamasi\/","title":{"rendered":"Penile Prosthesis Application"},"content":{"rendered":"<div data-elementor-type=\"wp-page\" data-elementor-id=\"1436\" class=\"elementor elementor-1436\" data-elementor-post-type=\"page\">\n\t\t\t\t\t\t<section class=\"elementor-section elementor-top-section elementor-element elementor-element-4aa32be elementor-section-height-min-height elementor-section-boxed elementor-section-height-default elementor-section-items-middle\" data-id=\"4aa32be\" data-element_type=\"section\" data-settings=\"{&quot;background_background&quot;:&quot;classic&quot;}\">\n\t\t\t\t\t\t\t<div class=\"elementor-background-overlay\"><\/div>\n\t\t\t\t\t\t\t<div class=\"elementor-container elementor-column-gap-default\">\n\t\t\t\t\t<div class=\"elementor-column elementor-col-100 elementor-top-column elementor-element elementor-element-3e9e5e7\" data-id=\"3e9e5e7\" data-element_type=\"column\">\n\t\t\t<div class=\"elementor-widget-wrap elementor-element-populated\">\n\t\t\t\t\t\t<div class=\"elementor-element elementor-element-86e3b9e elementor-widget elementor-widget-heading\" data-id=\"86e3b9e\" data-element_type=\"widget\" data-widget_type=\"heading.default\">\n\t\t\t\t<div class=\"elementor-widget-container\">\n\t\t\t\t\t<h1 class=\"elementor-heading-title elementor-size-default\">Penile Prosthesis Application<\/h1>\t\t\t\t<\/div>\n\t\t\t\t<\/div>\n\t\t\t\t\t<\/div>\n\t\t<\/div>\n\t\t\t\t\t<\/div>\n\t\t<\/section>\n\t\t\t\t<section class=\"elementor-section elementor-top-section elementor-element elementor-element-91de953 elementor-section-boxed elementor-section-height-default elementor-section-height-default\" data-id=\"91de953\" data-element_type=\"section\">\n\t\t\t\t\t\t<div class=\"elementor-container elementor-column-gap-default\">\n\t\t\t\t\t<div class=\"elementor-column elementor-col-100 elementor-top-column elementor-element elementor-element-ba8f27a\" data-id=\"ba8f27a\" data-element_type=\"column\">\n\t\t\t<div class=\"elementor-widget-wrap elementor-element-populated\">\n\t\t\t\t\t\t<div class=\"elementor-element elementor-element-8b26693 elementor-widget elementor-widget-heading\" data-id=\"8b26693\" data-element_type=\"widget\" data-widget_type=\"heading.default\">\n\t\t\t\t<div class=\"elementor-widget-container\">\n\t\t\t\t\t<h2 class=\"elementor-heading-title elementor-size-default\">Penis Protezi <\/h2>\t\t\t\t<\/div>\n\t\t\t\t<\/div>\n\t\t\t\t<div class=\"elementor-element elementor-element-f755e96 elementor-widget elementor-widget-image\" data-id=\"f755e96\" data-element_type=\"widget\" data-widget_type=\"image.default\">\n\t\t\t\t<div class=\"elementor-widget-container\">\n\t\t\t\t\t\t\t\t\t\t\t\t\t\t\t<img fetchpriority=\"high\" decoding=\"async\" width=\"403\" height=\"282\" src=\"https:\/\/uygarmicoogullari.com.tr\/wp-content\/uploads\/2022\/02\/resim_2022-02-01_041153.png\" class=\"attachment-full size-full wp-image-1439\" alt=\"\" srcset=\"https:\/\/uygarmicoogullari.com.tr\/wp-content\/uploads\/2022\/02\/resim_2022-02-01_041153.png 403w, https:\/\/uygarmicoogullari.com.tr\/wp-content\/uploads\/2022\/02\/resim_2022-02-01_041153-300x210.png 300w\" sizes=\"(max-width: 403px) 100vw, 403px\" \/>\t\t\t\t\t\t\t\t\t\t\t\t\t\t\t<\/div>\n\t\t\t\t<\/div>\n\t\t\t\t<div class=\"elementor-element elementor-element-afb6790 elementor-widget elementor-widget-text-editor\" data-id=\"afb6790\" data-element_type=\"widget\" data-widget_type=\"text-editor.default\">\n\t\t\t\t<div class=\"elementor-widget-container\">\n\t\t\t\t\t\t\t\t\t<p><b>Penis Protezi Nedir?<br><\/b>\nPenis protezi (mutluluk \u00e7ubu\u011fu) cinsel ili\u015fki i\u00e7in gerekli sertle\u015fmeyi (ereksiyon) sa\u011flayamayan erkeklerde ereksiyonu sa\u011flamak i\u00e7in penis i\u00e7ine ameliyatla yerle\u015ftirilen slikon yap\u0131da implantlard\u0131r.<\/p>\n<p>B\u00fck\u00fclebilir (Tek Par\u00e7al\u0131) ve \u015ei\u015firilebilir (\u0130ki ve \u00dc\u00e7 Par\u00e7al\u0131) olmak \u00fczere iki tipi vard\u0131r. B\u00fck\u00fclebilir tiplerde hasta ili\u015fki s\u0131ras\u0131nda penisi d\u00fczle\u015ftirmekte, bitiminde ise b\u00fckerek saklamaktad\u0131r. \u015ei\u015firilebilir protezlerde ise hasta ili\u015fki \u00f6ncesi yumurtal\u0131klar\u0131n yan\u0131na yerle\u015ftirilen ufak bir pompa ile penisi \u015fi\u015firerek sertle\u015ftirmekte, ili\u015fki bitiminde ise protezi indirerek normal hale getirmektedir.<\/p>\n<p><b>Kimlere Uygulan\u0131r?<br><\/b>\nSertle\u015fme sorununa di\u011fer tedavilerden yeterli yan\u0131t al\u0131namad\u0131\u011f\u0131nda veya di\u011fer y\u00f6ntemlerle hastalar\u0131n beklentilerinin kar\u015f\u0131lanamad\u0131\u011f\u0131 durumlarda uygulanan 3. basamak tedavi y\u00f6ntemidir<\/p>\n<p><b>D\u0131\u015fardan Belli Olur mu?<br><\/b>\nProtez, penisin sertle\u015fmesini sa\u011flayan dokular\u0131n (kavern\u00f6z yap\u0131lar) i\u00e7ine yerle\u015ftirilmekte olup d\u0131\u015fardan g\u00f6r\u00fclmemektedir.<\/p>\n<p><b>Meni Ak\u0131m\u0131 (Bo\u015falma), \u0130li\u015fkiden Al\u0131nan Zevk ve Orgazm Etkilenir mi?<br><\/b>\nMutluluk \u00e7ubu\u011fu tak\u0131lan hastalarda meni ak\u0131m\u0131 etkilenmez ve do\u011fal yolla \u00e7ocuk sahibi olabilirler. Al\u0131nan zevk ve bo\u015falma (ejakulasyon) fonksiyonu etkilenmedi\u011fi i\u00e7in i\u015flem sonras\u0131 orgazm ayn\u0131 \u015fekilde devam etmektedir.<\/p>\n<p><b>Belli Bir \u00d6mr\u00fc Var m\u0131d\u0131r?<br><\/b>\n\u00d6m\u00fcr boyu kullan\u0131lan cihazlard\u0131r. Ancak enfeksiyon ya da mekanik ar\u0131za yapmas\u0131 durumunda \u00e7\u0131kart\u0131lmas\u0131 ya da de\u011fi\u015ftirilmesi gerekebilmektedir.<\/p>\n<p><b>Di\u011fer Y\u00f6ntemlere \u00dcst\u00fcnl\u00fc\u011f\u00fc Nedir?<br><\/b>\nHastalar\u0131n bundan sonraki cinsel ya\u015famlar\u0131nda hi\u00e7bir \u015fekilde sertle\u015fme sorunu ya\u015famayacak olmas\u0131 ve ya\u015fl\u0131l\u0131k d\u00f6neminde de performanslar\u0131n\u0131n ayn\u0131 \u015fekilde s\u00fcrecek olmas\u0131 bu i\u015flemin en b\u00fcy\u00fck avantaj\u0131d\u0131r.<\/p>\t\t\t\t\t\t\t\t<\/div>\n\t\t\t\t<\/div>\n\t\t\t\t\t<\/div>\n\t\t<\/div>\n\t\t\t\t\t<\/div>\n\t\t<\/section>\n\t\t\t\t<\/div>","protected":false},"excerpt":{"rendered":"<p>Penil Protez Uygulamas\u0131 Penis Protezi Penis Protezi Nedir? Penis protezi (mutluluk \u00e7ubu\u011fu) cinsel ili\u015fki i\u00e7in gerekli sertle\u015fmeyi (ereksiyon) sa\u011flayamayan erkeklerde ereksiyonu sa\u011flamak i\u00e7in penis i\u00e7ine ameliyatla yerle\u015ftirilen slikon yap\u0131da implantlard\u0131r. B\u00fck\u00fclebilir (Tek Par\u00e7al\u0131) ve \u015ei\u015firilebilir (\u0130ki ve \u00dc\u00e7 Par\u00e7al\u0131) olmak \u00fczere iki tipi vard\u0131r. B\u00fck\u00fclebilir tiplerde hasta ili\u015fki s\u0131ras\u0131nda penisi d\u00fczle\u015ftirmekte, bitiminde ise b\u00fckerek saklamaktad\u0131r. [&hellip;]<\/p>","protected":false},"author":1,"featured_media":0,"parent":0,"menu_order":0,"comment_status":"closed","ping_status":"closed","template":"","meta":{"footnotes":""},"class_list":["post-1436","page","type-page","status-publish","hentry"],"aioseo_notices":[],"_links":{"self":[{"href":"https:\/\/uygarmicoogullari.com.tr\/en\/wp-json\/wp\/v2\/pages\/1436","targetHints":{"allow":["GET"]}}],"collection":[{"href":"https:\/\/uygarmicoogullari.com.tr\/en\/wp-json\/wp\/v2\/pages"}],"about":[{"href":"https:\/\/uygarmicoogullari.com.tr\/en\/wp-json\/wp\/v2\/types\/page"}],"author":[{"embeddable":true,"href":"https:\/\/uygarmicoogullari.com.tr\/en\/wp-json\/wp\/v2\/users\/1"}],"replies":[{"embeddable":true,"href":"https:\/\/uygarmicoogullari.com.tr\/en\/wp-json\/wp\/v2\/comments?post=1436"}],"version-history":[{"count":0,"href":"https:\/\/uygarmicoogullari.com.tr\/en\/wp-json\/wp\/v2\/pages\/1436\/revisions"}],"wp:attachment":[{"href":"https:\/\/uygarmicoogullari.com.tr\/en\/wp-json\/wp\/v2\/media?parent=1436"}],"curies":[{"name":"wp","href":"https:\/\/api.w.org\/{rel}","templated":true}]}}