{"id":1446,"date":"2022-02-01T01:13:17","date_gmt":"2022-02-01T01:13:17","guid":{"rendered":"https:\/\/uygarmicoogullari.com.tr\/?page_id=1446"},"modified":"2022-08-13T12:11:25","modified_gmt":"2022-08-13T12:11:25","slug":"sok-dalga-tedavisi","status":"publish","type":"page","link":"https:\/\/uygarmicoogullari.com.tr\/en\/sok-dalga-tedavisi\/","title":{"rendered":"\u015eok dalga tedavisi"},"content":{"rendered":"<div data-elementor-type=\"wp-page\" data-elementor-id=\"1446\" class=\"elementor elementor-1446\" data-elementor-post-type=\"page\">\n\t\t\t\t\t\t<section class=\"elementor-section elementor-top-section elementor-element elementor-element-8b70e7c elementor-section-height-min-height elementor-section-boxed elementor-section-height-default elementor-section-items-middle\" data-id=\"8b70e7c\" data-element_type=\"section\" data-settings=\"{&quot;background_background&quot;:&quot;classic&quot;}\">\n\t\t\t\t\t\t\t<div class=\"elementor-background-overlay\"><\/div>\n\t\t\t\t\t\t\t<div class=\"elementor-container elementor-column-gap-default\">\n\t\t\t\t\t<div class=\"elementor-column elementor-col-100 elementor-top-column elementor-element elementor-element-dcfb33e\" data-id=\"dcfb33e\" data-element_type=\"column\">\n\t\t\t<div class=\"elementor-widget-wrap elementor-element-populated\">\n\t\t\t\t\t\t<div class=\"elementor-element elementor-element-5312f60 elementor-widget elementor-widget-heading\" data-id=\"5312f60\" data-element_type=\"widget\" data-widget_type=\"heading.default\">\n\t\t\t\t<div class=\"elementor-widget-container\">\n\t\t\t\t\t<h1 class=\"elementor-heading-title elementor-size-default\">\u015eok Dalga Tedavisi (ESWT) &amp; PRP (P-Shot)<\/h1>\t\t\t\t<\/div>\n\t\t\t\t<\/div>\n\t\t\t\t\t<\/div>\n\t\t<\/div>\n\t\t\t\t\t<\/div>\n\t\t<\/section>\n\t\t\t\t<section class=\"elementor-section elementor-top-section elementor-element elementor-element-6b12df1 elementor-section-boxed elementor-section-height-default elementor-section-height-default\" data-id=\"6b12df1\" data-element_type=\"section\">\n\t\t\t\t\t\t<div class=\"elementor-container elementor-column-gap-default\">\n\t\t\t\t\t<div class=\"elementor-column elementor-col-100 elementor-top-column elementor-element elementor-element-04738cb\" data-id=\"04738cb\" data-element_type=\"column\">\n\t\t\t<div class=\"elementor-widget-wrap elementor-element-populated\">\n\t\t\t\t\t\t<div class=\"elementor-element elementor-element-06d0283 elementor-widget elementor-widget-heading\" data-id=\"06d0283\" data-element_type=\"widget\" data-widget_type=\"heading.default\">\n\t\t\t\t<div class=\"elementor-widget-container\">\n\t\t\t\t\t<h2 class=\"elementor-heading-title elementor-size-default\">\u015eok Dalga Tedavisi (ESWT) &amp; PRP (P-Shot)<\/h2>\t\t\t\t<\/div>\n\t\t\t\t<\/div>\n\t\t\t\t<div class=\"elementor-element elementor-element-b5d713e elementor-widget elementor-widget-video\" data-id=\"b5d713e\" data-element_type=\"widget\" data-settings=\"{&quot;youtube_url&quot;:&quot;https:\\\/\\\/www.youtube.com\\\/watch?v=j4YDv9t6SPI&quot;,&quot;autoplay&quot;:&quot;yes&quot;,&quot;lazy_load&quot;:&quot;yes&quot;,&quot;video_type&quot;:&quot;youtube&quot;,&quot;controls&quot;:&quot;yes&quot;}\" data-widget_type=\"video.default\">\n\t\t\t\t<div class=\"elementor-widget-container\">\n\t\t\t\t\t\t\t<div class=\"elementor-wrapper elementor-open-inline\">\n\t\t\t<div class=\"elementor-video\"><\/div>\t\t<\/div>\n\t\t\t\t\t\t<\/div>\n\t\t\t\t<\/div>\n\t\t\t\t\t<\/div>\n\t\t<\/div>\n\t\t\t\t\t<\/div>\n\t\t<\/section>\n\t\t\t\t<section class=\"elementor-section elementor-top-section elementor-element elementor-element-1572feb elementor-section-boxed elementor-section-height-default elementor-section-height-default\" data-id=\"1572feb\" data-element_type=\"section\">\n\t\t\t\t\t\t<div class=\"elementor-container elementor-column-gap-default\">\n\t\t\t\t\t<div class=\"elementor-column elementor-col-100 elementor-top-column elementor-element elementor-element-0f7b0a0\" data-id=\"0f7b0a0\" data-element_type=\"column\">\n\t\t\t<div class=\"elementor-widget-wrap elementor-element-populated\">\n\t\t\t\t\t\t<div class=\"elementor-element elementor-element-a2102e7 elementor-widget elementor-widget-text-editor\" data-id=\"a2102e7\" data-element_type=\"widget\" data-widget_type=\"text-editor.default\">\n\t\t\t\t<div class=\"elementor-widget-container\">\n\t\t\t\t\t\t\t\t\t<p><b>ESWT (D\u00fc\u015f\u00fck Yo\u011funluklu \u015eok Dalga Tedavisi) Nedir?<br><\/b><br>D\u00fc\u015f\u00fck yo\u011funluklu ses dalgalar\u0131 ile peniste doku yenilenmesi ve yeni damar olu\u015fumu sa\u011flayarak sertle\u015fme sorununa kal\u0131c\u0131 \u00e7\u00f6z\u00fcm sa\u011flayan bir uygulamad\u0131r. ESWT y\u00f6ntemi sertle\u015fme sorunu d\u0131\u015f\u0131nda, peyronie hastal\u0131\u011f\u0131 ve kronik prostatit tedavisinde de kullan\u0131lmaktad\u0131r.<\/p>\n<p><b>\u00dcrolojide ESWT Tedavisinin Avantajlar\u0131<br><\/b><br>\u015eok dalga tedavisi anestezi gerektirmeyen bir i\u015flem olup poliklinik \u015fartlar\u0131nda 20\u2019\u015fer dakikal\u0131k 6\u201312 seans halinde uygulanmaktad\u0131r. Her seansta ortalama 1500 at\u0131m uygulan\u0131r. Hasta uygulama sonras\u0131 g\u00fcnl\u00fck ya\u015fam\u0131na devam edebilmektedir.<\/p>\n<p>\u00dcrolojide ESWT Tedavisi ile hastalar\u0131n %70-80\u2019de ba\u015far\u0131l\u0131 sonu\u00e7lar elde edildi\u011fi g\u00f6r\u00fclmektedir. Herhangi bir risk i\u00e7ermemesi, kal\u0131c\u0131 etki g\u00f6stermesi ve y\u00fcksek etkinli\u011fi nedeniyle Avrupa \u00dcroloji Derne\u011fi K\u0131lavuzlar\u0131nda 1. basamakta \u00f6nerilen tedavi y\u00f6ntemleri aras\u0131nda yerini alm\u0131\u015ft\u0131r.<\/p>\t\t\t\t\t\t\t\t<\/div>\n\t\t\t\t<\/div>\n\t\t\t\t<div class=\"elementor-element elementor-element-98a5ff2 elementor-widget elementor-widget-image\" data-id=\"98a5ff2\" data-element_type=\"widget\" data-widget_type=\"image.default\">\n\t\t\t\t<div class=\"elementor-widget-container\">\n\t\t\t\t\t\t\t\t\t\t\t\t\t\t\t<img fetchpriority=\"high\" decoding=\"async\" width=\"1048\" height=\"350\" src=\"https:\/\/uygarmicoogullari.com.tr\/wp-content\/uploads\/2022\/02\/ESWT-P-Shot-PRP-.jpg\" class=\"attachment-full size-full wp-image-1451\" alt=\"\" srcset=\"https:\/\/uygarmicoogullari.com.tr\/wp-content\/uploads\/2022\/02\/ESWT-P-Shot-PRP-.jpg 1048w, https:\/\/uygarmicoogullari.com.tr\/wp-content\/uploads\/2022\/02\/ESWT-P-Shot-PRP--300x100.jpg 300w, https:\/\/uygarmicoogullari.com.tr\/wp-content\/uploads\/2022\/02\/ESWT-P-Shot-PRP--1024x342.jpg 1024w, https:\/\/uygarmicoogullari.com.tr\/wp-content\/uploads\/2022\/02\/ESWT-P-Shot-PRP--768x256.jpg 768w\" sizes=\"(max-width: 1048px) 100vw, 1048px\" \/>\t\t\t\t\t\t\t\t\t\t\t\t\t\t\t<\/div>\n\t\t\t\t<\/div>\n\t\t\t\t<div class=\"elementor-element elementor-element-5e1dcb5 elementor-widget elementor-widget-text-editor\" data-id=\"5e1dcb5\" data-element_type=\"widget\" data-widget_type=\"text-editor.default\">\n\t\t\t\t<div class=\"elementor-widget-container\">\n\t\t\t\t\t\t\t\t\t<p><b>Penise PRP Tedavisi<\/b><\/p>\n<p>-Penise PRP (Plasma Rich Platellet) tedavisi, ki\u015finin kendi kan\u0131ndan elde edilen trombosit h\u00fccrelerinden zengin plasman\u0131n penis i\u00e7ine enjekte edilmesi i\u015flemidir. -PRP Tedavisi t\u0131pta bir\u00e7ok alanda kullan\u0131lmaktad\u0131r. Bu tedavilerdeki temel ama\u00e7 b\u00fcy\u00fcme fakt\u00f6rlerinden zengin trombositlerin h\u00fccre yenilenmesi ve onar\u0131m\u0131 sa\u011flayan etkilerinden faydalanmakt\u0131r.<\/p>\n<p><b>Penis PRP\u2019nin Etkileri<\/b><\/p>\n<p>Penise PRP tedavisi ile peniste doku yenilenmesi ve yeni damar olu\u015fumu sa\u011flanmaktad\u0131r. Bu etkisi sayesinde;<\/p>\n<p>-Ereksiyon (sertle\u015fme) sorunu olan ki\u015filerde ereksiyon problemini d\u00fczeltmek,<br>-Penis boyunda ve kal\u0131nl\u0131\u011f\u0131nda art\u0131\u015f sa\u011flamak,<br>-Peyronie Hastal\u0131\u011f\u0131nda plaklar\u0131n gerilemesini sa\u011flamak ama\u00e7lanmaktad\u0131r.<br>-PRP ki\u015finin kendi kan\u0131ndan elde edildi\u011fi i\u00e7in bula\u015f\u0131c\u0131 hastal\u0131k veya alerjik reaksiyon riski ta\u015f\u0131maz. Sa\u011fl\u0131k i\u00e7in bilinen bir yan etkisi ya da riski yoktur. A\u011fr\u0131s\u0131z bir -i\u015flem olup, ofis \u015fartlar\u0131nda uygulan\u0131r.<\/p>\t\t\t\t\t\t\t\t<\/div>\n\t\t\t\t<\/div>\n\t\t\t\t\t<\/div>\n\t\t<\/div>\n\t\t\t\t\t<\/div>\n\t\t<\/section>\n\t\t\t\t<\/div>","protected":false},"excerpt":{"rendered":"<p>\u015eok Dalga Tedavisi (ESWT) &#038; PRP (P-Shot) \u015eok Dalga Tedavisi (ESWT) &#038; PRP (P-Shot) https:\/\/www.youtube.com\/watch?v=j4YDv9t6SPI ESWT (D\u00fc\u015f\u00fck Yo\u011funluklu \u015eok Dalga Tedavisi) Nedir?D\u00fc\u015f\u00fck yo\u011funluklu ses dalgalar\u0131 ile peniste doku yenilenmesi ve yeni damar olu\u015fumu sa\u011flayarak sertle\u015fme sorununa kal\u0131c\u0131 \u00e7\u00f6z\u00fcm sa\u011flayan bir uygulamad\u0131r. ESWT y\u00f6ntemi sertle\u015fme sorunu d\u0131\u015f\u0131nda, peyronie hastal\u0131\u011f\u0131 ve kronik prostatit tedavisinde de kullan\u0131lmaktad\u0131r. \u00dcrolojide [&hellip;]<\/p>","protected":false},"author":1,"featured_media":0,"parent":0,"menu_order":0,"comment_status":"closed","ping_status":"closed","template":"","meta":{"footnotes":""},"class_list":["post-1446","page","type-page","status-publish","hentry"],"aioseo_notices":[],"_links":{"self":[{"href":"https:\/\/uygarmicoogullari.com.tr\/en\/wp-json\/wp\/v2\/pages\/1446","targetHints":{"allow":["GET"]}}],"collection":[{"href":"https:\/\/uygarmicoogullari.com.tr\/en\/wp-json\/wp\/v2\/pages"}],"about":[{"href":"https:\/\/uygarmicoogullari.com.tr\/en\/wp-json\/wp\/v2\/types\/page"}],"author":[{"embeddable":true,"href":"https:\/\/uygarmicoogullari.com.tr\/en\/wp-json\/wp\/v2\/users\/1"}],"replies":[{"embeddable":true,"href":"https:\/\/uygarmicoogullari.com.tr\/en\/wp-json\/wp\/v2\/comments?post=1446"}],"version-history":[{"count":0,"href":"https:\/\/uygarmicoogullari.com.tr\/en\/wp-json\/wp\/v2\/pages\/1446\/revisions"}],"wp:attachment":[{"href":"https:\/\/uygarmicoogullari.com.tr\/en\/wp-json\/wp\/v2\/media?parent=1446"}],"curies":[{"name":"wp","href":"https:\/\/api.w.org\/{rel}","templated":true}]}}