{"id":1519,"date":"2022-02-16T03:48:49","date_gmt":"2022-02-16T03:48:49","guid":{"rendered":"https:\/\/uygarmicoogullari.com.tr\/?page_id=1519"},"modified":"2022-08-30T23:31:22","modified_gmt":"2022-08-30T23:31:22","slug":"estetik-sunnet","status":"publish","type":"page","link":"https:\/\/uygarmicoogullari.com.tr\/en\/estetik-sunnet\/","title":{"rendered":"Aesthetic Circumcision"},"content":{"rendered":"<div data-elementor-type=\"wp-page\" data-elementor-id=\"1519\" class=\"elementor elementor-1519\" data-elementor-post-type=\"page\">\n\t\t\t\t\t\t<section class=\"elementor-section elementor-top-section elementor-element elementor-element-53dfa41 elementor-section-height-min-height elementor-section-boxed elementor-section-height-default elementor-section-items-middle\" data-id=\"53dfa41\" data-element_type=\"section\" data-settings=\"{&quot;background_background&quot;:&quot;classic&quot;}\">\n\t\t\t\t\t\t\t<div class=\"elementor-background-overlay\"><\/div>\n\t\t\t\t\t\t\t<div class=\"elementor-container elementor-column-gap-default\">\n\t\t\t\t\t<div class=\"elementor-column elementor-col-100 elementor-top-column elementor-element elementor-element-3dc50f6c\" data-id=\"3dc50f6c\" data-element_type=\"column\">\n\t\t\t<div class=\"elementor-widget-wrap elementor-element-populated\">\n\t\t\t\t\t\t<div class=\"elementor-element elementor-element-2038acf9 elementor-widget elementor-widget-heading\" data-id=\"2038acf9\" data-element_type=\"widget\" data-widget_type=\"heading.default\">\n\t\t\t\t<div class=\"elementor-widget-container\">\n\t\t\t\t\t<h1 class=\"elementor-heading-title elementor-size-default\">Aesthetic Circumcision<\/h1>\t\t\t\t<\/div>\n\t\t\t\t<\/div>\n\t\t\t\t\t<\/div>\n\t\t<\/div>\n\t\t\t\t\t<\/div>\n\t\t<\/section>\n\t\t\t\t<section class=\"elementor-section elementor-top-section elementor-element elementor-element-4e99f133 elementor-hidden-phone elementor-section-boxed elementor-section-height-default elementor-section-height-default\" data-id=\"4e99f133\" data-element_type=\"section\">\n\t\t\t\t\t\t<div class=\"elementor-container elementor-column-gap-default\">\n\t\t\t\t\t<div class=\"elementor-column elementor-col-100 elementor-top-column elementor-element elementor-element-36505de0\" data-id=\"36505de0\" data-element_type=\"column\">\n\t\t\t<div class=\"elementor-widget-wrap elementor-element-populated\">\n\t\t\t\t\t\t<div class=\"elementor-element elementor-element-6838a619 elementor-widget elementor-widget-spacer\" data-id=\"6838a619\" data-element_type=\"widget\" data-widget_type=\"spacer.default\">\n\t\t\t\t<div class=\"elementor-widget-container\">\n\t\t\t\t\t\t\t<div class=\"elementor-spacer\">\n\t\t\t<div class=\"elementor-spacer-inner\"><\/div>\n\t\t<\/div>\n\t\t\t\t\t\t<\/div>\n\t\t\t\t<\/div>\n\t\t\t\t\t<\/div>\n\t\t<\/div>\n\t\t\t\t\t<\/div>\n\t\t<\/section>\n\t\t\t\t<section class=\"elementor-section elementor-top-section elementor-element elementor-element-55d1229 elementor-section-boxed elementor-section-height-default elementor-section-height-default\" data-id=\"55d1229\" data-element_type=\"section\">\n\t\t\t\t\t\t<div class=\"elementor-container elementor-column-gap-default\">\n\t\t\t\t\t<div class=\"elementor-column elementor-col-100 elementor-top-column elementor-element elementor-element-48f7ed7\" data-id=\"48f7ed7\" data-element_type=\"column\">\n\t\t\t<div class=\"elementor-widget-wrap elementor-element-populated\">\n\t\t\t\t\t\t<div class=\"elementor-element elementor-element-7943a0c elementor-widget elementor-widget-heading\" data-id=\"7943a0c\" data-element_type=\"widget\" data-widget_type=\"heading.default\">\n\t\t\t\t<div class=\"elementor-widget-container\">\n\t\t\t\t\t<h2 class=\"elementor-heading-title elementor-size-default\">What is Aesthetic Circumcision?<\/h2>\t\t\t\t<\/div>\n\t\t\t\t<\/div>\n\t\t\t\t\t<\/div>\n\t\t<\/div>\n\t\t\t\t\t<\/div>\n\t\t<\/section>\n\t\t\t\t<section class=\"elementor-section elementor-top-section elementor-element elementor-element-f862112 elementor-section-boxed elementor-section-height-default elementor-section-height-default\" data-id=\"f862112\" data-element_type=\"section\">\n\t\t\t\t\t\t<div class=\"elementor-container elementor-column-gap-default\">\n\t\t\t\t\t<div class=\"elementor-column elementor-col-100 elementor-top-column elementor-element elementor-element-5f27276\" data-id=\"5f27276\" data-element_type=\"column\">\n\t\t\t<div class=\"elementor-widget-wrap elementor-element-populated\">\n\t\t\t\t\t\t<div class=\"elementor-element elementor-element-9c4f387 elementor-widget elementor-widget-text-editor\" data-id=\"9c4f387\" data-element_type=\"widget\" data-widget_type=\"text-editor.default\">\n\t\t\t\t<div class=\"elementor-widget-container\">\n\t\t\t\t\t\t\t\t\tCircumcision (circumcisio) refers to the surgical removal of the foreskin (prepuce) that covers the glans (tip) of the penis. It is performed for religious, cultural, or medical reasons.\n\nDuring normal penis development, the glans and the foreskin are adherent. Up to the age of five, 75% of children naturally have this adhesion. Over time, this percentage decreases. Additionally, small nodular structures with a white reflection, which give the sensation of being inside the foreskin, may be present on the penis of young boys. These are known as smegma. Smegma is a completely physiological formation. It occurs as a result of the accumulation of oily secretions from the inner surface of the foreskin, which has not separated from the glans due to adhesion. Over time, it regresses. Efforts should not be made to retract the foreskin in an attempt to clean it.\n\t\t\t\t\t\t\t\t<\/div>\n\t\t\t\t<\/div>\n\t\t\t\t\t<\/div>\n\t\t<\/div>\n\t\t\t\t\t<\/div>\n\t\t<\/section>\n\t\t\t\t<section class=\"elementor-section elementor-top-section elementor-element elementor-element-2e976f4 elementor-section-boxed elementor-section-height-default elementor-section-height-default\" data-id=\"2e976f4\" data-element_type=\"section\">\n\t\t\t\t\t\t<div class=\"elementor-container elementor-column-gap-default\">\n\t\t\t\t\t<div class=\"elementor-column elementor-col-100 elementor-top-column elementor-element elementor-element-eae1620\" data-id=\"eae1620\" data-element_type=\"column\">\n\t\t\t<div class=\"elementor-widget-wrap elementor-element-populated\">\n\t\t\t\t\t\t<div class=\"elementor-element elementor-element-f016aa6 elementor-skin-slideshow elementor-arrows-yes elementor-widget elementor-widget-media-carousel\" data-id=\"f016aa6\" data-element_type=\"widget\" data-settings=\"{&quot;skin&quot;:&quot;slideshow&quot;,&quot;centered_slides&quot;:&quot;yes&quot;,&quot;effect&quot;:&quot;slide&quot;,&quot;show_arrows&quot;:&quot;yes&quot;,&quot;speed&quot;:500,&quot;autoplay&quot;:&quot;yes&quot;,&quot;autoplay_speed&quot;:5000,&quot;loop&quot;:&quot;yes&quot;,&quot;pause_on_hover&quot;:&quot;yes&quot;,&quot;pause_on_interaction&quot;:&quot;yes&quot;,&quot;space_between&quot;:{&quot;unit&quot;:&quot;px&quot;,&quot;size&quot;:10,&quot;sizes&quot;:[]},&quot;space_between_tablet&quot;:{&quot;unit&quot;:&quot;px&quot;,&quot;size&quot;:10,&quot;sizes&quot;:[]},&quot;space_between_mobile&quot;:{&quot;unit&quot;:&quot;px&quot;,&quot;size&quot;:10,&quot;sizes&quot;:[]}}\" data-widget_type=\"media-carousel.default\">\n\t\t\t\t<div class=\"elementor-widget-container\">\n\t\t\t\t\t\t\t\t\t<div class=\"elementor-swiper\">\n\t\t\t\t\t<div class=\"elementor-main-swiper swiper\" role=\"region\" aria-roledescription=\"carousel\" aria-label=\"Slides\">\n\t\t\t\t<div class=\"swiper-wrapper\">\n\t\t\t\t\t\t\t\t\t\t\t<div class=\"swiper-slide\" role=\"group\" aria-roledescription=\"slide\">\n\t\t\t\t\t\t\t\t\t<div class=\"elementor-carousel-image\" role=\"img\" aria-label=\"7a5bd8a6-5375-46b6-b4b7-6bbcc2f77709\" style=\"background-image: url(&#039;https:\/\/uygarmicoogullari.com.tr\/wp-content\/uploads\/2022\/02\/7a5bd8a6-5375-46b6-b4b7-6bbcc2f77709-e1644982953435.jpg&#039;)\">\n\n\t\t\t\n\t\t\t\t\t<\/div>\n\t\t\t\t\t\t\t\t<\/div>\n\t\t\t\t\t\t\t\t\t\t\t<div class=\"swiper-slide\" role=\"group\" aria-roledescription=\"slide\">\n\t\t\t\t\t\t\t\t\t<div class=\"elementor-carousel-image\" role=\"img\" aria-label=\"837d31ac-3e57-4f93-9c9a-295157beb401\" style=\"background-image: url(&#039;https:\/\/uygarmicoogullari.com.tr\/wp-content\/uploads\/2022\/02\/837d31ac-3e57-4f93-9c9a-295157beb401-e1644983301206.jpg&#039;)\">\n\n\t\t\t\n\t\t\t\t\t<\/div>\n\t\t\t\t\t\t\t\t<\/div>\n\t\t\t\t\t\t\t\t\t\t\t<div class=\"swiper-slide\" role=\"group\" aria-roledescription=\"slide\">\n\t\t\t\t\t\t\t\t\t<div class=\"elementor-carousel-image\" role=\"img\" aria-label=\"bf78df96-db86-480b-aa86-6e8a806962b5\" style=\"background-image: url(&#039;https:\/\/uygarmicoogullari.com.tr\/wp-content\/uploads\/2022\/02\/bf78df96-db86-480b-aa86-6e8a806962b5-e1644982933360.jpg&#039;)\">\n\n\t\t\t\n\t\t\t\t\t<\/div>\n\t\t\t\t\t\t\t\t<\/div>\n\t\t\t\t\t\t\t\t\t\t\t<div class=\"swiper-slide\" role=\"group\" aria-roledescription=\"slide\">\n\t\t\t\t\t\t\t\t\t<div class=\"elementor-carousel-image\" role=\"img\" aria-label=\"ef2b14ad-9522-4f74-b829-70dd1f5f09ab\" style=\"background-image: url(&#039;https:\/\/uygarmicoogullari.com.tr\/wp-content\/uploads\/2022\/02\/ef2b14ad-9522-4f74-b829-70dd1f5f09ab.jpg&#039;)\">\n\n\t\t\t\n\t\t\t\t\t<\/div>\n\t\t\t\t\t\t\t\t<\/div>\n\t\t\t\t\t\t\t\t\t\t\t<div class=\"swiper-slide\" role=\"group\" aria-roledescription=\"slide\">\n\t\t\t\t\t\t\t\t\t<div class=\"elementor-carousel-image\" role=\"img\" aria-label=\"ffaaf833-41f4-4902-9e08-3df4d635ca2f\" style=\"background-image: url(&#039;https:\/\/uygarmicoogullari.com.tr\/wp-content\/uploads\/2022\/02\/ffaaf833-41f4-4902-9e08-3df4d635ca2f-e1644982911973.jpg&#039;)\">\n\n\t\t\t\n\t\t\t\t\t<\/div>\n\t\t\t\t\t\t\t\t<\/div>\n\t\t\t\t\t\t\t\t\t<\/div>\n\t\t\t\t\t\t\t\t\t\t\t\t\t\t\t<div class=\"elementor-swiper-button elementor-swiper-button-prev\" role=\"button\" tabindex=\"0\" aria-label=\"Previous\">\n\t\t\t\t\t\t\t<i aria-hidden=\"true\" class=\"eicon-chevron-left\"><\/i>\t\t\t\t\t\t<\/div>\n\t\t\t\t\t\t<div class=\"elementor-swiper-button elementor-swiper-button-next\" role=\"button\" tabindex=\"0\" aria-label=\"Next\">\n\t\t\t\t\t\t\t<i aria-hidden=\"true\" class=\"eicon-chevron-right\"><\/i>\t\t\t\t\t\t<\/div>\n\t\t\t\t\t\t\t\t\t\t\t\t\t\t\t\t\t<\/div>\n\t\t\t\t<\/div>\n\t\t\t\t\t\t\t\t<div class=\"elementor-swiper\">\n\t\t\t\t\t<div class=\"elementor-main-swiper swiper elementor-thumbnails-swiper swiper\" role=\"region region\" aria-roledescription=\"carousel carousel\" aria-label=\"Slides Slides\">\n\t\t\t\t<div class=\"swiper-wrapper\">\n\t\t\t\t\t\t\t\t\t\t\t<div class=\"swiper-slide\" role=\"group\" aria-roledescription=\"slide\">\n\t\t\t\t\t\t\t\t\t<div class=\"elementor-carousel-image\" role=\"img\" aria-label=\"7a5bd8a6-5375-46b6-b4b7-6bbcc2f77709\" style=\"background-image: url(&#039;https:\/\/uygarmicoogullari.com.tr\/wp-content\/uploads\/2022\/02\/7a5bd8a6-5375-46b6-b4b7-6bbcc2f77709-e1644982953435.jpg&#039;)\">\n\n\t\t\t\n\t\t\t\t\t<\/div>\n\t\t\t\t\t\t\t\t<\/div>\n\t\t\t\t\t\t\t\t\t\t\t<div class=\"swiper-slide\" role=\"group\" aria-roledescription=\"slide\">\n\t\t\t\t\t\t\t\t\t<div class=\"elementor-carousel-image\" role=\"img\" aria-label=\"837d31ac-3e57-4f93-9c9a-295157beb401\" style=\"background-image: url(&#039;https:\/\/uygarmicoogullari.com.tr\/wp-content\/uploads\/2022\/02\/837d31ac-3e57-4f93-9c9a-295157beb401-e1644983301206.jpg&#039;)\">\n\n\t\t\t\n\t\t\t\t\t<\/div>\n\t\t\t\t\t\t\t\t<\/div>\n\t\t\t\t\t\t\t\t\t\t\t<div class=\"swiper-slide\" role=\"group\" aria-roledescription=\"slide\">\n\t\t\t\t\t\t\t\t\t<div class=\"elementor-carousel-image\" role=\"img\" aria-label=\"bf78df96-db86-480b-aa86-6e8a806962b5\" style=\"background-image: url(&#039;https:\/\/uygarmicoogullari.com.tr\/wp-content\/uploads\/2022\/02\/bf78df96-db86-480b-aa86-6e8a806962b5-e1644982933360.jpg&#039;)\">\n\n\t\t\t\n\t\t\t\t\t<\/div>\n\t\t\t\t\t\t\t\t<\/div>\n\t\t\t\t\t\t\t\t\t\t\t<div class=\"swiper-slide\" role=\"group\" aria-roledescription=\"slide\">\n\t\t\t\t\t\t\t\t\t<div class=\"elementor-carousel-image\" role=\"img\" aria-label=\"ef2b14ad-9522-4f74-b829-70dd1f5f09ab\" style=\"background-image: url(&#039;https:\/\/uygarmicoogullari.com.tr\/wp-content\/uploads\/2022\/02\/ef2b14ad-9522-4f74-b829-70dd1f5f09ab.jpg&#039;)\">\n\n\t\t\t\n\t\t\t\t\t<\/div>\n\t\t\t\t\t\t\t\t<\/div>\n\t\t\t\t\t\t\t\t\t\t\t<div class=\"swiper-slide\" role=\"group\" aria-roledescription=\"slide\">\n\t\t\t\t\t\t\t\t\t<div class=\"elementor-carousel-image\" role=\"img\" aria-label=\"ffaaf833-41f4-4902-9e08-3df4d635ca2f\" style=\"background-image: url(&#039;https:\/\/uygarmicoogullari.com.tr\/wp-content\/uploads\/2022\/02\/ffaaf833-41f4-4902-9e08-3df4d635ca2f-e1644982911973.jpg&#039;)\">\n\n\t\t\t\n\t\t\t\t\t<\/div>\n\t\t\t\t\t\t\t\t<\/div>\n\t\t\t\t\t\t\t\t\t<\/div>\n\t\t\t\t\t\t\t\t\t\t\t\t\t\t\t\t\t\t\t\t\t<\/div>\n\t\t\t\t<\/div>\n\t\t\t\t\t\t\t\t<\/div>\n\t\t\t\t<\/div>\n\t\t\t\t\t<\/div>\n\t\t<\/div>\n\t\t\t\t\t<\/div>\n\t\t<\/section>\n\t\t\t\t<section class=\"elementor-section elementor-top-section elementor-element elementor-element-5c8d78f elementor-section-boxed elementor-section-height-default elementor-section-height-default\" data-id=\"5c8d78f\" data-element_type=\"section\">\n\t\t\t\t\t\t<div class=\"elementor-container elementor-column-gap-default\">\n\t\t\t\t\t<div class=\"elementor-column elementor-col-100 elementor-top-column elementor-element elementor-element-d302622\" data-id=\"d302622\" data-element_type=\"column\">\n\t\t\t<div class=\"elementor-widget-wrap elementor-element-populated\">\n\t\t\t\t\t\t<div class=\"elementor-element elementor-element-82c7421 elementor-widget elementor-widget-text-editor\" data-id=\"82c7421\" data-element_type=\"widget\" data-widget_type=\"text-editor.default\">\n\t\t\t\t<div class=\"elementor-widget-container\">\n\t\t\t\t\t\t\t\t\t<p><h3><b>What are the Benefits of Circumcision?<\/b><\/h3>\nCircumcision remains one of the most debated surgical procedures. The general consensus is that circumcision reduces the risk of penile and cervical cancer (in women), as well as the risk of acquiring sexually transmitted diseases, including AIDS, and urinary tract infections.<br>\nIn which situations is circumcision performed<br>\nCircumcision is commonly performed worldwide for religious or cultural reasons. However, there are also various medical conditions where circumcision is necessary.<br>\nRelative indications for performing circumcision:<br>\nBalanitis (inflammation of the glans penis) or balanoposthitis (inflammation of the glans and foreskin)<br>\n\u2022\tPhimosis<br>\n\u2022 Paraphimosis<br>\n\u2022 Excessively long foreskin<br>\n\u2022 For preventive purposes in areas where AIDS and similar diseases are widespread<br>\n\u2022 For the purpose of preventing penile cancer<br>\nFor preventive purposes in children who frequently experience urinary tract infections due to urinary tract problems<br>\n\u2022 Following penile injuries (trauma)<br>\nA condition that definitively requires circumcision is phimosis resulting from balanitis xerotica obliterans and recurrent episodes of balanitis\/balanoposthitis. Balanitis xerotica obliterans is a chronic, scarring skin disease that can affect the foreskin, glans penis, and sometimes the external urethra, seen in 1.5% of male children. The exact cause is not fully understood.<\/p>\t\t\t\t\t\t\t\t<\/div>\n\t\t\t\t<\/div>\n\t\t\t\t\t<\/div>\n\t\t<\/div>\n\t\t\t\t\t<\/div>\n\t\t<\/section>\n\t\t\t\t<section class=\"elementor-section elementor-top-section elementor-element elementor-element-51c87fc elementor-section-boxed elementor-section-height-default elementor-section-height-default\" data-id=\"51c87fc\" data-element_type=\"section\">\n\t\t\t\t\t\t<div class=\"elementor-container elementor-column-gap-default\">\n\t\t\t\t\t<div class=\"elementor-column elementor-col-100 elementor-top-column elementor-element elementor-element-398c78d\" data-id=\"398c78d\" data-element_type=\"column\">\n\t\t\t<div class=\"elementor-widget-wrap elementor-element-populated\">\n\t\t\t\t\t\t<div class=\"elementor-element elementor-element-b1e0c9b elementor-widget elementor-widget-text-editor\" data-id=\"b1e0c9b\" data-element_type=\"widget\" data-widget_type=\"text-editor.default\">\n\t\t\t\t<div class=\"elementor-widget-container\">\n\t\t\t\t\t\t\t\t\t<p><\/p><h3><b>When should circumcision be performed?<\/b><\/h3>\n<p>There is no definitive data regarding the timing of circumcision. However, when circumcision is medically necessary, it can be performed at any time. For non-medical, religious, or cultural reasons, it is recommended not to perform circumcision between the ages of 1.5 and 4, as it may be detrimental to the child's psychological development. Another important point is the choice of anesthetic method during the procedure. After the age of six, circumcision can be performed with local anesthesia if the child is psychologically well-prepared and can understand why and how the procedure will be done. In younger children, circumcision can be postponed to an older age to avoid psychological effects or, if performed, should be done under superficial anesthesia for both the child and the surgeon\u2019s comfort. For children under the age of two or three, circumcision should be performed under anesthesia. Although it is suggested that circumcision can be performed without anesthesia during the newborn period (the first few days), local anesthesia should always be applied during this period, and general anesthesia should be preferred.<br><br><\/p>\n<p><\/p><h3><b>How is circumcision performed?<\/b><\/h3>\n<p>There are several defined methods for performing circumcision. In one method, the foreskin is tightened with a plastic ring-like device, and the skin is expected to fall off naturally after a few days. Other methods involve surgically removing the foreskin. In surgical circumcision, sutures are placed along the incision line. These sutures are self-dissolving and do not need to be removed later. In the newborn period, circumcision can be performed using a special bell-shaped device, which may not require suturing.<br><h3><b><br><\/b><\/h3><h3><b>What complications can occur after circumcision?<\/b><\/h3>Complications after circumcision are rare. However, some issues may be serious enough to cause permanent problems in the child's life. Post-circumcision complications occur in 1-7% of cases. The most common problems include bleeding, wound site infection, removal of too much or too little skin, and narrowing of the external urethral opening. However, very rarely, serious complications such as severe bleeding, cutting of the glans penis, and damage to the urinary tract can occur. The main factors contributing to such issues include failure to follow surgical cleanliness rules during the procedure, performing the circumcision by unqualified individuals, inadequate control of bleeding, lack of attention to the glans penis or urinary tract, and mass circumcisions. Problems are rare after circumcisions performed under appropriate conditions in a healthcare facility.<br>The most common issue in the early post-circumcision period is mild bleeding from the incision site. In this case, a firm and tight dressing applied over the incision site almost always resolves the problem. If this is not effective, it may be necessary to locate and ligate the bleeding vessel. Another issue is the removal of the dressing after circumcision, which can cause the scab to come off, leading to slight bleeding. This bleeding usually resolves on its own, and the best approach to avoid it is to allow the dressing to fall off naturally. It is recommended not to remove the dressing for the first three days after circumcision. On the third day, a sitz bath with warm water containing a small amount of antiseptic solution for 10-15 minutes per day is sufficient for the dressing to fall off naturally. Additionally, applying a thin layer of antibiotic cream over the wound site (for 5-7 days) will be beneficial. Another common issue is pain for 2-3 days after circumcision. During this period, there is no harm in using pain-relieving medications. Wound infections are not common after circumcision. In the rare cases that an infection occurs, local and oral antibiotics can easily resolve the issue.<\/p>\t\t\t\t\t\t\t\t<\/div>\n\t\t\t\t<\/div>\n\t\t\t\t\t<\/div>\n\t\t<\/div>\n\t\t\t\t\t<\/div>\n\t\t<\/section>\n\t\t\t\t<\/div>","protected":false},"excerpt":{"rendered":"<p>Estetik S\u00fcnnet Estetik S\u00fcnnet Nedir? S\u00fcnnet (sirk\u00fcmsizyon), penisin u\u00e7 k\u0131sm\u0131n\u0131 (glans) saran deri par\u00e7as\u0131n\u0131n (prepisyum) kesilerek \u00e7\u0131kar\u0131lmas\u0131 demektir. Dini veya k\u00fclt\u00fcrel inan\u00e7lar veya t\u0131bbi gerek\u00e7elerle yap\u0131lmaktad\u0131r. Normal penis geli\u015fimi s\u0131ras\u0131nda glans ve prepisyum yap\u0131\u015f\u0131kt\u0131r. Be\u015f ya\u015f\u0131na kadar \u00e7ocuklar\u0131n %75\u2032inde normal olarak yap\u0131\u015f\u0131kl\u0131k mevcuttur. Zaman i\u00e7erisinde bu oran azal\u0131r. Bunun d\u0131\u015f\u0131nda k\u00fc\u00e7\u00fck erkek \u00e7ocuklar\u0131n\u0131n penisinde s\u00fcnnet [&hellip;]<\/p>","protected":false},"author":1,"featured_media":0,"parent":0,"menu_order":0,"comment_status":"closed","ping_status":"closed","template":"","meta":{"footnotes":""},"class_list":["post-1519","page","type-page","status-publish","hentry"],"aioseo_notices":[],"_links":{"self":[{"href":"https:\/\/uygarmicoogullari.com.tr\/en\/wp-json\/wp\/v2\/pages\/1519","targetHints":{"allow":["GET"]}}],"collection":[{"href":"https:\/\/uygarmicoogullari.com.tr\/en\/wp-json\/wp\/v2\/pages"}],"about":[{"href":"https:\/\/uygarmicoogullari.com.tr\/en\/wp-json\/wp\/v2\/types\/page"}],"author":[{"embeddable":true,"href":"https:\/\/uygarmicoogullari.com.tr\/en\/wp-json\/wp\/v2\/users\/1"}],"replies":[{"embeddable":true,"href":"https:\/\/uygarmicoogullari.com.tr\/en\/wp-json\/wp\/v2\/comments?post=1519"}],"version-history":[{"count":0,"href":"https:\/\/uygarmicoogullari.com.tr\/en\/wp-json\/wp\/v2\/pages\/1519\/revisions"}],"wp:attachment":[{"href":"https:\/\/uygarmicoogullari.com.tr\/en\/wp-json\/wp\/v2\/media?parent=1519"}],"curies":[{"name":"wp","href":"https:\/\/api.w.org\/{rel}","templated":true}]}}