{"id":1618,"date":"2022-02-16T19:09:12","date_gmt":"2022-02-16T19:09:12","guid":{"rendered":"https:\/\/uygarmicoogullari.com.tr\/?page_id=1618"},"modified":"2022-02-17T00:55:22","modified_gmt":"2022-02-17T00:55:22","slug":"bobrek-cikim-darligi","status":"publish","type":"page","link":"https:\/\/uygarmicoogullari.com.tr\/en\/bobrek-cikim-darligi\/","title":{"rendered":"Renal Outlet Stenosis"},"content":{"rendered":"<div data-elementor-type=\"wp-page\" data-elementor-id=\"1618\" class=\"elementor elementor-1618\" data-elementor-post-type=\"page\">\n\t\t\t\t\t\t<section class=\"elementor-section elementor-top-section elementor-element elementor-element-fa0ab21 elementor-section-height-min-height elementor-section-boxed elementor-section-height-default elementor-section-items-middle\" data-id=\"fa0ab21\" data-element_type=\"section\" data-settings=\"{&quot;background_background&quot;:&quot;classic&quot;}\">\n\t\t\t\t\t\t\t<div class=\"elementor-background-overlay\"><\/div>\n\t\t\t\t\t\t\t<div class=\"elementor-container elementor-column-gap-default\">\n\t\t\t\t\t<div class=\"elementor-column elementor-col-100 elementor-top-column elementor-element elementor-element-42f03ced\" data-id=\"42f03ced\" data-element_type=\"column\">\n\t\t\t<div class=\"elementor-widget-wrap elementor-element-populated\">\n\t\t\t\t\t\t<div class=\"elementor-element elementor-element-4db30005 elementor-widget elementor-widget-heading\" data-id=\"4db30005\" data-element_type=\"widget\" data-widget_type=\"heading.default\">\n\t\t\t\t<div class=\"elementor-widget-container\">\n\t\t\t\t\t<h1 class=\"elementor-heading-title elementor-size-default\">Renal Outlet Stenosis<\/h1>\t\t\t\t<\/div>\n\t\t\t\t<\/div>\n\t\t\t\t\t<\/div>\n\t\t<\/div>\n\t\t\t\t\t<\/div>\n\t\t<\/section>\n\t\t\t\t<section class=\"elementor-section elementor-top-section elementor-element elementor-element-a36c026 elementor-section-boxed elementor-section-height-default elementor-section-height-default\" data-id=\"a36c026\" data-element_type=\"section\">\n\t\t\t\t\t\t<div class=\"elementor-container elementor-column-gap-default\">\n\t\t\t\t\t<div class=\"elementor-column elementor-col-100 elementor-top-column elementor-element elementor-element-3ac68f5\" data-id=\"3ac68f5\" data-element_type=\"column\">\n\t\t\t<div class=\"elementor-widget-wrap elementor-element-populated\">\n\t\t\t\t\t\t<div class=\"elementor-element elementor-element-cf1a86a elementor-widget elementor-widget-heading\" data-id=\"cf1a86a\" data-element_type=\"widget\" data-widget_type=\"heading.default\">\n\t\t\t\t<div class=\"elementor-widget-container\">\n\t\t\t\t\t<h2 class=\"elementor-heading-title elementor-size-default\">Renal Outlet Stenosis<\/h2>\t\t\t\t<\/div>\n\t\t\t\t<\/div>\n\t\t\t\t<div class=\"elementor-element elementor-element-3b15be4 elementor-widget elementor-widget-text-editor\" data-id=\"3b15be4\" data-element_type=\"widget\" data-widget_type=\"text-editor.default\">\n\t\t\t\t<div class=\"elementor-widget-container\">\n\t\t\t\t\t\t\t\t\tUrine formed in the kidney first flows through small tubules into the renal pelvis, where urine is collected, and from there it is transmitted sequentially through the ureter (urinary tract) to the bladder and eventually excreted. The junction where the renal pelvis and the ureter meet is called the \"ureteropelvic junction.\"\n\n\t\t\t\t\t\t\t\t<\/div>\n\t\t\t\t<\/div>\n\t\t\t\t<div class=\"elementor-element elementor-element-38d1154 elementor-widget elementor-widget-image\" data-id=\"38d1154\" data-element_type=\"widget\" data-widget_type=\"image.default\">\n\t\t\t\t<div class=\"elementor-widget-container\">\n\t\t\t\t\t\t\t\t\t\t\t\t\t\t\t<img fetchpriority=\"high\" decoding=\"async\" width=\"800\" height=\"267\" src=\"https:\/\/uygarmicoogullari.com.tr\/wp-content\/uploads\/2022\/02\/U\u0308RETEROPELVI\u0307K-BI\u0307LES\u0327KE-DARLIG\u0306I-1024x342.jpg\" class=\"attachment-large size-large wp-image-1717\" alt=\"\" srcset=\"https:\/\/uygarmicoogullari.com.tr\/wp-content\/uploads\/2022\/02\/U\u0308RETEROPELVI\u0307K-BI\u0307LES\u0327KE-DARLIG\u0306I-1024x342.jpg 1024w, https:\/\/uygarmicoogullari.com.tr\/wp-content\/uploads\/2022\/02\/U\u0308RETEROPELVI\u0307K-BI\u0307LES\u0327KE-DARLIG\u0306I-300x100.jpg 300w, https:\/\/uygarmicoogullari.com.tr\/wp-content\/uploads\/2022\/02\/U\u0308RETEROPELVI\u0307K-BI\u0307LES\u0327KE-DARLIG\u0306I-768x256.jpg 768w, https:\/\/uygarmicoogullari.com.tr\/wp-content\/uploads\/2022\/02\/U\u0308RETEROPELVI\u0307K-BI\u0307LES\u0327KE-DARLIG\u0306I.jpg 1048w\" sizes=\"(max-width: 800px) 100vw, 800px\" \/>\t\t\t\t\t\t\t\t\t\t\t\t\t\t\t<\/div>\n\t\t\t\t<\/div>\n\t\t\t\t\t<\/div>\n\t\t<\/div>\n\t\t\t\t\t<\/div>\n\t\t<\/section>\n\t\t\t\t<section class=\"elementor-section elementor-top-section elementor-element elementor-element-4b12f61 elementor-section-boxed elementor-section-height-default elementor-section-height-default\" data-id=\"4b12f61\" data-element_type=\"section\">\n\t\t\t\t\t\t<div class=\"elementor-container elementor-column-gap-default\">\n\t\t\t\t\t<div class=\"elementor-column elementor-col-100 elementor-top-column elementor-element elementor-element-533ff81\" data-id=\"533ff81\" data-element_type=\"column\">\n\t\t\t<div class=\"elementor-widget-wrap elementor-element-populated\">\n\t\t\t\t\t\t<div class=\"elementor-element elementor-element-00012df elementor-widget elementor-widget-text-editor\" data-id=\"00012df\" data-element_type=\"widget\" data-widget_type=\"text-editor.default\">\n\t\t\t\t<div class=\"elementor-widget-container\">\n\t\t\t\t\t\t\t\t\t<p>The condition where there is a narrowing at the junction between the renal pelvis (pelvis) and the ureter (urinary tract) due to congenital developmental defects is called Ureteropelvic Junction Obstruction (UPJ Obstruction or Kidney Outlet Obstruction). This narrowing impairs urine flow, causing dilation (hydronephrosis) of the renal pelvis and the renal ducts due to accumulated urine in the kidney. If this obstruction causes significant disruption in urine flow, it can lead to a decline in kidney function over time, potentially resulting in complete loss of kidney function.<\/p>\n<p><b>How common is it?<\/b><\/p>\n<p>The most common cause of renal enlargement (hydronephrosis) detected in a baby during pregnancy is UPJ Obstruction. It occurs in approximately 1 in 1,500 births. It is typically on the left side and is twice as common in males. <\/p>\n<p><b>What is the cause<\/b><\/p>\n<p>It is often a congenital disorder. It occurs due to abnormalities during the development of the structures that form the kidney and urinary tract, known as the ureteric bud and metanephric blastema. Additionally, abnormally developed renal blood vessels crossing the UPJ or a UPJ with an abnormally high exit point can also be causes of congenital UPJ obstruction.<\/p>\n<p>In addition to congenital disorders, infections (especially tuberculosis), trauma, and surgeries can also be causes of acquired UPJ obstruction.<\/p>\n<p><b>How is the diagnosis made?<\/b><\/p>\n<p>The diagnosis is typically made during routine pregnancy screenings via ultrasound, that is, while still in the womb. Some cases, however, are detected years later or even in adulthood through radiological examinations performed due to pain, urinary infections, or other reasons. In cases where UPJ obstruction is diagnosed radiologically, a renal scintigraphy (DTPA or MAG-3 with diuretic renogram) is performed to assess the severity of the obstruction, and it is determined whether surgery is necessary. Early diagnosis and treatment of severe obstructions are crucial for preserving kidney function.<\/p>\n<p><b>Who should be treated?<\/b><\/p>\n<p>If kidney function is impaired (&lt;40%) or if there is a decrease of more than 10% during follow-up,<br>\nIf the drainage is poor despite the administration of the drug in the diuretic renogram,<br>\nIf it leads to persistent pain and infections,<\/p><p><br><b>\nHow is it treated?<\/b><\/p>\n<p>The treatment of UPJ obstruction is surgical. In a procedure called pyeloplasty, the narrowed UPJ is removed, and the renal pelvis is reattached to the ureter. This procedure can be performed through open, laparoscopic, or robotic surgery. Laparoscopic and robotic surgeries offer advantages over open surgery in terms of cosmetic outcomes and recovery time.<\/p>\n<p>In individuals who have previously undergone pyeloplasty but experienced failure, an endoscopic procedure called endopyelotomy is another surgical technique used in the treatment of this condition.<\/p>\t\t\t\t\t\t\t\t<\/div>\n\t\t\t\t<\/div>\n\t\t\t\t\t<\/div>\n\t\t<\/div>\n\t\t\t\t\t<\/div>\n\t\t<\/section>\n\t\t\t\t<\/div>","protected":false},"excerpt":{"rendered":"<p>B\u00f6brek \u00c7\u0131k\u0131m Darl\u0131\u011f\u0131 B\u00f6brek \u00c7\u0131k\u0131m Darl\u0131\u011f\u0131 B\u00f6brekte olu\u015fan idrar \u00f6nce k\u00fc\u00e7\u00fck kanalc\u0131klar arac\u0131l\u0131\u011f\u0131yla idrar\u0131n topland\u0131\u011f\u0131 b\u00f6brek havuzuna (renal pelvis) gelir ve buradan s\u0131ras\u0131yla \u00fcreter (idrar kanal\u0131) ve mesaneye iletilerek d\u0131\u015far\u0131 at\u0131l\u0131r. Renal pelvis ile \u00fcreterin birle\u015fti\u011fi noktaya \u201c\u00fcreteropelvik bile\u015fke\u201d ad\u0131 verilmektedir. B\u00f6brek havuzu (pelvis) ile \u00fcreter (idrar kanal\u0131) aras\u0131ndaki bu ge\u00e7i\u015f noktas\u0131nda do\u011fu\u015ftan gelen geli\u015fim [&hellip;]<\/p>","protected":false},"author":1,"featured_media":0,"parent":0,"menu_order":0,"comment_status":"closed","ping_status":"closed","template":"","meta":{"footnotes":""},"class_list":["post-1618","page","type-page","status-publish","hentry"],"aioseo_notices":[],"_links":{"self":[{"href":"https:\/\/uygarmicoogullari.com.tr\/en\/wp-json\/wp\/v2\/pages\/1618","targetHints":{"allow":["GET"]}}],"collection":[{"href":"https:\/\/uygarmicoogullari.com.tr\/en\/wp-json\/wp\/v2\/pages"}],"about":[{"href":"https:\/\/uygarmicoogullari.com.tr\/en\/wp-json\/wp\/v2\/types\/page"}],"author":[{"embeddable":true,"href":"https:\/\/uygarmicoogullari.com.tr\/en\/wp-json\/wp\/v2\/users\/1"}],"replies":[{"embeddable":true,"href":"https:\/\/uygarmicoogullari.com.tr\/en\/wp-json\/wp\/v2\/comments?post=1618"}],"version-history":[{"count":0,"href":"https:\/\/uygarmicoogullari.com.tr\/en\/wp-json\/wp\/v2\/pages\/1618\/revisions"}],"wp:attachment":[{"href":"https:\/\/uygarmicoogullari.com.tr\/en\/wp-json\/wp\/v2\/media?parent=1618"}],"curies":[{"name":"wp","href":"https:\/\/api.w.org\/{rel}","templated":true}]}}