{"id":1619,"date":"2022-02-16T19:09:11","date_gmt":"2022-02-16T19:09:11","guid":{"rendered":"https:\/\/uygarmicoogullari.com.tr\/?page_id=1619"},"modified":"2022-06-06T21:13:53","modified_gmt":"2022-06-06T21:13:53","slug":"interstisyel-sistit","status":"publish","type":"page","link":"https:\/\/uygarmicoogullari.com.tr\/en\/interstisyel-sistit\/","title":{"rendered":"\u0130nterstisyel sistit"},"content":{"rendered":"<div data-elementor-type=\"wp-page\" data-elementor-id=\"1619\" class=\"elementor elementor-1619\" data-elementor-post-type=\"page\">\n\t\t\t\t\t\t<section class=\"elementor-section elementor-top-section elementor-element elementor-element-5cc1fa28 elementor-section-height-min-height elementor-section-boxed elementor-section-height-default elementor-section-items-middle\" data-id=\"5cc1fa28\" data-element_type=\"section\" data-settings=\"{&quot;background_background&quot;:&quot;classic&quot;}\">\n\t\t\t\t\t\t\t<div class=\"elementor-background-overlay\"><\/div>\n\t\t\t\t\t\t\t<div class=\"elementor-container elementor-column-gap-default\">\n\t\t\t\t\t<div class=\"elementor-column elementor-col-100 elementor-top-column elementor-element elementor-element-67180327\" data-id=\"67180327\" data-element_type=\"column\">\n\t\t\t<div class=\"elementor-widget-wrap elementor-element-populated\">\n\t\t\t\t\t\t<div class=\"elementor-element elementor-element-662b05db elementor-widget elementor-widget-heading\" data-id=\"662b05db\" data-element_type=\"widget\" data-widget_type=\"heading.default\">\n\t\t\t\t<div class=\"elementor-widget-container\">\n\t\t\t\t\t<h1 class=\"elementor-heading-title elementor-size-default\">\u0130nterstisyel sistit<\/h1>\t\t\t\t<\/div>\n\t\t\t\t<\/div>\n\t\t\t\t\t<\/div>\n\t\t<\/div>\n\t\t\t\t\t<\/div>\n\t\t<\/section>\n\t\t\t\t<section class=\"elementor-section elementor-top-section elementor-element elementor-element-bdd788d elementor-section-boxed elementor-section-height-default elementor-section-height-default\" data-id=\"bdd788d\" data-element_type=\"section\">\n\t\t\t\t\t\t<div class=\"elementor-container elementor-column-gap-default\">\n\t\t\t\t\t<div class=\"elementor-column elementor-col-100 elementor-top-column elementor-element elementor-element-dfb7e65\" data-id=\"dfb7e65\" data-element_type=\"column\">\n\t\t\t<div class=\"elementor-widget-wrap elementor-element-populated\">\n\t\t\t\t\t\t<div class=\"elementor-element elementor-element-b92db3b elementor-widget elementor-widget-heading\" data-id=\"b92db3b\" data-element_type=\"widget\" data-widget_type=\"heading.default\">\n\t\t\t\t<div class=\"elementor-widget-container\">\n\t\t\t\t\t<h2 class=\"elementor-heading-title elementor-size-default\">\u0130nterstisyel sistit Nedir?<\/h2>\t\t\t\t<\/div>\n\t\t\t\t<\/div>\n\t\t\t\t\t<\/div>\n\t\t<\/div>\n\t\t\t\t\t<\/div>\n\t\t<\/section>\n\t\t\t\t<section class=\"elementor-section elementor-top-section elementor-element elementor-element-8642d29 elementor-section-boxed elementor-section-height-default elementor-section-height-default\" data-id=\"8642d29\" data-element_type=\"section\">\n\t\t\t\t\t\t<div class=\"elementor-container elementor-column-gap-default\">\n\t\t\t\t\t<div class=\"elementor-column elementor-col-100 elementor-top-column elementor-element elementor-element-a13c411\" data-id=\"a13c411\" data-element_type=\"column\">\n\t\t\t<div class=\"elementor-widget-wrap elementor-element-populated\">\n\t\t\t\t\t\t<div class=\"elementor-element elementor-element-1acfc07 elementor-widget elementor-widget-text-editor\" data-id=\"1acfc07\" data-element_type=\"widget\" data-widget_type=\"text-editor.default\">\n\t\t\t\t<div class=\"elementor-widget-container\">\n\t\t\t\t\t\t\t\t\t<p>Mesane A\u011fr\u0131 Sendromu ya da A\u011fr\u0131l\u0131 Mesane Sendromu olarak da bilinen \u0130nterstisyel Sistit, mesane ve pelvik b\u00f6lgede a\u011fr\u0131, s\u00fcrekli s\u0131k\u0131\u015fma hissi ve s\u0131k idrara \u00e7\u0131kma ile karakterize mesanenin mikrobik olmayan kronik iltihabi hastal\u0131\u011f\u0131d\u0131r. Hastalar\u0131n %90\u2019\u0131 kad\u0131n, semptomlar\u0131n ba\u015flang\u0131\u00e7 ya\u015f\u0131 s\u0131kl\u0131kla 30-50 ya\u015f aras\u0131ndad\u0131r.<\/p>\n<p><b>Bulgular\u0131<\/b><\/p>\n<p>Tipik bulgular\u0131 mesane a\u011fr\u0131s\u0131, s\u0131k idrara \u00e7\u0131kma ve s\u00fcrekli idrar yapma iste\u011fidir. A\u011fr\u0131 hissi genellikle mesane dolduk\u00e7a belirginle\u015fmekte, idrar yap\u0131nca ise azalmaktad\u0131r. \u015eikayetlerde g\u00f6r\u00fclen alevlenme ve iyilik halleri bu hastal\u0131k i\u00e7in tipiktir. Cinsel ili\u015fki hem kad\u0131n hem erkek i\u00e7in \u00e7o\u011fu zaman a\u011fr\u0131l\u0131 olmaktad\u0131r. Bu hastalarda ayr\u0131ca fibromyalji, kas ve iskelet sistemi a\u011fr\u0131lar\u0131, kab\u0131zl\u0131k, irritabl barsak sendromu, otoimm\u00fcn hastal\u0131klar, depresyon, allerji ve migren daha s\u0131k izlenmektedir.<\/p>\n<p><br><\/p>\t\t\t\t\t\t\t\t<\/div>\n\t\t\t\t<\/div>\n\t\t\t\t<div class=\"elementor-element elementor-element-ef52254 elementor-widget elementor-widget-image\" data-id=\"ef52254\" data-element_type=\"widget\" data-widget_type=\"image.default\">\n\t\t\t\t<div class=\"elementor-widget-container\">\n\t\t\t\t\t\t\t\t\t\t\t\t\t\t\t<img fetchpriority=\"high\" decoding=\"async\" width=\"800\" height=\"267\" src=\"https:\/\/uygarmicoogullari.com.tr\/wp-content\/uploads\/2022\/02\/I\u0307NTERSTI\u0307SYEL-SI\u0307STI\u0307T-AG\u0306RILI-MESANE-SENDROMU-1024x342.jpg\" class=\"attachment-large size-large wp-image-1708\" alt=\"\" srcset=\"https:\/\/uygarmicoogullari.com.tr\/wp-content\/uploads\/2022\/02\/I\u0307NTERSTI\u0307SYEL-SI\u0307STI\u0307T-AG\u0306RILI-MESANE-SENDROMU-1024x342.jpg 1024w, https:\/\/uygarmicoogullari.com.tr\/wp-content\/uploads\/2022\/02\/I\u0307NTERSTI\u0307SYEL-SI\u0307STI\u0307T-AG\u0306RILI-MESANE-SENDROMU-300x100.jpg 300w, https:\/\/uygarmicoogullari.com.tr\/wp-content\/uploads\/2022\/02\/I\u0307NTERSTI\u0307SYEL-SI\u0307STI\u0307T-AG\u0306RILI-MESANE-SENDROMU-768x256.jpg 768w, https:\/\/uygarmicoogullari.com.tr\/wp-content\/uploads\/2022\/02\/I\u0307NTERSTI\u0307SYEL-SI\u0307STI\u0307T-AG\u0306RILI-MESANE-SENDROMU.jpg 1048w\" sizes=\"(max-width: 800px) 100vw, 800px\" \/>\t\t\t\t\t\t\t\t\t\t\t\t\t\t\t<\/div>\n\t\t\t\t<\/div>\n\t\t\t\t<div class=\"elementor-element elementor-element-086cba6 elementor-widget elementor-widget-text-editor\" data-id=\"086cba6\" data-element_type=\"widget\" data-widget_type=\"text-editor.default\">\n\t\t\t\t<div class=\"elementor-widget-container\">\n\t\t\t\t\t\t\t\t\t<p><b>Nedenleri<\/b><\/p>\n<p>Bir\u00e7ok y\u00f6n\u00fcyle ciddi \u015fekilde ara\u015ft\u0131r\u0131lmas\u0131na ra\u011fmen bu hastal\u0131\u011f\u0131n neden olu\u015ftu\u011fu tam olarak bilinmemektedir. Ancak genel kabul g\u00f6ren g\u00f6r\u00fc\u015f bu hastal\u0131\u011f\u0131n tek bir nedeni olmad\u0131\u011f\u0131; imm\u00fcnolojik, alerjik, n\u00f6rovask\u00fcler, enfeksiy\u00f6z, hatta \u00e7evresel ve genetik bir\u00e7ok fakt\u00f6r\u00fcn birlikte rol ald\u0131\u011f\u0131 bir sendrom oldu\u011fu y\u00f6n\u00fcndedir.<\/p>\n<p><b>Tan\u0131<\/b><\/p>\n<p>Hastal\u0131\u011f\u0131n tan\u0131s\u0131 benzer belirtiler g\u00f6steren di\u011fer hastal\u0131klar ekarte edilerek konulmaktad\u0131r. Bunu yapmak i\u00e7in a\u015fa\u011f\u0131daki test ve basamaklar kullan\u0131lmaktad\u0131r.<\/p>\n<p>Detayl\u0131 \u00d6yk\u00fc<br>\nFizik Muayene<br>\n\u0130drar Analizi ve K\u00fclt\u00fcr\u00fc<br>\nSorgulama Formlar\u0131 ve \u0130\u015feme \u00c7izelgesi<br>\nPotasyum Hassasiyet (Parsons) Testi<br>\n\u00dcrodinami<br>\nSistoskopi<\/p>\n<p><b>Treatment<\/b><\/p>\n<p>Basamak: Konservatif Yakla\u015f\u0131m<br>\n\u2013 Hastay\u0131 hastal\u0131\u011f\u0131 hakk\u0131nda bilgilendirmek<\/p>\n<p>\u2013 Ya\u015fam tarz\u0131 de\u011fi\u015fiklikleri: stresten uzak durmak, spor yapmak, pelvik taban kaslar\u0131n\u0131 gev\u015fetebilmeyi \u00f6\u011frenmek, \u0131l\u0131k du\u015f banyolar\u0131 vb.<\/p>\n<p>\u2013 Diyet: \u00d6zellikle so\u011fan, domates, baklagiller, muz, elma, kay\u0131s\u0131, portakal, mandalina ve limon gibi turun\u00e7giller, \u015feftali, nektarin, yo\u011furt, mayonez, ket\u00e7ap, hardal ve \u00f6zellikle baharatl\u0131 yemekler, sirke, baz\u0131 salata soslar\u0131, suni tatland\u0131r\u0131c\u0131lar, i\u00e7eceklerden alkol veya kahve ve kolalar gibi kafein i\u00e7erenler, baz\u0131 meyve sular\u0131 ve \u00e7ay\u0131n hastalar\u0131n \u015fikayetlerini artt\u0131rd\u0131\u011f\u0131 bilinmektedir. Bunlar\u0131n bireysel olarak tek tek denenerek \u015fikayetleri artt\u0131ranlar\u0131 diyetten \u00e7\u0131karmak faydal\u0131 olacakt\u0131r.<\/p>\n<p>Basamak: \u0130la\u00e7 Tedavileri<br>\nA\u011f\u0131zdan Al\u0131nan: Amitriptilin, Pentozan Polis\u00fclfat Sodyum (PPS) ve Antihistaminikler a\u011f\u0131zdan en s\u0131k kullan\u0131lan ve Avrupa \u00dcroloji K\u0131lvuzlar\u0131\u2019nda \u00f6nerilen ila\u00e7lard\u0131r.<\/p>\n<p>Mesane \u0130\u00e7ine Verilen: Dimetil s\u00fclfoksit (DMSO), Lidokain + Sodyum Bikarbonat, Hyaluronik Asit, Kondroitin S\u00fclfat, Pentozan Polis\u00fclfat Sodyum (PPS) ve Heparin bu ama\u00e7la kullan\u0131lmaktad\u0131r.<\/p>\n<p>Basamak Tedavi: Sistoskopi+Hidrodistansiyon ve Hunner \u00dclserlerinin Rezeksiyonu<br>\nBasamak Tedavi: Mesane \u0130\u00e7i Botoks Uygulamas\u0131 ve Sakral N\u00f6romod\u00fclasyon<br>\nBasamak Tedavi: Siklosporin A ve intramural onabotilinum toksin A enjeksiyonlar\u0131.<br>\nBasamak Tedavi: \u00dcriner Diversiyon + Sistektomi<\/p>\t\t\t\t\t\t\t\t<\/div>\n\t\t\t\t<\/div>\n\t\t\t\t\t<\/div>\n\t\t<\/div>\n\t\t\t\t\t<\/div>\n\t\t<\/section>\n\t\t\t\t<\/div>","protected":false},"excerpt":{"rendered":"<p>\u0130nterstisyel sistit \u0130nterstisyel sistit Nedir? Mesane A\u011fr\u0131 Sendromu ya da A\u011fr\u0131l\u0131 Mesane Sendromu olarak da bilinen \u0130nterstisyel Sistit, mesane ve pelvik b\u00f6lgede a\u011fr\u0131, s\u00fcrekli s\u0131k\u0131\u015fma hissi ve s\u0131k idrara \u00e7\u0131kma ile karakterize mesanenin mikrobik olmayan kronik iltihabi hastal\u0131\u011f\u0131d\u0131r. Hastalar\u0131n %90\u2019\u0131 kad\u0131n, semptomlar\u0131n ba\u015flang\u0131\u00e7 ya\u015f\u0131 s\u0131kl\u0131kla 30-50 ya\u015f aras\u0131ndad\u0131r. Bulgular\u0131 Tipik bulgular\u0131 mesane a\u011fr\u0131s\u0131, s\u0131k idrara [&hellip;]<\/p>","protected":false},"author":1,"featured_media":0,"parent":0,"menu_order":0,"comment_status":"closed","ping_status":"closed","template":"","meta":{"footnotes":""},"class_list":["post-1619","page","type-page","status-publish","hentry"],"aioseo_notices":[],"_links":{"self":[{"href":"https:\/\/uygarmicoogullari.com.tr\/en\/wp-json\/wp\/v2\/pages\/1619","targetHints":{"allow":["GET"]}}],"collection":[{"href":"https:\/\/uygarmicoogullari.com.tr\/en\/wp-json\/wp\/v2\/pages"}],"about":[{"href":"https:\/\/uygarmicoogullari.com.tr\/en\/wp-json\/wp\/v2\/types\/page"}],"author":[{"embeddable":true,"href":"https:\/\/uygarmicoogullari.com.tr\/en\/wp-json\/wp\/v2\/users\/1"}],"replies":[{"embeddable":true,"href":"https:\/\/uygarmicoogullari.com.tr\/en\/wp-json\/wp\/v2\/comments?post=1619"}],"version-history":[{"count":0,"href":"https:\/\/uygarmicoogullari.com.tr\/en\/wp-json\/wp\/v2\/pages\/1619\/revisions"}],"wp:attachment":[{"href":"https:\/\/uygarmicoogullari.com.tr\/en\/wp-json\/wp\/v2\/media?parent=1619"}],"curies":[{"name":"wp","href":"https:\/\/api.w.org\/{rel}","templated":true}]}}