{"id":1620,"date":"2022-02-16T19:09:06","date_gmt":"2022-02-16T19:09:06","guid":{"rendered":"https:\/\/uygarmicoogullari.com.tr\/?page_id=1620"},"modified":"2022-06-06T21:15:02","modified_gmt":"2022-06-06T21:15:02","slug":"idrar-yolu-enfeksiyonu","status":"publish","type":"page","link":"https:\/\/uygarmicoogullari.com.tr\/en\/idrar-yolu-enfeksiyonu\/","title":{"rendered":"Urinary Tract Infection"},"content":{"rendered":"<div data-elementor-type=\"wp-page\" data-elementor-id=\"1620\" class=\"elementor elementor-1620\" data-elementor-post-type=\"page\">\n\t\t\t\t\t\t<section class=\"elementor-section elementor-top-section elementor-element elementor-element-7f589873 elementor-section-height-min-height elementor-section-boxed elementor-section-height-default elementor-section-items-middle\" data-id=\"7f589873\" data-element_type=\"section\" data-settings=\"{&quot;background_background&quot;:&quot;classic&quot;}\">\n\t\t\t\t\t\t\t<div class=\"elementor-background-overlay\"><\/div>\n\t\t\t\t\t\t\t<div class=\"elementor-container elementor-column-gap-default\">\n\t\t\t\t\t<div class=\"elementor-column elementor-col-100 elementor-top-column elementor-element elementor-element-701a8add\" data-id=\"701a8add\" data-element_type=\"column\">\n\t\t\t<div class=\"elementor-widget-wrap elementor-element-populated\">\n\t\t\t\t\t\t<div class=\"elementor-element elementor-element-5b3f2595 elementor-widget elementor-widget-heading\" data-id=\"5b3f2595\" data-element_type=\"widget\" data-widget_type=\"heading.default\">\n\t\t\t\t<div class=\"elementor-widget-container\">\n\t\t\t\t\t<h1 class=\"elementor-heading-title elementor-size-default\">Urinary Tract Infection<\/h1>\t\t\t\t<\/div>\n\t\t\t\t<\/div>\n\t\t\t\t\t<\/div>\n\t\t<\/div>\n\t\t\t\t\t<\/div>\n\t\t<\/section>\n\t\t\t\t<section class=\"elementor-section elementor-top-section elementor-element elementor-element-e32c93d elementor-section-boxed elementor-section-height-default elementor-section-height-default\" data-id=\"e32c93d\" data-element_type=\"section\">\n\t\t\t\t\t\t<div class=\"elementor-container elementor-column-gap-default\">\n\t\t\t\t\t<div class=\"elementor-column elementor-col-100 elementor-top-column elementor-element elementor-element-ffd949d\" data-id=\"ffd949d\" data-element_type=\"column\">\n\t\t\t<div class=\"elementor-widget-wrap elementor-element-populated\">\n\t\t\t\t\t\t<div class=\"elementor-element elementor-element-284be86 elementor-widget elementor-widget-heading\" data-id=\"284be86\" data-element_type=\"widget\" data-widget_type=\"heading.default\">\n\t\t\t\t<div class=\"elementor-widget-container\">\n\t\t\t\t\t<h2 class=\"elementor-heading-title elementor-size-default\">\u0130drar Yolu Enfeksiyonu Nedir?<\/h2>\t\t\t\t<\/div>\n\t\t\t\t<\/div>\n\t\t\t\t\t<\/div>\n\t\t<\/div>\n\t\t\t\t\t<\/div>\n\t\t<\/section>\n\t\t\t\t<section class=\"elementor-section elementor-top-section elementor-element elementor-element-1df1cf2 elementor-section-boxed elementor-section-height-default elementor-section-height-default\" data-id=\"1df1cf2\" data-element_type=\"section\">\n\t\t\t\t\t\t<div class=\"elementor-container elementor-column-gap-default\">\n\t\t\t\t\t<div class=\"elementor-column elementor-col-100 elementor-top-column elementor-element elementor-element-943fa75\" data-id=\"943fa75\" data-element_type=\"column\">\n\t\t\t<div class=\"elementor-widget-wrap elementor-element-populated\">\n\t\t\t\t\t\t<div class=\"elementor-element elementor-element-0b88c84 elementor-widget elementor-widget-text-editor\" data-id=\"0b88c84\" data-element_type=\"widget\" data-widget_type=\"text-editor.default\">\n\t\t\t\t<div class=\"elementor-widget-container\">\n\t\t\t\t\t\t\t\t\t<p><b>Tan\u0131m<\/b>: \u00dcriner sistem enfeksiyonlar\u0131 olarak da adland\u0131r\u0131lan bu durum \u00fcriner sistemin (b\u00f6brek, \u00fcreter, mesane, \u00fcretra) bakteriyel sald\u0131r\u0131ya kar\u015f\u0131 vermi\u015f oldu\u011fu iltihabi yan\u0131tt\u0131r. \u00dcriner sistemde etkiledi\u011fi b\u00f6l\u00fcme g\u00f6re isimlendirilir:<\/p>\n<p>Mesane etkilenmi\u015fse Sistit,<br>B\u00f6brek etkilenmi\u015fse Piyelonefrit,<br>\u00dcretra etkilenmi\u015fse \u00dcretrit olarak adland\u0131r\u0131l\u0131r.<\/p><p><br>Bu enfeksiyonlardan en s\u0131k sorumlu ajanlar E.Coli (%70-95), Stafilokoklar (%5-10) ve di\u011fer Enterokok (Proteus, Klebsiella vb) bakterilerdir. Bunun yan\u0131s\u0131ra gonore, klamidya ve mikoplazma gibi cinsel yolla bula\u015fan ajanlarda idrar yolu enfeksiyonlar\u0131na \u00f6zellikle \u00fcretrite yol a\u00e7maktad\u0131r.<\/p>\n<p><br><\/p>\t\t\t\t\t\t\t\t<\/div>\n\t\t\t\t<\/div>\n\t\t\t\t<div class=\"elementor-element elementor-element-3fc3036 elementor-widget elementor-widget-image\" data-id=\"3fc3036\" data-element_type=\"widget\" data-widget_type=\"image.default\">\n\t\t\t\t<div class=\"elementor-widget-container\">\n\t\t\t\t\t\t\t\t\t\t\t\t\t\t\t<img fetchpriority=\"high\" decoding=\"async\" width=\"800\" height=\"267\" src=\"https:\/\/uygarmicoogullari.com.tr\/wp-content\/uploads\/2022\/02\/I\u0307drar-Yolu-Enfeksyonu-tedavisi-Ankara-1024x342.jpg\" class=\"attachment-large size-large wp-image-1712\" alt=\"\" srcset=\"https:\/\/uygarmicoogullari.com.tr\/wp-content\/uploads\/2022\/02\/I\u0307drar-Yolu-Enfeksyonu-tedavisi-Ankara-1024x342.jpg 1024w, https:\/\/uygarmicoogullari.com.tr\/wp-content\/uploads\/2022\/02\/I\u0307drar-Yolu-Enfeksyonu-tedavisi-Ankara-300x100.jpg 300w, https:\/\/uygarmicoogullari.com.tr\/wp-content\/uploads\/2022\/02\/I\u0307drar-Yolu-Enfeksyonu-tedavisi-Ankara-768x256.jpg 768w, https:\/\/uygarmicoogullari.com.tr\/wp-content\/uploads\/2022\/02\/I\u0307drar-Yolu-Enfeksyonu-tedavisi-Ankara.jpg 1048w\" sizes=\"(max-width: 800px) 100vw, 800px\" \/>\t\t\t\t\t\t\t\t\t\t\t\t\t\t\t<\/div>\n\t\t\t\t<\/div>\n\t\t\t\t<div class=\"elementor-element elementor-element-06d3db1 elementor-widget elementor-widget-text-editor\" data-id=\"06d3db1\" data-element_type=\"widget\" data-widget_type=\"text-editor.default\">\n\t\t\t\t<div class=\"elementor-widget-container\">\n\t\t\t\t\t\t\t\t\t<p><b>Belirtiler<\/b><\/p>\n<p>\u0130drar yaparken yanma ve a\u011fr\u0131<br>\nK\u00f6t\u00fc kokulu idrar<br>\nS\u0131k idrara \u00e7\u0131kma<br>\nKoyu renkli veya k\u0131rm\u0131z\u0131 renkli idrar<br>\nHalsizlik ve yorgunluk<br>\nKar\u0131n alt b\u00f6lgesinde a\u011fr\u0131<br>\nB\u00f6brekte enfeksiyon varsa;<\/p>\n<p>Ate\u015f<br>\nBulant\u0131 kusma<br>\nYan a\u011fr\u0131s\u0131<br>\n\u0130drar yolu enfeksiyonu kad\u0131nlarda en s\u0131k izlenen bakteriyel enfeksiyonlard\u0131r. Ya\u015fam\u0131 boyunca her iki kad\u0131ndan birisi antibiyotik tedavisi gerektiren \u00fcriner sistem enfeksiyonu ge\u00e7irmekte ve bu enfeksiyonlar\u0131n 1\/5\u2019i kronik hale gelmektedir.<\/p>\n<p>\u00dcriner enfeksiyonlar\u0131n kad\u0131nlarda daha s\u0131k izlenmesinin sebebi \u00fcretra dedi\u011fimiz idrar kanal\u0131n\u0131n daha k\u0131sa olmas\u0131 sebebiyle bakterilerin mesaneye daha kolay ula\u015fabilmesidir. Erkeklerde idrar yolu enfeksiyonlar\u0131 \u00e7ok s\u0131k izlenmedi\u011fi i\u00e7in g\u00f6r\u00fclmesi durumunda ba\u015fta prostat hastal\u0131klar\u0131 olmak \u00fczere altta yatan neden ara\u015ft\u0131r\u0131lmal\u0131d\u0131r.<\/p>\n<p><b>Tan\u0131<\/b><\/p>\n<p>Sistit \u015f\u00fcphesi durumunda klinik bulgularla birlikte idrar analizi yeterli olmaktad\u0131r. Ancak gerekli olgularda idrar k\u00fclt\u00fcr\u00fc, ultrasonografi ya da di\u011fer g\u00f6r\u00fcnt\u00fcleme y\u00f6ntemleri ve sistoskopi gibi ileri tetkikler gerekebilmektedir.<\/p>\n<p><b>Treatment<\/b><\/p>\n<p>Aktif enfeksiyonlar\u0131n tedavisinde mutlaka antibiyotik tedavisi \u00f6nerilmektedir. Peki bu enfeksiyonlar\u0131n s\u0131kl\u0131\u011f\u0131n\u0131 azaltmak i\u00e7in neler yapabiliriz?<\/p>\n<p>K\u0131z\u0131lc\u0131k suyu, i\u00e7ermi\u015f oldu\u011fu proantosiyanidin molek\u00fcl\u00fc sayesinde bakterilerin mesane duvar\u0131na tutunmas\u0131n\u0131 \u00f6nlemekte, antioksidan \u00f6zelli\u011fi sayesinde ise ba\u011f\u0131\u015f\u0131kl\u0131k sistemini g\u00fc\u00e7lendirmektedir. G\u00fcnl\u00fck 1 bardak t\u00fcketimi \u00fcriner sistem enfeksiyon s\u0131kl\u0131\u011f\u0131n\u0131 %50\u2019ye varan oranda azaltmaktad\u0131r.<br>\nProbiyotik i\u00e7eren yo\u011furt, kefir ve baz\u0131 peynirler idrar PH d\u00fczeyini d\u00fc\u015f\u00fcrmekte, g\u00fc\u00e7l\u00fc bir antibakteriyel olan hidrojenperoksit \u00fcretmekte ve genital b\u00f6lgenin floras\u0131n\u0131 d\u00fczenleyerek idrar yolu enfeksiyonlar\u0131n\u0131n s\u0131kl\u0131\u011f\u0131n\u0131 ciddi oranda azaltmaktad\u0131r.<br>\nG\u00fcnl\u00fck s\u0131v\u0131 al\u0131m\u0131n\u0131 artt\u0131rmak,<br>\n\u0130drar bekletme al\u0131\u015fkanl\u0131\u011f\u0131n\u0131 k\u0131rmak,<br>\nYeterli miktarda C vitamini t\u00fcketmek,<br>\nGenital ve seks\u00fcel hijyene dikkat etmek,<br>\nTuvalet temizli\u011fini do\u011fru yapmak da yine bu anlamda al\u0131nmas\u0131 gereken \u00f6nemli tedbirlerdir.<br>\nYukarda bahsetti\u011fimiz basit tedbirlerle idrar yolu enfeksiyonlar\u0131n\u0131n b\u00fcy\u00fck oranda \u00f6n\u00fcne ge\u00e7ilebilir, antibiyotik kullan\u0131m\u0131na ba\u011fl\u0131 olu\u015fabilecek yan etkiler ve diren\u00e7 geli\u015fimi \u00f6nlenebilir.<\/p>\t\t\t\t\t\t\t\t<\/div>\n\t\t\t\t<\/div>\n\t\t\t\t\t<\/div>\n\t\t<\/div>\n\t\t\t\t\t<\/div>\n\t\t<\/section>\n\t\t\t\t<\/div>","protected":false},"excerpt":{"rendered":"<p>\u0130drar Yolu Enfeksiyonu \u0130drar Yolu Enfeksiyonu Nedir? Tan\u0131m: \u00dcriner sistem enfeksiyonlar\u0131 olarak da adland\u0131r\u0131lan bu durum \u00fcriner sistemin (b\u00f6brek, \u00fcreter, mesane, \u00fcretra) bakteriyel sald\u0131r\u0131ya kar\u015f\u0131 vermi\u015f oldu\u011fu iltihabi yan\u0131tt\u0131r. \u00dcriner sistemde etkiledi\u011fi b\u00f6l\u00fcme g\u00f6re isimlendirilir: Mesane etkilenmi\u015fse Sistit,B\u00f6brek etkilenmi\u015fse Piyelonefrit,\u00dcretra etkilenmi\u015fse \u00dcretrit olarak adland\u0131r\u0131l\u0131r. Bu enfeksiyonlardan en s\u0131k sorumlu ajanlar E.Coli (%70-95), Stafilokoklar (%5-10) ve [&hellip;]<\/p>","protected":false},"author":1,"featured_media":0,"parent":0,"menu_order":0,"comment_status":"closed","ping_status":"closed","template":"","meta":{"footnotes":""},"class_list":["post-1620","page","type-page","status-publish","hentry"],"aioseo_notices":[],"_links":{"self":[{"href":"https:\/\/uygarmicoogullari.com.tr\/en\/wp-json\/wp\/v2\/pages\/1620","targetHints":{"allow":["GET"]}}],"collection":[{"href":"https:\/\/uygarmicoogullari.com.tr\/en\/wp-json\/wp\/v2\/pages"}],"about":[{"href":"https:\/\/uygarmicoogullari.com.tr\/en\/wp-json\/wp\/v2\/types\/page"}],"author":[{"embeddable":true,"href":"https:\/\/uygarmicoogullari.com.tr\/en\/wp-json\/wp\/v2\/users\/1"}],"replies":[{"embeddable":true,"href":"https:\/\/uygarmicoogullari.com.tr\/en\/wp-json\/wp\/v2\/comments?post=1620"}],"version-history":[{"count":0,"href":"https:\/\/uygarmicoogullari.com.tr\/en\/wp-json\/wp\/v2\/pages\/1620\/revisions"}],"wp:attachment":[{"href":"https:\/\/uygarmicoogullari.com.tr\/en\/wp-json\/wp\/v2\/media?parent=1620"}],"curies":[{"name":"wp","href":"https:\/\/api.w.org\/{rel}","templated":true}]}}