{"id":1628,"date":"2022-02-16T18:57:51","date_gmt":"2022-02-16T18:57:51","guid":{"rendered":"https:\/\/uygarmicoogullari.com.tr\/?page_id=1628"},"modified":"2022-08-13T12:15:54","modified_gmt":"2022-08-13T12:15:54","slug":"mikro-tese","status":"publish","type":"page","link":"https:\/\/uygarmicoogullari.com.tr\/en\/mikro-tese\/","title":{"rendered":"Micro TESE"},"content":{"rendered":"<div data-elementor-type=\"wp-page\" data-elementor-id=\"1628\" class=\"elementor elementor-1628\" data-elementor-post-type=\"page\">\n\t\t\t\t\t\t<section class=\"elementor-section elementor-top-section elementor-element elementor-element-4cece117 elementor-section-height-min-height elementor-section-boxed elementor-section-height-default elementor-section-items-middle\" data-id=\"4cece117\" data-element_type=\"section\" data-settings=\"{&quot;background_background&quot;:&quot;classic&quot;}\">\n\t\t\t\t\t\t\t<div class=\"elementor-background-overlay\"><\/div>\n\t\t\t\t\t\t\t<div class=\"elementor-container elementor-column-gap-default\">\n\t\t\t\t\t<div class=\"elementor-column elementor-col-100 elementor-top-column elementor-element elementor-element-1e06bc69\" data-id=\"1e06bc69\" data-element_type=\"column\">\n\t\t\t<div class=\"elementor-widget-wrap elementor-element-populated\">\n\t\t\t\t\t\t<div class=\"elementor-element elementor-element-5d5b134d elementor-widget elementor-widget-heading\" data-id=\"5d5b134d\" data-element_type=\"widget\" data-widget_type=\"heading.default\">\n\t\t\t\t<div class=\"elementor-widget-container\">\n\t\t\t\t\t<h1 class=\"elementor-heading-title elementor-size-default\">Micro TESE<\/h1>\t\t\t\t<\/div>\n\t\t\t\t<\/div>\n\t\t\t\t\t<\/div>\n\t\t<\/div>\n\t\t\t\t\t<\/div>\n\t\t<\/section>\n\t\t\t\t<section class=\"elementor-section elementor-top-section elementor-element elementor-element-49a0f16 elementor-section-boxed elementor-section-height-default elementor-section-height-default\" data-id=\"49a0f16\" data-element_type=\"section\">\n\t\t\t\t\t\t<div class=\"elementor-container elementor-column-gap-default\">\n\t\t\t\t\t<div class=\"elementor-column elementor-col-100 elementor-top-column elementor-element elementor-element-10ed7ed\" data-id=\"10ed7ed\" data-element_type=\"column\">\n\t\t\t<div class=\"elementor-widget-wrap elementor-element-populated\">\n\t\t\t\t\t\t<div class=\"elementor-element elementor-element-00e0b0b elementor-widget elementor-widget-heading\" data-id=\"00e0b0b\" data-element_type=\"widget\" data-widget_type=\"heading.default\">\n\t\t\t\t<div class=\"elementor-widget-container\">\n\t\t\t\t\t<h2 class=\"elementor-heading-title elementor-size-default\">Mikro TESE Nedir?<\/h2>\t\t\t\t<\/div>\n\t\t\t\t<\/div>\n\t\t\t\t<div class=\"elementor-element elementor-element-eb6f7b8 elementor-widget elementor-widget-video\" data-id=\"eb6f7b8\" data-element_type=\"widget\" data-settings=\"{&quot;youtube_url&quot;:&quot;https:\\\/\\\/www.youtube.com\\\/watch?v=O9qbRjfePuw&quot;,&quot;autoplay&quot;:&quot;yes&quot;,&quot;lazy_load&quot;:&quot;yes&quot;,&quot;video_type&quot;:&quot;youtube&quot;,&quot;controls&quot;:&quot;yes&quot;}\" data-widget_type=\"video.default\">\n\t\t\t\t<div class=\"elementor-widget-container\">\n\t\t\t\t\t\t\t<div class=\"elementor-wrapper elementor-open-inline\">\n\t\t\t<div class=\"elementor-video\"><\/div>\t\t<\/div>\n\t\t\t\t\t\t<\/div>\n\t\t\t\t<\/div>\n\t\t\t\t<div class=\"elementor-element elementor-element-559bc72 elementor-widget elementor-widget-text-editor\" data-id=\"559bc72\" data-element_type=\"widget\" data-widget_type=\"text-editor.default\">\n\t\t\t\t<div class=\"elementor-widget-container\">\n\t\t\t\t\t\t\t\t\t<p><span style=\"font-size: 1rem;\">Micro TESE (Testicular Sperm Extraction under the Microscope) is a surgical method used in cases of male infertility. It is the process of opening the testicles and searching for sperm in order to enable people with no sperm in their semen (azoospermia) or severely impaired sperm quality to have children through in vitro fertilization.<\/span><br><\/p>\n<p><b>Mikro TESE Nas\u0131l Yap\u0131l\u0131r?<\/b><\/p>\n<p>Bu i\u015flemde testis dokusu g\u00fc\u00e7l\u00fc ameliyat mikroskobu alt\u0131nda b\u00fcy\u00fck b\u00fcy\u00fctmede incelenerek, dolgun g\u00f6r\u00fclen t\u00fcb\u00fcllerden k\u00fc\u00e7\u00fck boyutlarda doku \u00f6rnekleri al\u0131n\u0131r. Canl\u0131 sperm h\u00fccresi bulunursa ve anneden al\u0131nan yumurtalar haz\u0131rsa ayn\u0131 g\u00fcn t\u00fcp bebek i\u015flemi i\u00e7in kullan\u0131l\u0131r ya da ileride yap\u0131lacak t\u00fcp bebek tedavisinde kullan\u0131lmak \u00fczere dondurularak saklan\u0131r.<\/p>\n<p><br><\/p>\t\t\t\t\t\t\t\t<\/div>\n\t\t\t\t<\/div>\n\t\t\t\t<div class=\"elementor-element elementor-element-425ca9c elementor-widget elementor-widget-image\" data-id=\"425ca9c\" data-element_type=\"widget\" data-widget_type=\"image.default\">\n\t\t\t\t<div class=\"elementor-widget-container\">\n\t\t\t\t\t\t\t\t\t\t\t\t\t\t\t<img fetchpriority=\"high\" decoding=\"async\" width=\"800\" height=\"267\" src=\"https:\/\/uygarmicoogullari.com.tr\/wp-content\/uploads\/2022\/02\/Micro-tese-kisirlik-tedavisi-1024x342.jpg\" class=\"attachment-large size-large wp-image-1663\" alt=\"\" srcset=\"https:\/\/uygarmicoogullari.com.tr\/wp-content\/uploads\/2022\/02\/Micro-tese-kisirlik-tedavisi-1024x342.jpg 1024w, https:\/\/uygarmicoogullari.com.tr\/wp-content\/uploads\/2022\/02\/Micro-tese-kisirlik-tedavisi-300x100.jpg 300w, https:\/\/uygarmicoogullari.com.tr\/wp-content\/uploads\/2022\/02\/Micro-tese-kisirlik-tedavisi-768x256.jpg 768w, https:\/\/uygarmicoogullari.com.tr\/wp-content\/uploads\/2022\/02\/Micro-tese-kisirlik-tedavisi.jpg 1048w\" sizes=\"(max-width: 800px) 100vw, 800px\" \/>\t\t\t\t\t\t\t\t\t\t\t\t\t\t\t<\/div>\n\t\t\t\t<\/div>\n\t\t\t\t\t<\/div>\n\t\t<\/div>\n\t\t\t\t\t<\/div>\n\t\t<\/section>\n\t\t\t\t<section class=\"elementor-section elementor-top-section elementor-element elementor-element-185a06e elementor-section-boxed elementor-section-height-default elementor-section-height-default\" data-id=\"185a06e\" data-element_type=\"section\">\n\t\t\t\t\t\t<div class=\"elementor-container elementor-column-gap-default\">\n\t\t\t\t\t<div class=\"elementor-column elementor-col-100 elementor-top-column elementor-element elementor-element-644b7a9\" data-id=\"644b7a9\" data-element_type=\"column\">\n\t\t\t<div class=\"elementor-widget-wrap elementor-element-populated\">\n\t\t\t\t\t\t<div class=\"elementor-element elementor-element-7558361 elementor-widget elementor-widget-text-editor\" data-id=\"7558361\" data-element_type=\"widget\" data-widget_type=\"text-editor.default\">\n\t\t\t\t<div class=\"elementor-widget-container\">\n\t\t\t\t\t\t\t\t\t<p><b>Mikro TESE\u2019nin Klasik TESE Operasyonuna \u00dcst\u00fcnl\u00fc\u011f\u00fc Nedir?<\/b><\/p>\n<p>Mikro TESE y\u00f6nteminde klasik TESE i\u015flemine g\u00f6re \u00e7ok daha az doku \u00f6rne\u011fi al\u0131nd\u0131\u011f\u0131 i\u00e7in testis dokusunun zarar g\u00f6rme ihtimali daha d\u00fc\u015f\u00fckt\u00fcr. Sperm yap\u0131m\u0131n\u0131n oldu\u011fu t\u00fcb\u00fcllerin mikroskop b\u00fcy\u00fctmesi ile incelenmesi sperm bulma ihtimalini artt\u0131rmakta, daha \u00e7ok say\u0131da ve daha iyi kalitede sperm elde edilmesine imkan sa\u011flamaktad\u0131r.<\/p>\n<p><b>Mikro TESE ameliyat\u0131nda Sperm H\u00fccresi Bulunamazsa Ne Yap\u0131lmal\u0131d\u0131r?<\/b><\/p>\n<p>Mikro TESE ile sperm bulunmazsa al\u0131nan dokulardan mutlaka patolojik inceleme yap\u0131lmal\u0131d\u0131r. Patolojik inceleme hastan\u0131n bundan sonra izleyece\u011fi s\u00fcre\u00e7 konusunda yol g\u00f6sterici olacakt\u0131r. Mikro TESE y\u00f6nteminin ba\u015far\u0131s\u0131z oldu\u011fu vakalarda tekrarlayan uygulamalarda sperm elde etme ihtimali yakla\u015f\u0131k %20-30 aras\u0131nda de\u011fi\u015fmektedir. Yine son y\u0131llarda TESE ile sperm elde edilemeyen olgulara ROS\u0130 y\u00f6ntemi alternatif bir tedavi yakla\u015f\u0131m\u0131 olarak sunulmaktad\u0131r. Rosi Tekni\u011finde (Round Spermatid Enjeksiyonu) normalde d\u00f6llenme sa\u011flamak i\u00e7in gerekli kapasiteye sahip olmayan \u00f6nc\u00fcl sperm h\u00fccreleri (round spermatid) birtak\u0131m s\u00fcre\u00e7lerden ge\u00e7irilerek yard\u0131mc\u0131 \u00fcreme tekniklerinde kullan\u0131lmaktad\u0131r.<\/p>\t\t\t\t\t\t\t\t<\/div>\n\t\t\t\t<\/div>\n\t\t\t\t\t<\/div>\n\t\t<\/div>\n\t\t\t\t\t<\/div>\n\t\t<\/section>\n\t\t\t\t<\/div>","protected":false},"excerpt":{"rendered":"<p>Mikro TESE Mikro TESE Nedir? https:\/\/www.youtube.com\/watch?v=O9qbRjfePuw Mikro TESE (Mikroskop alt\u0131nda Testik\u00fcler Sperm Ekstraksiyonu), erkek infertilitesi (k\u0131s\u0131rl\u0131k) vakalar\u0131nda ba\u015fvurulan cerrahi bir y\u00f6ntemdir. Menisinde hi\u00e7 sperm bulunmayan (azospermi) ya da sperm kalitesi a\u011f\u0131r derecede bozulmu\u015f ki\u015filerin t\u00fcp bebek y\u00f6ntemiyle \u00e7ocuk sahibi olmas\u0131na olanak sa\u011flamak i\u00e7in testisinin a\u00e7\u0131l\u0131p sperm aranmas\u0131 i\u015flemidir. Mikro TESE Nas\u0131l Yap\u0131l\u0131r? Bu i\u015flemde testis [&hellip;]<\/p>","protected":false},"author":1,"featured_media":0,"parent":0,"menu_order":0,"comment_status":"closed","ping_status":"closed","template":"","meta":{"footnotes":""},"class_list":["post-1628","page","type-page","status-publish","hentry"],"aioseo_notices":[],"_links":{"self":[{"href":"https:\/\/uygarmicoogullari.com.tr\/en\/wp-json\/wp\/v2\/pages\/1628","targetHints":{"allow":["GET"]}}],"collection":[{"href":"https:\/\/uygarmicoogullari.com.tr\/en\/wp-json\/wp\/v2\/pages"}],"about":[{"href":"https:\/\/uygarmicoogullari.com.tr\/en\/wp-json\/wp\/v2\/types\/page"}],"author":[{"embeddable":true,"href":"https:\/\/uygarmicoogullari.com.tr\/en\/wp-json\/wp\/v2\/users\/1"}],"replies":[{"embeddable":true,"href":"https:\/\/uygarmicoogullari.com.tr\/en\/wp-json\/wp\/v2\/comments?post=1628"}],"version-history":[{"count":0,"href":"https:\/\/uygarmicoogullari.com.tr\/en\/wp-json\/wp\/v2\/pages\/1628\/revisions"}],"wp:attachment":[{"href":"https:\/\/uygarmicoogullari.com.tr\/en\/wp-json\/wp\/v2\/media?parent=1628"}],"curies":[{"name":"wp","href":"https:\/\/api.w.org\/{rel}","templated":true}]}}