{"id":2118,"date":"2022-08-30T23:46:55","date_gmt":"2022-08-30T23:46:55","guid":{"rendered":"https:\/\/uygarmicoogullari.com.tr\/?page_id=2118"},"modified":"2022-08-30T23:51:29","modified_gmt":"2022-08-30T23:51:29","slug":"penis-buyutme-kalinlastirma-uzatma","status":"publish","type":"page","link":"https:\/\/uygarmicoogullari.com.tr\/en\/penis-buyutme-kalinlastirma-uzatma\/","title":{"rendered":"Penis B\u00fcy\u00fctme, Kal\u0131nla\u015ft\u0131rma, Uzatma"},"content":{"rendered":"<div data-elementor-type=\"wp-page\" data-elementor-id=\"2118\" class=\"elementor elementor-2118\" data-elementor-post-type=\"page\">\n\t\t\t\t\t\t<section class=\"elementor-section elementor-top-section elementor-element elementor-element-3848af72 elementor-section-height-min-height elementor-section-boxed elementor-section-height-default elementor-section-items-middle\" data-id=\"3848af72\" data-element_type=\"section\" data-settings=\"{&quot;background_background&quot;:&quot;classic&quot;}\">\n\t\t\t\t\t\t\t<div class=\"elementor-background-overlay\"><\/div>\n\t\t\t\t\t\t\t<div class=\"elementor-container elementor-column-gap-default\">\n\t\t\t\t\t<div class=\"elementor-column elementor-col-100 elementor-top-column elementor-element elementor-element-589c6573\" data-id=\"589c6573\" data-element_type=\"column\">\n\t\t\t<div class=\"elementor-widget-wrap elementor-element-populated\">\n\t\t\t\t\t\t<div class=\"elementor-element elementor-element-6cc89583 elementor-widget elementor-widget-heading\" data-id=\"6cc89583\" data-element_type=\"widget\" data-widget_type=\"heading.default\">\n\t\t\t\t<div class=\"elementor-widget-container\">\n\t\t\t\t\t<h1 class=\"elementor-heading-title elementor-size-default\">Penis B\u00fcy\u00fctme (Penis Kal\u0131nla\u015ft\u0131rma ve Uzatma)<\/h1>\t\t\t\t<\/div>\n\t\t\t\t<\/div>\n\t\t\t\t\t<\/div>\n\t\t<\/div>\n\t\t\t\t\t<\/div>\n\t\t<\/section>\n\t\t\t\t<section class=\"elementor-section elementor-top-section elementor-element elementor-element-0b38f1d elementor-section-boxed elementor-section-height-default elementor-section-height-default\" data-id=\"0b38f1d\" data-element_type=\"section\">\n\t\t\t\t\t\t<div class=\"elementor-container elementor-column-gap-default\">\n\t\t\t\t\t<div class=\"elementor-column elementor-col-100 elementor-top-column elementor-element elementor-element-efdd8cf\" data-id=\"efdd8cf\" data-element_type=\"column\">\n\t\t\t<div class=\"elementor-widget-wrap elementor-element-populated\">\n\t\t\t\t\t\t<div class=\"elementor-element elementor-element-3df1c7b elementor-widget elementor-widget-text-editor\" data-id=\"3df1c7b\" data-element_type=\"widget\" data-widget_type=\"text-editor.default\">\n\t\t\t\t<div class=\"elementor-widget-container\">\n\t\t\t\t\t\t\t\t\t<h3><b>Penis B\u00fcy\u00fctme (Penis Kal\u0131nla\u015ft\u0131rma ve Uzatma)<\/b><\/h3>\n<p>Genetik fakt\u00f6rler, yetersiz beslenme, \u0131rksal \u00f6zellikler ve hormonal sorunlar neticesinde penis boyu ve penis kal\u0131nl\u0131\u011f\u0131 ki\u015fiden ki\u015fiye de\u011fi\u015febilmektedir. Nitekim cinsel kimli\u011fin ke\u015ffedilmeye ba\u015flanmas\u0131 ile bir\u00e7ok erkek penis boyutunu sorgulamakta ve beklentilerine yan\u0131t alamad\u0131klar\u0131nda hem fiziksel hem de psikolojik sorunlar ya\u015fayabilmektedir. Cinsel ili\u015fki s\u0131ras\u0131nda yeterince tatmin olamayan, partnerini cinsel anlamda tatmin edemeyen ya da tatmin edemedi\u011fini d\u00fc\u015f\u00fcnen; t\u00fcm bu olumsuzluklar neticesinde performans kayg\u0131s\u0131 ya\u015fay\u0131p erken bo\u015falma ve sertle\u015fme problemi gibi cinsel i\u015flev bozukluklar\u0131 ile kar\u015f\u0131la\u015fan erkek say\u0131s\u0131n\u0131n az\u0131msanamayacak denli fazla oldu\u011fu s\u00f6ylenebilir. Penis b\u00fcy\u00fctme ameliyat\u0131 ile hem penisi uzatabiliyoruz hem de penis kal\u0131nla\u015ft\u0131rma i\u015flemi yapabiliyoruz. Bu i\u015flemi tek bir operasyonda, tek bir anesteziyle ger\u00e7ekle\u015ftirebiliyoruz.<\/p>\t\t\t\t\t\t\t\t<\/div>\n\t\t\t\t<\/div>\n\t\t\t\t\t<\/div>\n\t\t<\/div>\n\t\t\t\t\t<\/div>\n\t\t<\/section>\n\t\t\t\t<section class=\"elementor-section elementor-top-section elementor-element elementor-element-edeac67 elementor-section-boxed elementor-section-height-default elementor-section-height-default\" data-id=\"edeac67\" data-element_type=\"section\">\n\t\t\t\t\t\t<div class=\"elementor-container elementor-column-gap-default\">\n\t\t\t\t\t<div class=\"elementor-column elementor-col-100 elementor-top-column elementor-element elementor-element-5d72e31\" data-id=\"5d72e31\" data-element_type=\"column\">\n\t\t\t<div class=\"elementor-widget-wrap elementor-element-populated\">\n\t\t\t\t\t\t<div class=\"elementor-element elementor-element-baf6001 elementor-widget elementor-widget-image\" data-id=\"baf6001\" data-element_type=\"widget\" data-widget_type=\"image.default\">\n\t\t\t\t<div class=\"elementor-widget-container\">\n\t\t\t\t\t\t\t\t\t\t\t\t\t\t\t<img fetchpriority=\"high\" decoding=\"async\" width=\"600\" height=\"450\" src=\"https:\/\/uygarmicoogullari.com.tr\/wp-content\/uploads\/2022\/08\/pk.jpg\" class=\"attachment-large size-large wp-image-2042\" alt=\"\" srcset=\"https:\/\/uygarmicoogullari.com.tr\/wp-content\/uploads\/2022\/08\/pk.jpg 600w, https:\/\/uygarmicoogullari.com.tr\/wp-content\/uploads\/2022\/08\/pk-300x225.jpg 300w\" sizes=\"(max-width: 600px) 100vw, 600px\" \/>\t\t\t\t\t\t\t\t\t\t\t\t\t\t\t<\/div>\n\t\t\t\t<\/div>\n\t\t\t\t\t<\/div>\n\t\t<\/div>\n\t\t\t\t\t<\/div>\n\t\t<\/section>\n\t\t\t\t<section class=\"elementor-section elementor-top-section elementor-element elementor-element-b0c3854 elementor-section-boxed elementor-section-height-default elementor-section-height-default\" data-id=\"b0c3854\" data-element_type=\"section\">\n\t\t\t\t\t\t<div class=\"elementor-container elementor-column-gap-default\">\n\t\t\t\t\t<div class=\"elementor-column elementor-col-100 elementor-top-column elementor-element elementor-element-6b8657d\" data-id=\"6b8657d\" data-element_type=\"column\">\n\t\t\t<div class=\"elementor-widget-wrap elementor-element-populated\">\n\t\t\t\t\t\t<div class=\"elementor-element elementor-element-d188561 elementor-widget elementor-widget-text-editor\" data-id=\"d188561\" data-element_type=\"widget\" data-widget_type=\"text-editor.default\">\n\t\t\t\t<div class=\"elementor-widget-container\">\n\t\t\t\t\t\t\t\t\t<p><h3><b>Normal Bir Penis B\u00fcy\u00fckl\u00fc\u011f\u00fc Ne Kadard\u0131r?<\/b><\/h3>\n\u00d6z\u00fcnde \u201cnormal\u201d ya da \u201cideal\u201d penis boyu kesin de\u011ferlerle s\u0131n\u0131rlanacak bir olgu de\u011fildir. Erkekler i\u00e7in idrar yapmay\u0131 zorla\u015ft\u0131rmama, cinsel i\u015flevleri yerine getirme ve partnerin de tatminini sa\u011flama fonksiyonlar\u0131na sahip penis boyutlar\u0131 ideal penis boyu olarak ifade edilebilir.<br>\n\u201c\u0130deal penis boyu ne kadar olmal\u0131?\u201d sorusunun yan\u0131tlar\u0131 olduk\u00e7a merak ediliyor. \u0130deal penis boyundan bahsedilirken yaln\u0131zca penis uzunlu\u011funa odaklan\u0131lmas\u0131 da do\u011fru bir yakla\u015f\u0131m olmaktan uzak. Penis uzunlu\u011fu kadar penis \u00e7ap\u0131 da cinsel ili\u015fki s\u0131ras\u0131nda \u00e7iftlerin ald\u0131\u011f\u0131 hazz\u0131 do\u011frudan etkileyen bir kriter. <\/p>\t\t\t\t\t\t\t\t<\/div>\n\t\t\t\t<\/div>\n\t\t\t\t\t<\/div>\n\t\t<\/div>\n\t\t\t\t\t<\/div>\n\t\t<\/section>\n\t\t\t\t<section class=\"elementor-section elementor-top-section elementor-element elementor-element-2b2d512 elementor-section-boxed elementor-section-height-default elementor-section-height-default\" data-id=\"2b2d512\" data-element_type=\"section\">\n\t\t\t\t\t\t<div class=\"elementor-container elementor-column-gap-default\">\n\t\t\t\t\t<div class=\"elementor-column elementor-col-100 elementor-top-column elementor-element elementor-element-5e6faf4\" data-id=\"5e6faf4\" data-element_type=\"column\">\n\t\t\t<div class=\"elementor-widget-wrap elementor-element-populated\">\n\t\t\t\t\t\t<div class=\"elementor-element elementor-element-36079e8 elementor-widget elementor-widget-image\" data-id=\"36079e8\" data-element_type=\"widget\" data-widget_type=\"image.default\">\n\t\t\t\t<div class=\"elementor-widget-container\">\n\t\t\t\t\t\t\t\t\t\t\t\t\t\t\t<img decoding=\"async\" width=\"800\" height=\"578\" src=\"https:\/\/uygarmicoogullari.com.tr\/wp-content\/uploads\/2022\/08\/1801734-Average-Penis-Size-1024x740.png\" class=\"attachment-large size-large wp-image-2125\" alt=\"\" srcset=\"https:\/\/uygarmicoogullari.com.tr\/wp-content\/uploads\/2022\/08\/1801734-Average-Penis-Size-1024x740.png 1024w, https:\/\/uygarmicoogullari.com.tr\/wp-content\/uploads\/2022\/08\/1801734-Average-Penis-Size-300x217.png 300w, https:\/\/uygarmicoogullari.com.tr\/wp-content\/uploads\/2022\/08\/1801734-Average-Penis-Size-768x555.png 768w, https:\/\/uygarmicoogullari.com.tr\/wp-content\/uploads\/2022\/08\/1801734-Average-Penis-Size.png 1296w\" sizes=\"(max-width: 800px) 100vw, 800px\" \/>\t\t\t\t\t\t\t\t\t\t\t\t\t\t\t<\/div>\n\t\t\t\t<\/div>\n\t\t\t\t\t<\/div>\n\t\t<\/div>\n\t\t\t\t\t<\/div>\n\t\t<\/section>\n\t\t\t\t<section class=\"elementor-section elementor-top-section elementor-element elementor-element-9c7075f elementor-section-boxed elementor-section-height-default elementor-section-height-default\" data-id=\"9c7075f\" data-element_type=\"section\">\n\t\t\t\t\t\t<div class=\"elementor-container elementor-column-gap-default\">\n\t\t\t\t\t<div class=\"elementor-column elementor-col-100 elementor-top-column elementor-element elementor-element-85ecbdd\" data-id=\"85ecbdd\" data-element_type=\"column\">\n\t\t\t<div class=\"elementor-widget-wrap elementor-element-populated\">\n\t\t\t\t\t\t<div class=\"elementor-element elementor-element-84a6653 elementor-widget elementor-widget-text-editor\" data-id=\"84a6653\" data-element_type=\"widget\" data-widget_type=\"text-editor.default\">\n\t\t\t\t<div class=\"elementor-widget-container\">\n\t\t\t\t\t\t\t\t\t<p><\/p>\n<h3><b> Mikropenis nedir?<\/b><\/h3>\n<p>Mikropenis anormal derecede k\u00fc\u00e7\u00fck bir penisi ifade eder. Mikropenis nadirdir ve hormonal veya genetik sorunlar en s\u0131k nedendir.  Bir ki\u015finin penisi, ya\u015flar\u0131 ve cinsel geli\u015fim d\u00fczeyleri i\u00e7in ortalama gerilmi\u015f uzunlu\u011fun y\u00fczde 2,5 standart sapma alt\u0131nda oldu\u011funda mikropenisi olarak te\u015fhis eder. Ereksiyon halindeyken 9,3 cm ve daha k\u0131sa de\u011ferler mikropenis varl\u0131\u011f\u0131na i\u015faret eder. <\/p>\n<p>\u0130deal penis boyutlar\u0131na sahip olmayan ya da sahip oldu\u011fu penis standartlara oranla b\u00fcy\u00fck olsa dahi penis boyutlar\u0131ndan memnun olmad\u0131\u011f\u0131 i\u00e7in performans kayg\u0131s\u0131 ba\u015fta olmak \u00fczere psikolojik anlamda sorun ya\u015fayan erkekler penis b\u00fcy\u00fctme ameliyat\u0131 ile daha uzun ve daha kal\u0131n penislere sahip olabiliyor. B\u00f6ylece hem kendileri hem de partnerleri daha tatmin edici ve sa\u011fl\u0131kl\u0131 bir cinsel ya\u015fam ile bulu\u015fabiliyor. <\/p>\n<p><\/p>\n<h3><b>Penis B\u00fcy\u00fctme Ameliyat\u0131 Nedir?<\/b><\/h3>\n<p>Penisin uzunlu\u011funun ve kal\u0131nl\u0131\u011f\u0131n\u0131n art\u0131r\u0131ld\u0131\u011f\u0131 cerrahi, penis b\u00fcy\u00fctme ameliyat\u0131 olarak adland\u0131r\u0131l\u0131r. Penis b\u00fcy\u00fctme ameliyat\u0131 tan\u0131m\u0131ndan da anla\u015f\u0131ld\u0131\u011f\u0131 gibi bu operasyon kapsam\u0131nda penis uzatma, penis kal\u0131nla\u015ft\u0131rma ya da hem uzatma hem de kal\u0131nla\u015ft\u0131rma cerrahileri ger\u00e7ekle\u015ftirilebilir. Bu nedenle \u201cpenis b\u00fcy\u00fctme ameliyat\u0131 nas\u0131l yap\u0131l\u0131r?\u201d hakk\u0131ndaki soru i\u015faretlerini gidermek ad\u0131na bu iki ameliyat\u0131 ayr\u0131 ayr\u0131 ele almak istiyorum:<\/p>\n<p><\/p>\n<h4>\n<ul>\n<li><b>Penis Uzatma Ameliyat\u0131 Nas\u0131l Yap\u0131l\u0131r?<\/b><\/li>\n<\/ul>\n<\/h4>\n<p>Penis boyu nedeniyle cinsel ili\u015fkiye giremeyen,  cinsel ili\u015fki s\u0131ras\u0131nda hem kendisi hem de partneri tatmin olamayan ve penis boyu ile ilgili kayg\u0131 ya\u015fayan erkekler penis uzatma ameliyat\u0131 ile penis boylar\u0131nda kal\u0131c\u0131 bir art\u0131\u015f ya\u015fayabilirler.<br>Penis uzunlu\u011funu art\u0131rmak i\u00e7in uygulanabilecek herhangi bir ila\u00e7 tedavisi ya da ameliyats\u0131z bir uygulama bulunmamaktad\u0131r. Penis uzatmak i\u00e7in en s\u0131k kullan\u0131lan y\u00f6ntem penisi kar\u0131n duvar\u0131na ba\u011flayan as\u0131c\u0131 ba\u011f\u0131n yani suspansatuvar ligamentin %80 oran\u0131nda kesilerek penisin v\u00fccut i\u00e7erisinde kalan k\u0131sm\u0131n\u0131n serbest b\u0131rak\u0131lmas\u0131na dayanan cerrahi y\u00f6ntemdir.<br>Suspansatuvar  ligament adl\u0131 as\u0131c\u0131 ba\u011f, penisi kas\u0131k kemi\u011fine ba\u011flar. Penis ile kas\u0131k kemi\u011fi aras\u0131ndaki bu ba\u011f, penisin bir k\u0131sm\u0131n\u0131n v\u00fccut i\u00e7erisinde kalmas\u0131na yard\u0131mc\u0131 olur. Bu ba\u011f % 80 oran\u0131nda kesildi\u011finde penisin bir k\u0131sm\u0131n\u0131 v\u00fccut i\u00e7erisinde tutacak bir destek kalmad\u0131\u011f\u0131 i\u00e7in penis hem inik hem de ereksiyon halinde daha uzun hale getirilebilir.<br>Bu noktada \u00f6nemli bir hat\u0131rlatma yapmak istiyorum\u2026<br>Penis uzatma ameliyat\u0131 sonras\u0131nda elde edilen uzaman\u0131n ereksiyon halinde de belli olabilmesi i\u00e7in hastalar\u0131n penis k\u00f6k\u00fcnde yani k\u0131llanman\u0131n yo\u011fun oldu\u011fu b\u00f6lgede \u00e7ok fazla ya\u011f birikiminin olmamas\u0131 ve operasyon sonras\u0131 \u00f6nerilen egzersizlerin hastalar taraf\u0131ndan ihmal edilmeden yap\u0131lmas\u0131 gerekiyor.<br>Ki\u015fiden ki\u015fiye de\u011fi\u015fmekle birlikte penis uzatma cerrahisi sayesinde hastalar\u0131m\u0131z\u0131n penis boyunda 3-4 cm art\u0131\u015f elde edebiliyoruz. Bu art\u0131\u015f, ameliyat sonras\u0131 s\u00fcre\u00e7te \u00f6nerilen egzersizlerin aksat\u0131lmadan yap\u0131lmas\u0131 halinde kal\u0131c\u0131 nitelik ta\u015f\u0131yor. Yine de ya\u015f\u0131n ilerlemesine ba\u011fl\u0131 olarak penis anatomisinde ya\u015fanan de\u011fi\u015fimler nedeniyle bir miktar k\u0131salma ile kar\u015f\u0131la\u015f\u0131labilir. Bu durumun penis uzatma ameliyat\u0131 ile bir ilgisi bulunmamaktad\u0131r. <\/p>\n<p><h4><b>\u2022\tPenis Kal\u0131nla\u015ft\u0131rma Ameliyat\u0131 Nas\u0131l Yap\u0131l\u0131r?<\/b><\/h4>Penis b\u00fcy\u00fctme ameliyat\u0131 kapsam\u0131nda ger\u00e7ekle\u015ftirilen bir di\u011fer operasyon da penis kal\u0131nla\u015ft\u0131rma cerrahisidir. Penis kal\u0131nl\u0131\u011f\u0131 ile cinsel tatmin aras\u0131nda \u00f6nemli bir ba\u011flant\u0131 bulunur. Cinsel ili\u015fki s\u0131ras\u0131nda penisin vajinal duvarlara yapt\u0131\u011f\u0131 bask\u0131 hem erkek hem de kad\u0131n i\u00e7in cinsel ili\u015fkinin tatminle sonu\u00e7lanmas\u0131n\u0131 sa\u011flar. Bu nedenle penis uzunlu\u011fu kadar penis kal\u0131nl\u0131\u011f\u0131n\u0131n da \u00f6nemli bir de\u011fi\u015fken oldu\u011fu ger\u00e7e\u011fini g\u00f6z ard\u0131 etmem m\u00fcmk\u00fcn de\u011fildir.<br>Penis kal\u0131nla\u015ft\u0131rma ameliyat\u0131 s\u0131ras\u0131nda hastalar\u0131m\u0131z\u0131n kar\u0131n \u00f6n duvar\u0131 cilt alt\u0131ndan \u00f6zel enjekt\u00f6rler yard\u0131m\u0131 ile cilde kesi yapmadan ald\u0131\u011f\u0131m\u0131z ya\u011flar\u0131 \u00f6zel bir tak\u0131m filtreleme i\u015flemlerinden ge\u00e7iriyoruz. Elde etti\u011fimiz ya\u011f\u0131 ise penis kal\u0131nla\u015ft\u0131rma i\u00e7in haz\u0131rlad\u0131\u011f\u0131m\u0131z penisin cilt alt\u0131 b\u00f6lgesine enjekte ediyoruz.<br>Penise ya\u011f enjeksiyonu olarak da adland\u0131r\u0131labilen penis kal\u0131nla\u015ft\u0131rma ameliyat\u0131, penis uzatma ameliyat\u0131ndan farkl\u0131 olarak \u00f6m\u00fcr boyu kal\u0131c\u0131l\u0131k niteli\u011fi ta\u015f\u0131m\u0131yor. Penis cildi alt\u0131na enjekte edilen ya\u011f dokusunun %50\u2019si ortalama 1-3 y\u0131l i\u00e7erisinde v\u00fccut taraf\u0131ndan emildi\u011finden penis eski haline yak\u0131n bir g\u00f6r\u00fcnt\u00fcye geri d\u00f6nebiliyor.  Gen\u00e7 hastalarda bu s\u00fcrede art\u0131\u015f ya\u015fanmas\u0131 da m\u00fcmk\u00fcn. Ancak i\u015flem g\u00fcvenli ve cinsel olarak aktif olunan d\u00f6nemde iki enjeksiyon aras\u0131 6 ay olmak kayd\u0131yla tekrar edilebilir. \u00dcstelik dolgu ile ameliyats\u0131z penis kal\u0131nla\u015ft\u0131rma y\u00f6ntemlerine de sonras\u0131nda ba\u015fvurulabilir. <\/p>\t\t\t\t\t\t\t\t<\/div>\n\t\t\t\t<\/div>\n\t\t\t\t<div class=\"elementor-element elementor-element-3ab5c54 elementor-widget elementor-widget-image\" data-id=\"3ab5c54\" data-element_type=\"widget\" data-widget_type=\"image.default\">\n\t\t\t\t<div class=\"elementor-widget-container\">\n\t\t\t\t\t\t\t\t\t\t\t\t\t\t\t<img decoding=\"async\" width=\"600\" height=\"600\" src=\"https:\/\/uygarmicoogullari.com.tr\/wp-content\/uploads\/2022\/08\/penis-buyutmee.jpg\" class=\"attachment-large size-large wp-image-2126\" alt=\"\" srcset=\"https:\/\/uygarmicoogullari.com.tr\/wp-content\/uploads\/2022\/08\/penis-buyutmee.jpg 600w, https:\/\/uygarmicoogullari.com.tr\/wp-content\/uploads\/2022\/08\/penis-buyutmee-300x300.jpg 300w, https:\/\/uygarmicoogullari.com.tr\/wp-content\/uploads\/2022\/08\/penis-buyutmee-150x150.jpg 150w\" sizes=\"(max-width: 600px) 100vw, 600px\" \/>\t\t\t\t\t\t\t\t\t\t\t\t\t\t\t<\/div>\n\t\t\t\t<\/div>\n\t\t\t\t\t<\/div>\n\t\t<\/div>\n\t\t\t\t\t<\/div>\n\t\t<\/section>\n\t\t\t\t<section class=\"elementor-section elementor-top-section elementor-element elementor-element-06095e0 elementor-section-boxed elementor-section-height-default elementor-section-height-default\" data-id=\"06095e0\" data-element_type=\"section\">\n\t\t\t\t\t\t<div class=\"elementor-container elementor-column-gap-default\">\n\t\t\t\t\t<div class=\"elementor-column elementor-col-100 elementor-top-column elementor-element elementor-element-c5abee8\" data-id=\"c5abee8\" data-element_type=\"column\">\n\t\t\t<div class=\"elementor-widget-wrap elementor-element-populated\">\n\t\t\t\t\t\t<div class=\"elementor-element elementor-element-cf49e61 elementor-widget elementor-widget-text-editor\" data-id=\"cf49e61\" data-element_type=\"widget\" data-widget_type=\"text-editor.default\">\n\t\t\t\t<div class=\"elementor-widget-container\">\n\t\t\t\t\t\t\t\t\t<p><h3><b>Penis B\u00fcy\u00fctme Ameliyat\u0131nda ve Anestezi<\/b><\/h3>\n Penis b\u00fcy\u00fctme ameliyat\u0131 \u00f6ncesinde hastalar\u0131m\u0131z i\u00e7in en uygun anestezi y\u00f6ntemini beraberce kararla\u015ft\u0131r\u0131yoruz. Genel anestezi ile yap\u0131labilen bu operasyon i\u00e7in biz genellikle spinal anestezi tercih ediyoruz, operasyon s\u0131ras\u0131nda hasta sadece belden a\u015fa\u011f\u0131s\u0131n\u0131 ge\u00e7ici s\u00fcreyle hissetmiyor. Ameliyat esnas\u0131nda bizlerle sohbet edebilir, m\u00fczik dinleyebilir veya kendi iste\u011fiyle uyuyabilir.<\/p>\n<p><h3><b>Penis B\u00fcy\u00fctme Ameliyat\u0131 Ka\u00e7 Saat S\u00fcr\u00fcyor?<\/b><\/h3>\n Penis b\u00fcy\u00fctme ameliyat\u0131; penis uzatma ve penis kal\u0131nla\u015ft\u0131rma operasyonlar\u0131 e\u015f zamanl\u0131 ger\u00e7ekle\u015ftirildi\u011fi takdirde 1-2 saatte tamamlan\u0131yor. Olduk\u00e7a konforlu bir nitelik ta\u015f\u0131yan cerrahilerin ard\u0131ndan hasta bir g\u00fcn hastanede yatt\u0131ktan sonra ertesi g\u00fcn y\u00fcr\u00fcyerek taburcu olabiliyor.<\/p>\n<p><h3><b>Kimler Penis B\u00fcy\u00fctme Ameliyat\u0131 Olmal\u0131?<\/b><\/h3>\n Penis b\u00fcy\u00fctme ameliyat\u0131 salt penis esteti\u011fi kapsam\u0131nda de\u011ferlendirilemez. Baz\u0131 erkekler penis k\u0131sal\u0131\u011f\u0131 ve\/veya penis inceli\u011fi nedeniyle fizyolojik ya da psikolojik sorunlar ya\u015fayabiliyor. Cinsel ili\u015fkide hem kendileri hem de e\u015fleri tatmin olam\u0131yor. Bu durum aile ili\u015fkilerine zarar veriyor ve erkeklerde performans kayg\u0131s\u0131 ortaya \u00e7\u0131k\u0131yor. Performans kayg\u0131s\u0131 da erken bo\u015falma ve sertle\u015fme sorunu gibi cinsel i\u015flev bozukluklar\u0131n\u0131n olu\u015fmas\u0131na yol a\u00e7abiliyor.<br>\nDolay\u0131s\u0131yla penis b\u00fcy\u00fctme ameliyat\u0131 erkek hasta taraf\u0131ndan da partneri taraf\u0131ndan da talep edilebiliyor. Penis b\u00fcy\u00fctme ameliyat\u0131 genel olarak bir\u00e7ok erke\u011fe uygulanabilse de operasyon i\u00e7in temel baz\u0131 uygunluk kriterlerinden bahsedebilirim.<br>\nPenis b\u00fcy\u00fctme ameliyatlar\u0131;<br>\n&#8211; Penis b\u00fcy\u00fctme ameliyatlar\u0131 kapsam\u0131nda ger\u00e7ekle\u015ftirilen penis uzatma ve penis kal\u0131nla\u015ft\u0131rma ile ilgili ger\u00e7ek\u00e7i beklentileri olan,<br>\n&#8211; Cinsel ili\u015fki s\u0131ras\u0131nda penis boyutlar\u0131 nedeniyle yeterince tatmin olamayan,<br>\n&#8211; Penis boyundan memnun olmayan ve \u00f6z g\u00fcven sorunlar\u0131 ya\u015fayan erkekler i\u00e7in uygulanabilir.<\/p>\t\t\t\t\t\t\t\t<\/div>\n\t\t\t\t<\/div>\n\t\t\t\t\t<\/div>\n\t\t<\/div>\n\t\t\t\t\t<\/div>\n\t\t<\/section>\n\t\t\t\t<\/div>","protected":false},"excerpt":{"rendered":"<p>Penis B\u00fcy\u00fctme (Penis Kal\u0131nla\u015ft\u0131rma ve Uzatma) Penis B\u00fcy\u00fctme (Penis Kal\u0131nla\u015ft\u0131rma ve Uzatma) Genetik fakt\u00f6rler, yetersiz beslenme, \u0131rksal \u00f6zellikler ve hormonal sorunlar neticesinde penis boyu ve penis kal\u0131nl\u0131\u011f\u0131 ki\u015fiden ki\u015fiye de\u011fi\u015febilmektedir. Nitekim cinsel kimli\u011fin ke\u015ffedilmeye ba\u015flanmas\u0131 ile bir\u00e7ok erkek penis boyutunu sorgulamakta ve beklentilerine yan\u0131t alamad\u0131klar\u0131nda hem fiziksel hem de psikolojik sorunlar ya\u015fayabilmektedir. Cinsel ili\u015fki s\u0131ras\u0131nda [&hellip;]<\/p>","protected":false},"author":1,"featured_media":0,"parent":0,"menu_order":0,"comment_status":"closed","ping_status":"closed","template":"","meta":{"footnotes":""},"class_list":["post-2118","page","type-page","status-publish","hentry"],"aioseo_notices":[],"_links":{"self":[{"href":"https:\/\/uygarmicoogullari.com.tr\/en\/wp-json\/wp\/v2\/pages\/2118","targetHints":{"allow":["GET"]}}],"collection":[{"href":"https:\/\/uygarmicoogullari.com.tr\/en\/wp-json\/wp\/v2\/pages"}],"about":[{"href":"https:\/\/uygarmicoogullari.com.tr\/en\/wp-json\/wp\/v2\/types\/page"}],"author":[{"embeddable":true,"href":"https:\/\/uygarmicoogullari.com.tr\/en\/wp-json\/wp\/v2\/users\/1"}],"replies":[{"embeddable":true,"href":"https:\/\/uygarmicoogullari.com.tr\/en\/wp-json\/wp\/v2\/comments?post=2118"}],"version-history":[{"count":0,"href":"https:\/\/uygarmicoogullari.com.tr\/en\/wp-json\/wp\/v2\/pages\/2118\/revisions"}],"wp:attachment":[{"href":"https:\/\/uygarmicoogullari.com.tr\/en\/wp-json\/wp\/v2\/media?parent=2118"}],"curies":[{"name":"wp","href":"https:\/\/api.w.org\/{rel}","templated":true}]}}