{"id":484,"date":"2021-12-09T16:45:31","date_gmt":"2021-12-09T16:45:31","guid":{"rendered":"https:\/\/uygarmicoogullari.com.tr\/?page_id=484"},"modified":"2021-12-09T16:49:23","modified_gmt":"2021-12-09T16:49:23","slug":"adrenal-tumorler","status":"publish","type":"page","link":"https:\/\/uygarmicoogullari.com.tr\/en\/adrenal-tumorler\/","title":{"rendered":"Adrenal T\u00fcm\u00f6rler"},"content":{"rendered":"<div data-elementor-type=\"wp-page\" data-elementor-id=\"484\" class=\"elementor elementor-484\" data-elementor-post-type=\"page\">\n\t\t\t\t\t\t<section class=\"elementor-section elementor-top-section elementor-element elementor-element-5f54e8d elementor-section-height-min-height elementor-section-boxed elementor-section-height-default elementor-section-items-middle\" data-id=\"5f54e8d\" data-element_type=\"section\" data-settings=\"{&quot;background_background&quot;:&quot;classic&quot;}\">\n\t\t\t\t\t\t\t<div class=\"elementor-background-overlay\"><\/div>\n\t\t\t\t\t\t\t<div class=\"elementor-container elementor-column-gap-default\">\n\t\t\t\t\t<div class=\"elementor-column elementor-col-100 elementor-top-column elementor-element elementor-element-6cdda65\" data-id=\"6cdda65\" data-element_type=\"column\">\n\t\t\t<div class=\"elementor-widget-wrap elementor-element-populated\">\n\t\t\t\t\t\t<div class=\"elementor-element elementor-element-5ac64ad elementor-widget elementor-widget-heading\" data-id=\"5ac64ad\" data-element_type=\"widget\" data-widget_type=\"heading.default\">\n\t\t\t\t<div class=\"elementor-widget-container\">\n\t\t\t\t\t<h1 class=\"elementor-heading-title elementor-size-default\">Adrenal(B\u00f6brek) T\u00fcm\u00f6rleri<\/h1>\t\t\t\t<\/div>\n\t\t\t\t<\/div>\n\t\t\t\t\t<\/div>\n\t\t<\/div>\n\t\t\t\t\t<\/div>\n\t\t<\/section>\n\t\t\t\t<section class=\"elementor-section elementor-top-section elementor-element elementor-element-a600274 elementor-section-boxed elementor-section-height-default elementor-section-height-default\" data-id=\"a600274\" data-element_type=\"section\">\n\t\t\t\t\t\t<div class=\"elementor-container elementor-column-gap-default\">\n\t\t\t\t\t<div class=\"elementor-column elementor-col-100 elementor-top-column elementor-element elementor-element-22e131e\" data-id=\"22e131e\" data-element_type=\"column\">\n\t\t\t<div class=\"elementor-widget-wrap elementor-element-populated\">\n\t\t\t\t\t\t<div class=\"elementor-element elementor-element-67d1e1c elementor-widget elementor-widget-heading\" data-id=\"67d1e1c\" data-element_type=\"widget\" data-widget_type=\"heading.default\">\n\t\t\t\t<div class=\"elementor-widget-container\">\n\t\t\t\t\t<h1 class=\"elementor-heading-title elementor-size-default\"><b>Adrenal(B\u00f6brek \u00dcst\u00fc Bez) T\u00fcm\u00f6rleri<\/b><\/h1>\t\t\t\t<\/div>\n\t\t\t\t<\/div>\n\t\t\t\t<div class=\"elementor-element elementor-element-1f90c0b elementor-widget elementor-widget-image\" data-id=\"1f90c0b\" data-element_type=\"widget\" data-widget_type=\"image.default\">\n\t\t\t\t<div class=\"elementor-widget-container\">\n\t\t\t\t\t\t\t\t\t\t\t\t\t\t\t<img fetchpriority=\"high\" decoding=\"async\" width=\"589\" height=\"325\" src=\"https:\/\/uygarmicoogullari.com.tr\/wp-content\/uploads\/2021\/12\/image.jpg\" class=\"attachment-full size-full wp-image-500\" alt=\"\" srcset=\"https:\/\/uygarmicoogullari.com.tr\/wp-content\/uploads\/2021\/12\/image.jpg 589w, https:\/\/uygarmicoogullari.com.tr\/wp-content\/uploads\/2021\/12\/image-300x166.jpg 300w\" sizes=\"(max-width: 589px) 100vw, 589px\" \/>\t\t\t\t\t\t\t\t\t\t\t\t\t\t\t<\/div>\n\t\t\t\t<\/div>\n\t\t\t\t\t<\/div>\n\t\t<\/div>\n\t\t\t\t\t<\/div>\n\t\t<\/section>\n\t\t\t\t<section class=\"elementor-section elementor-top-section elementor-element elementor-element-a90eb15 elementor-section-boxed elementor-section-height-default elementor-section-height-default\" data-id=\"a90eb15\" data-element_type=\"section\">\n\t\t\t\t\t\t<div class=\"elementor-container elementor-column-gap-default\">\n\t\t\t\t\t<div class=\"elementor-column elementor-col-100 elementor-top-column elementor-element elementor-element-34330d8\" data-id=\"34330d8\" data-element_type=\"column\">\n\t\t\t<div class=\"elementor-widget-wrap elementor-element-populated\">\n\t\t\t\t\t\t<div class=\"elementor-element elementor-element-5f0c2ae elementor-widget elementor-widget-text-editor\" data-id=\"5f0c2ae\" data-element_type=\"widget\" data-widget_type=\"text-editor.default\">\n\t\t\t\t<div class=\"elementor-widget-container\">\n\t\t\t\t\t\t\t\t\t<p><strong>B\u00f6brek \u00fcst\u00fc bezleri (adrenal veya s\u00fcrrenal bez)<\/strong>\u00a0b\u00f6breklerin hemen \u00fczerinde yer alan hayati \u00f6nem ta\u015f\u0131yan baz\u0131 hormonlar\u0131n sal\u0131n\u0131m\u0131ndan sorumlu iki adet bez yap\u0131s\u0131nda organd\u0131r.<\/p><p>B\u00f6brek \u00fcst\u00fc bezinde rastlant\u0131 ile saptanan kitleler (<strong>adrenal t\u00fcm\u00f6rler<\/strong>) s\u0131k g\u00f6r\u00fclmekte ve \u00f6zellikle ya\u015flanma ile s\u0131kl\u0131klar\u0131 artmaktad\u0131r. Bu kitleler genellikle herhangi bir cerrahi tedavi gerektirmeyen, iyi huylu ve fazla hormon \u00fcretimine neden olmayan kitlelerdir.<\/p><p><strong>Belirtileri Nedir?<\/strong><\/p><p>E\u011fer hormon sal\u0131n\u0131m\u0131na yol a\u00e7an bir kitle ise sal\u0131nan hormona ba\u011fl\u0131 olarak y\u00fcksek tansiyon, \u00e7arp\u0131nt\u0131, terleme, kilo al\u0131m\u0131, k\u0131llanma art\u0131\u015f\u0131, y\u00fczde ve kar\u0131nda ya\u011flanma art\u0131\u015f\u0131, ba\u015f a\u011fr\u0131s\u0131, sinirlilik, sivilcelenme ve cinsel i\u015flev bozukluklar\u0131 gibi sorunlara yol a\u00e7ar.<\/p><p>Kitle \u00e7ok b\u00fcy\u00fcm\u00fc\u015fse bas\u0131 bulgular\u0131 (kab\u0131zl\u0131k, kar\u0131n a\u011fr\u0131s\u0131 vs) ve kar\u0131nda ele gelen kitle; uzak organ\u0131 metastaz\u0131 yapm\u0131\u015f ise buna ba\u011fl\u0131 \u015fikayetlere (\u00f6ks\u00fcr\u00fck, kemik a\u011fr\u0131s\u0131, sar\u0131l\u0131k, bilin\u00e7 bulan\u0131kl\u0131\u011f\u0131 vs) yol a\u00e7abilir.<\/p><p><strong>How is the diagnosis made?<\/strong><\/p><p>Rutin klinik yakla\u015f\u0131m,\u00a0<strong>radyolojik tetkikler<\/strong>\u00a0ile iyi huylu\/k\u00f6t\u00fc huylu ayr\u0131m\u0131n\u0131 yapabilmek ve\u00a0<strong>hormon testleri<\/strong>\u00a0ile kitle ili\u015fkili fazla homon salg\u0131s\u0131 olup olmad\u0131\u011f\u0131n\u0131 ortaya koymakt\u0131r.\u00a0<em>Adrenal t\u00fcm\u00f6rler<\/em>; bilgisayarl\u0131 Tomografi (BT) veya Manyetik Rezonans (MR) testleri ile %90\u2019\u0131n \u00fczerinde bir g\u00fc\u00e7le iyi huylu \/ k\u00f6t\u00fc huylu ayr\u0131m\u0131 yap\u0131labilmektedir.<\/p><p><strong>Ameliyat Ne Zaman \u00d6nerilir?<\/strong><\/p><p>Ku\u015fkulu kitlelerde, a\u015f\u0131r\u0131 hormon yap\u0131m\u0131 ile ili\u015fkili bulgular saptand\u0131\u011f\u0131nda, kitlenin boyutu 4 cm\u2019den b\u00fcy\u00fck veya y\u0131ll\u0131k izlemde 10 mm\u2019den fazla b\u00fcy\u00fcyor ise \u00f6nerilmektedir. T\u00fcm\u00f6r i\u015flevselse yani hormon \u00fcretiyorsa \u00f6ncelikle Endokrinoloji Uzman\u0131 ile koordineli olarak ila\u00e7 tedavisi verilmeli, her \u015fey kontrol alt\u0131na al\u0131nd\u0131ktan sonra ameliyat planlanmal\u0131d\u0131r.<\/p><p>Genellikle 4cm\u2019den k\u00fc\u00e7\u00fck, iyi huylu g\u00f6r\u00fcn\u00fcmde olan ve a\u015f\u0131r\u0131 hormon sal\u0131n\u0131m\u0131na neden olmayan kitleler (adrenal t\u00fcm\u00f6rler) cerrahi \u00f6nerilmeden takip edilir. 6 ay veya 1 y\u0131l ara ile yap\u0131lan takiplerde genellikle kitle boyutu ve \u015f\u00fcpheli hormon fazlal\u0131\u011f\u0131n\u0131n tetkik edilmesi yeterlidir.<\/p><p>Ameliyat karar\u0131 al\u0131nm\u0131\u015fsa operasyon\u00a0<strong>laparoskopik, robotik\u00a0<\/strong>veya\u00a0<strong>a\u00e7\u0131k<\/strong>\u00a0y\u00f6ntemlerle yap\u0131labilir.\u00a0Laparoskopik ve Robotik Cerrahi\u00a0deneyimli ellerde alt\u0131n standartt\u0131r ve bir\u00e7ok avantaj sa\u011flamaktad\u0131r. Kozmetik a\u00e7\u0131dan b\u00fcy\u00fck bir kesi izinden kurtarmakta, konforlu ve h\u0131zl\u0131 bir iyile\u015fme s\u00fcreci sa\u011flamaktad\u0131r.<\/p>\t\t\t\t\t\t\t\t<\/div>\n\t\t\t\t<\/div>\n\t\t\t\t<div class=\"elementor-element elementor-element-e9fc195 elementor-widget-divider--view-line elementor-widget elementor-widget-divider\" data-id=\"e9fc195\" data-element_type=\"widget\" data-widget_type=\"divider.default\">\n\t\t\t\t<div class=\"elementor-widget-container\">\n\t\t\t\t\t\t\t<div class=\"elementor-divider\">\n\t\t\t<span class=\"elementor-divider-separator\">\n\t\t\t\t\t\t<\/span>\n\t\t<\/div>\n\t\t\t\t\t\t<\/div>\n\t\t\t\t<\/div>\n\t\t\t\t<div class=\"elementor-element elementor-element-ce5b34f elementor-widget-divider--view-line elementor-widget elementor-widget-divider\" data-id=\"ce5b34f\" data-element_type=\"widget\" data-widget_type=\"divider.default\">\n\t\t\t\t<div class=\"elementor-widget-container\">\n\t\t\t\t\t\t\t<div class=\"elementor-divider\">\n\t\t\t<span class=\"elementor-divider-separator\">\n\t\t\t\t\t\t<\/span>\n\t\t<\/div>\n\t\t\t\t\t\t<\/div>\n\t\t\t\t<\/div>\n\t\t\t\t\t<\/div>\n\t\t<\/div>\n\t\t\t\t\t<\/div>\n\t\t<\/section>\n\t\t\t\t<\/div>","protected":false},"excerpt":{"rendered":"<p>Adrenal(B\u00f6brek) T\u00fcm\u00f6rleri Adrenal(B\u00f6brek \u00dcst\u00fc Bez) T\u00fcm\u00f6rleri B\u00f6brek \u00fcst\u00fc bezleri (adrenal veya s\u00fcrrenal bez)\u00a0b\u00f6breklerin hemen \u00fczerinde yer alan hayati \u00f6nem ta\u015f\u0131yan baz\u0131 hormonlar\u0131n sal\u0131n\u0131m\u0131ndan sorumlu iki adet bez yap\u0131s\u0131nda organd\u0131r. B\u00f6brek \u00fcst\u00fc bezinde rastlant\u0131 ile saptanan kitleler (adrenal t\u00fcm\u00f6rler) s\u0131k g\u00f6r\u00fclmekte ve \u00f6zellikle ya\u015flanma ile s\u0131kl\u0131klar\u0131 artmaktad\u0131r. Bu kitleler genellikle herhangi bir cerrahi tedavi gerektirmeyen, iyi [&hellip;]<\/p>","protected":false},"author":1,"featured_media":0,"parent":0,"menu_order":0,"comment_status":"closed","ping_status":"closed","template":"","meta":{"footnotes":""},"class_list":["post-484","page","type-page","status-publish","hentry"],"aioseo_notices":[],"_links":{"self":[{"href":"https:\/\/uygarmicoogullari.com.tr\/en\/wp-json\/wp\/v2\/pages\/484","targetHints":{"allow":["GET"]}}],"collection":[{"href":"https:\/\/uygarmicoogullari.com.tr\/en\/wp-json\/wp\/v2\/pages"}],"about":[{"href":"https:\/\/uygarmicoogullari.com.tr\/en\/wp-json\/wp\/v2\/types\/page"}],"author":[{"embeddable":true,"href":"https:\/\/uygarmicoogullari.com.tr\/en\/wp-json\/wp\/v2\/users\/1"}],"replies":[{"embeddable":true,"href":"https:\/\/uygarmicoogullari.com.tr\/en\/wp-json\/wp\/v2\/comments?post=484"}],"version-history":[{"count":0,"href":"https:\/\/uygarmicoogullari.com.tr\/en\/wp-json\/wp\/v2\/pages\/484\/revisions"}],"wp:attachment":[{"href":"https:\/\/uygarmicoogullari.com.tr\/en\/wp-json\/wp\/v2\/media?parent=484"}],"curies":[{"name":"wp","href":"https:\/\/api.w.org\/{rel}","templated":true}]}}